{"id":608,"date":"2025-07-23T01:40:05","date_gmt":"2025-07-23T01:40:05","guid":{"rendered":"https:\/\/snowhouse.ca\/produit\/sp-150e-research-grade-potentiostat-galvanostat-eis\/"},"modified":"2025-11-24T21:32:39","modified_gmt":"2025-11-24T21:32:39","slug":"sp-150e-research-grade-potentiostat-galvanostat-eis","status":"publish","type":"product","link":"https:\/\/snowhouse.ca\/fr\/produit\/potentiostats-galvanostats-fra\/essential-potentiostats\/sp-150e-research-grade-potentiostat-galvanostat-eis\/","title":{"rendered":"SP-150e PStat\/Gstat"},"content":{"rendered":"<h3><u><strong>SP-150e \u2013 De \u00b5A \u00e0 800 A\u00a0: La puissance pour en faire plus<\/strong><\/u><\/h3>\n<p>La station de travail \u00e9lectrochimique BioLogic SP-150e est con\u00e7ue pour \u00e9voluer au rythme de vos besoins de recherche. Ce potentiostat \u00e0 deux canaux, compatible EIS, est id\u00e9al pour une large gamme d&#039;applications d&#039;\u00e9lectrochimie g\u00e9n\u00e9rale, mais sa plage de courant de \u00b11 A le rend particuli\u00e8rement adapt\u00e9 aux applications \u00e9nerg\u00e9tiques, notamment les batteries, les supercondensateurs et les piles \u00e0 combustible.<a href=\"https:\/\/biologic.net\/products\/blurev-rde-rrde\/\">RRDE<\/a>\u00a0compatible), et la recherche sur l&#039;\u00e9lectrolyse.<\/p>\n<p>Si vous avez besoin de plus de puissance, cette station de travail \u00e9lectrochimique polyvalente \u00e9voluera au rythme de vos besoins de recherche. La SP-150e est la seule station de travail de cette gamme d&#039;amp\u00e8res \u00e0 offrir une capacit\u00e9 de courant \u00e9lev\u00e9 (800 A avec surpresseurs), trois\u00a0<a href=\"https:\/\/biologic.net\/documents\/eis-quality-indicators-thd-nsd-nsr-electrochemistry-battery-corrosion-application-note-64\/\">Indicateurs de qualit\u00e9 EIS<\/a>\u00a0(THD, NSD, NSR) pour la validation EIS et la compatibilit\u00e9 Ethernet pour un travail de groupe am\u00e9lior\u00e9.<\/p>\n<p>Les sp\u00e9cifications compl\u00e8tes et polyvalentes du SP-150e sont compl\u00e9t\u00e9es par le logiciel de contr\u00f4le et d&#039;analyse de r\u00e9f\u00e9rence de BioLogic.\u00a0<a href=\"https:\/\/biologic.net\/support-software\/ec-lab-software\/\">Laboratoire EC<\/a>Les techniques d&#039;analyse avanc\u00e9es peuvent \u00eatre g\u00e9r\u00e9es directement dans le logiciel (sans avoir besoin d&#039;exporter).\u00a0<a href=\"https:\/\/biologic.net\/topics\/zfit-tutorial\/\">Ajustement Z<\/a>\u00a0Le logiciel d&#039;ajustement EIS est \u00e9galement int\u00e9gr\u00e9 \u00e0 l&#039;interface. Contr\u00f4le, analyse, ajustement\u00a0: tout est centralis\u00e9, ce qui vous fait gagner du temps et facilite les mesures \u00e9lectrochimiques.<\/p>","protected":false},"excerpt":{"rendered":"<p>Jusqu&#039;\u00e0 2 canaux, \u00b11 A, EIS (opt.) ; extensible jusqu&#039;\u00e0 \u00b1800 A,<\/p>","protected":false},"featured_media":609,"template":"","meta":[],"product_brand":[550],"product_cat":[573,576],"product_tag":[],"document":[],"class_list":{"0":"post-608","1":"product","2":"type-product","3":"status-publish","4":"has-post-thumbnail","6":"product_brand-biologic","7":"product_cat-potentiostats-galvanostats-fra","8":"product_cat-essential-potentiostats","10":"first","11":"instock","12":"purchasable","13":"product-type-simple"},"yoast_head":"<!-- This site is optimized with the Yoast SEO plugin v26.8 - https:\/\/yoast.com\/product\/yoast-seo-wordpress\/ -->\n<title>SP-150e PStat\/Gstat - SnowHouse<\/title>\n<meta name=\"robots\" content=\"index, follow, max-snippet:-1, max-image-preview:large, max-video-preview:-1\" \/>\n<link rel=\"canonical\" href=\"https:\/\/snowhouse.ca\/fr\/product\/potentiostats-galvanostats-fra\/essential-potentiostats\/sp-150e-research-grade-potentiostat-galvanostat-eis\/\" \/>\n<meta property=\"og:locale\" content=\"fr_CA\" \/>\n<meta property=\"og:type\" content=\"article\" \/>\n<meta property=\"og:title\" content=\"SP-150e PStat\/Gstat - SnowHouse\" \/>\n<meta property=\"og:description\" content=\"Up to 2 Channels, \u00b11A, EIS (opt.); upgradable up to \u00b1800A,\" \/>\n<meta property=\"og:url\" content=\"https:\/\/snowhouse.ca\/fr\/product\/potentiostats-galvanostats-fra\/essential-potentiostats\/sp-150e-research-grade-potentiostat-galvanostat-eis\/\" \/>\n<meta property=\"og:site_name\" content=\"SnowHouse\" \/>\n<meta property=\"article:modified_time\" content=\"2025-11-24T21:32:39+00:00\" \/>\n<meta property=\"og:image\" content=\"https:\/\/snowhouse.ca\/wp-content\/uploads\/2025\/07\/87823.png\" \/>\n\t<meta property=\"og:image:width\" content=\"345\" \/>\n\t<meta property=\"og:image:height\" content=\"311\" \/>\n\t<meta property=\"og:image:type\" content=\"image\/jpeg\" \/>\n<meta name=\"twitter:card\" content=\"summary_large_image\" \/>\n<meta name=\"twitter:label1\" content=\"Estimation du temps de lecture\" \/>\n\t<meta name=\"twitter:data1\" content=\"1 minute\" \/>\n<script type=\"application\/ld+json\" class=\"yoast-schema-graph\">{\"@context\":\"https:\/\/schema.org\",\"@graph\":[{\"@type\":\"WebPage\",\"@id\":\"https:\/\/snowhouse.ca\/product\/potentiostats-galvanostats-fra\/essential-potentiostats\/sp-150e-research-grade-potentiostat-galvanostat-eis\/\",\"url\":\"https:\/\/snowhouse.ca\/product\/potentiostats-galvanostats-fra\/essential-potentiostats\/sp-150e-research-grade-potentiostat-galvanostat-eis\/\",\"name\":\"SP-150e PStat\/Gstat - SnowHouse\",\"isPartOf\":{\"@id\":\"https:\/\/snowhouse.ca\/#website\"},\"primaryImageOfPage\":{\"@id\":\"https:\/\/snowhouse.ca\/product\/potentiostats-galvanostats-fra\/essential-potentiostats\/sp-150e-research-grade-potentiostat-galvanostat-eis\/#primaryimage\"},\"image\":{\"@id\":\"https:\/\/snowhouse.ca\/product\/potentiostats-galvanostats-fra\/essential-potentiostats\/sp-150e-research-grade-potentiostat-galvanostat-eis\/#primaryimage\"},\"thumbnailUrl\":\"https:\/\/snowhouse.ca\/wp-content\/uploads\/2025\/07\/87823.png?wsr\",\"datePublished\":\"2025-07-23T01:40:05+00:00\",\"dateModified\":\"2025-11-24T21:32:39+00:00\",\"breadcrumb\":{\"@id\":\"https:\/\/snowhouse.ca\/product\/potentiostats-galvanostats-fra\/essential-potentiostats\/sp-150e-research-grade-potentiostat-galvanostat-eis\/#breadcrumb\"},\"inLanguage\":\"fr-CA\",\"potentialAction\":[{\"@type\":\"ReadAction\",\"target\":[\"https:\/\/snowhouse.ca\/product\/potentiostats-galvanostats-fra\/essential-potentiostats\/sp-150e-research-grade-potentiostat-galvanostat-eis\/\"]}]},{\"@type\":\"ImageObject\",\"inLanguage\":\"fr-CA\",\"@id\":\"https:\/\/snowhouse.ca\/product\/potentiostats-galvanostats-fra\/essential-potentiostats\/sp-150e-research-grade-potentiostat-galvanostat-eis\/#primaryimage\",\"url\":\"https:\/\/snowhouse.ca\/wp-content\/uploads\/2025\/07\/87823.png?wsr\",\"contentUrl\":\"https:\/\/snowhouse.ca\/wp-content\/uploads\/2025\/07\/87823.png?wsr\",\"width\":345,\"height\":311},{\"@type\":\"BreadcrumbList\",\"@id\":\"https:\/\/snowhouse.ca\/product\/potentiostats-galvanostats-fra\/essential-potentiostats\/sp-150e-research-grade-potentiostat-galvanostat-eis\/#breadcrumb\",\"itemListElement\":[{\"@type\":\"ListItem\",\"position\":1,\"name\":\"Home\",\"item\":\"https:\/\/snowhouse.ca\/\"},{\"@type\":\"ListItem\",\"position\":2,\"name\":\"Products\",\"item\":\"https:\/\/snowhouse.ca\/products\/\"},{\"@type\":\"ListItem\",\"position\":3,\"name\":\"SP-150e PStat\/Gstat\"}]},{\"@type\":\"WebSite\",\"@id\":\"https:\/\/snowhouse.ca\/#website\",\"url\":\"https:\/\/snowhouse.ca\/\",\"name\":\"SnowHouse\",\"description\":\"Trusted Scientific Instruments\",\"publisher\":{\"@id\":\"https:\/\/snowhouse.ca\/#organization\"},\"potentialAction\":[{\"@type\":\"SearchAction\",\"target\":{\"@type\":\"EntryPoint\",\"urlTemplate\":\"https:\/\/snowhouse.ca\/?s={search_term_string}\"},\"query-input\":{\"@type\":\"PropertyValueSpecification\",\"valueRequired\":true,\"valueName\":\"search_term_string\"}}],\"inLanguage\":\"fr-CA\"},{\"@type\":\"Organization\",\"@id\":\"https:\/\/snowhouse.ca\/#organization\",\"name\":\"Snowhouse inc.\",\"alternateName\":\"Snowhouse\",\"url\":\"https:\/\/snowhouse.ca\/\",\"logo\":{\"@type\":\"ImageObject\",\"inLanguage\":\"fr-CA\",\"@id\":\"https:\/\/snowhouse.ca\/#\/schema\/logo\/image\/\",\"url\":\"https:\/\/snowhouse.ca\/wp-content\/uploads\/2025\/07\/SnowHouse-Logo.png\",\"contentUrl\":\"https:\/\/snowhouse.ca\/wp-content\/uploads\/2025\/07\/SnowHouse-Logo.png\",\"width\":508,\"height\":136,\"caption\":\"Snowhouse inc.\"},\"image\":{\"@id\":\"https:\/\/snowhouse.ca\/#\/schema\/logo\/image\/\"}}]}<\/script>\n<!-- \/ Yoast SEO plugin. -->","yoast_head_json":{"title":"SP-150e PStat\/Gstat - SnowHouse","robots":{"index":"index","follow":"follow","max-snippet":"max-snippet:-1","max-image-preview":"max-image-preview:large","max-video-preview":"max-video-preview:-1"},"canonical":"https:\/\/snowhouse.ca\/fr\/product\/potentiostats-galvanostats-fra\/essential-potentiostats\/sp-150e-research-grade-potentiostat-galvanostat-eis\/","og_locale":"fr_CA","og_type":"article","og_title":"SP-150e PStat\/Gstat - SnowHouse","og_description":"Up to 2 Channels, \u00b11A, EIS (opt.); upgradable up to \u00b1800A,","og_url":"https:\/\/snowhouse.ca\/fr\/product\/potentiostats-galvanostats-fra\/essential-potentiostats\/sp-150e-research-grade-potentiostat-galvanostat-eis\/","og_site_name":"SnowHouse","article_modified_time":"2025-11-24T21:32:39+00:00","og_image":[{"width":345,"height":311,"url":"https:\/\/snowhouse.ca\/wp-content\/uploads\/2025\/07\/87823.png","type":"image\/jpeg"}],"twitter_card":"summary_large_image","twitter_misc":{"Estimation du temps de lecture":"1 minute"},"schema":{"@context":"https:\/\/schema.org","@graph":[{"@type":"WebPage","@id":"https:\/\/snowhouse.ca\/product\/potentiostats-galvanostats-fra\/essential-potentiostats\/sp-150e-research-grade-potentiostat-galvanostat-eis\/","url":"https:\/\/snowhouse.ca\/product\/potentiostats-galvanostats-fra\/essential-potentiostats\/sp-150e-research-grade-potentiostat-galvanostat-eis\/","name":"SP-150e PStat\/Gstat - SnowHouse","isPartOf":{"@id":"https:\/\/snowhouse.ca\/#website"},"primaryImageOfPage":{"@id":"https:\/\/snowhouse.ca\/product\/potentiostats-galvanostats-fra\/essential-potentiostats\/sp-150e-research-grade-potentiostat-galvanostat-eis\/#primaryimage"},"image":{"@id":"https:\/\/snowhouse.ca\/product\/potentiostats-galvanostats-fra\/essential-potentiostats\/sp-150e-research-grade-potentiostat-galvanostat-eis\/#primaryimage"},"thumbnailUrl":"https:\/\/snowhouse.ca\/wp-content\/uploads\/2025\/07\/87823.png?wsr","datePublished":"2025-07-23T01:40:05+00:00","dateModified":"2025-11-24T21:32:39+00:00","breadcrumb":{"@id":"https:\/\/snowhouse.ca\/product\/potentiostats-galvanostats-fra\/essential-potentiostats\/sp-150e-research-grade-potentiostat-galvanostat-eis\/#breadcrumb"},"inLanguage":"fr-CA","potentialAction":[{"@type":"ReadAction","target":["https:\/\/snowhouse.ca\/product\/potentiostats-galvanostats-fra\/essential-potentiostats\/sp-150e-research-grade-potentiostat-galvanostat-eis\/"]}]},{"@type":"ImageObject","inLanguage":"fr-CA","@id":"https:\/\/snowhouse.ca\/product\/potentiostats-galvanostats-fra\/essential-potentiostats\/sp-150e-research-grade-potentiostat-galvanostat-eis\/#primaryimage","url":"https:\/\/snowhouse.ca\/wp-content\/uploads\/2025\/07\/87823.png?wsr","contentUrl":"https:\/\/snowhouse.ca\/wp-content\/uploads\/2025\/07\/87823.png?wsr","width":345,"height":311},{"@type":"BreadcrumbList","@id":"https:\/\/snowhouse.ca\/product\/potentiostats-galvanostats-fra\/essential-potentiostats\/sp-150e-research-grade-potentiostat-galvanostat-eis\/#breadcrumb","itemListElement":[{"@type":"ListItem","position":1,"name":"Home","item":"https:\/\/snowhouse.ca\/"},{"@type":"ListItem","position":2,"name":"Products","item":"https:\/\/snowhouse.ca\/products\/"},{"@type":"ListItem","position":3,"name":"SP-150e PStat\/Gstat"}]},{"@type":"WebSite","@id":"https:\/\/snowhouse.ca\/#website","url":"https:\/\/snowhouse.ca\/","name":"Maison de neige","description":"Instruments scientifiques de confiance","publisher":{"@id":"https:\/\/snowhouse.ca\/#organization"},"potentialAction":[{"@type":"SearchAction","target":{"@type":"EntryPoint","urlTemplate":"https:\/\/snowhouse.ca\/?s={search_term_string}"},"query-input":{"@type":"PropertyValueSpecification","valueRequired":true,"valueName":"search_term_string"}}],"inLanguage":"fr-CA"},{"@type":"Organization","@id":"https:\/\/snowhouse.ca\/#organization","name":"Snowhouse inc.","alternateName":"Snowhouse","url":"https:\/\/snowhouse.ca\/","logo":{"@type":"ImageObject","inLanguage":"fr-CA","@id":"https:\/\/snowhouse.ca\/#\/schema\/logo\/image\/","url":"https:\/\/snowhouse.ca\/wp-content\/uploads\/2025\/07\/SnowHouse-Logo.png","contentUrl":"https:\/\/snowhouse.ca\/wp-content\/uploads\/2025\/07\/SnowHouse-Logo.png","width":508,"height":136,"caption":"Snowhouse inc."},"image":{"@id":"https:\/\/snowhouse.ca\/#\/schema\/logo\/image\/"}}]}},"_links":{"self":[{"href":"https:\/\/snowhouse.ca\/fr\/wp-json\/wp\/v2\/product\/608","targetHints":{"allow":["GET"]}}],"collection":[{"href":"https:\/\/snowhouse.ca\/fr\/wp-json\/wp\/v2\/product"}],"about":[{"href":"https:\/\/snowhouse.ca\/fr\/wp-json\/wp\/v2\/types\/product"}],"wp:featuredmedia":[{"embeddable":true,"href":"https:\/\/snowhouse.ca\/fr\/wp-json\/wp\/v2\/media\/609"}],"wp:attachment":[{"href":"https:\/\/snowhouse.ca\/fr\/wp-json\/wp\/v2\/media?parent=608"}],"wp:term":[{"taxonomy":"product_brand","embeddable":true,"href":"https:\/\/snowhouse.ca\/fr\/wp-json\/wp\/v2\/product_brand?post=608"},{"taxonomy":"product_cat","embeddable":true,"href":"https:\/\/snowhouse.ca\/fr\/wp-json\/wp\/v2\/product_cat?post=608"},{"taxonomy":"product_tag","embeddable":true,"href":"https:\/\/snowhouse.ca\/fr\/wp-json\/wp\/v2\/product_tag?post=608"},{"taxonomy":"document","embeddable":true,"href":"https:\/\/snowhouse.ca\/fr\/wp-json\/wp\/v2\/document?post=608"}],"curies":[{"name":"wp","href":"https:\/\/api.w.org\/{rel}","templated":true}]}}