{"id":610,"date":"2025-07-23T01:40:05","date_gmt":"2025-07-23T01:40:05","guid":{"rendered":"https:\/\/snowhouse.ca\/produit\/edp-9000-double-mast-electrodeposition-equipment\/"},"modified":"2026-02-03T15:03:30","modified_gmt":"2026-02-03T15:03:30","slug":"edp-9000-double-mast-electrodeposition-equipment","status":"publish","type":"product","link":"https:\/\/snowhouse.ca\/fr\/produit\/environmental-monitoring\/electrodeposition-systems\/edp-9000-double-mast-electrodeposition-equipment\/","title":{"rendered":"EDP 9000"},"content":{"rendered":"<h3><u><strong>EDP 9000 \u2013 \u00c9QUIPEMENT D&#039;\u00c9LECTROD\u00c9POSITION \u00c0 DOUBLE M\u00c2T<\/strong><\/u><\/h3>\n<p>Cet \u00e9quipement poss\u00e8de les m\u00eames caract\u00e9ristiques techniques que le dispositif d&#039;\u00e9lectrod\u00e9position EDP 7000. La principale caract\u00e9ristique de l&#039;EDP 9000 est de proposer deux postes de mesure sur un seul appareil. Il a \u00e9t\u00e9 con\u00e7u pour pallier le manque d&#039;espace, un probl\u00e8me fr\u00e9quent dans la plupart des laboratoires. Son prix est un autre avantage, puisqu&#039;un EDP 9000 co\u00fbte moins cher que deux EDP 7000. Enfin, l&#039;utilisation de l&#039;EDP 9000 permet un gain de temps consid\u00e9rable lors de la r\u00e9alisation de nombreuses analyses.<\/p>\n<h4>Principaux avantages<\/h4>\n<ul>\n<li><strong>CONCEPTION GAIN DE PLACE ET \u00c9CONOMIQUE\u00a0:<\/strong>\u00a0Deux stations de mesure sur un seul socle, id\u00e9ales pour les laboratoires \u00e0 espace r\u00e9duit. L&#039;EDP 9002 est plus abordable que deux appareils EDP 7000.<\/li>\n<li><strong>GAIN DE TEMPS :<\/strong>\u00a0Gain de temps consid\u00e9rable lors de la r\u00e9alisation d&#039;analyses multiples.<\/li>\n<li><strong>MAT\u00c9RIAUX SYNTH\u00c9TIQUES :<\/strong>\u00a0L&#039;EDP est fabriqu\u00e9 exclusivement \u00e0 partir de mat\u00e9riaux synth\u00e9tiques qui r\u00e9sistent parfaitement aux environnements parfois tr\u00e8s corrosifs des laboratoires de recherche, assurant ainsi une tr\u00e8s longue dur\u00e9e de vie \u00e0 l&#039;appareil.<\/li>\n<li><strong>HAUTE PR\u00c9CISION :<\/strong>\u00a0Assure une efficacit\u00e9 de pi\u00e9geage optimale gr\u00e2ce \u00e0 un courant continu r\u00e9gul\u00e9 et constant. L&#039;EDP est \u00e9quip\u00e9 d&#039;un inverseur de polarit\u00e9 pour le d\u00e9capage \u00e9lectrochimique de la pastille en acier inoxydable destin\u00e9e \u00e0 recevoir le d\u00e9p\u00f4t, garantissant ainsi une puret\u00e9 parfaite du support.<\/li>\n<li><strong>CIRCUIT DE REFROIDISSEMENT:<\/strong>\u00a0Dot\u00e9 d&#039;un syst\u00e8me de convection d&#039;air \u00e0 haut d\u00e9bit, emp\u00eachant l&#039;\u00e9vaporation de la solution gr\u00e2ce \u00e0 un syst\u00e8me de refroidissement de la solution par convection d&#039;air \u00e0 haut d\u00e9bit.<\/li>\n<li><strong>PARAM\u00c8TRES POLYVALENTS :<\/strong>\u00a0R\u00e9glez l&#039;intensit\u00e9 du courant jusqu&#039;\u00e0 5 amp\u00e8res et la vitesse de rotation de l&#039;\u00e9lectrode gr\u00e2ce \u00e0 des potentiom\u00e8tres de pr\u00e9cision et trois tailles pour les r\u00e9cipients de solution.<\/li>\n<li><strong>MINUTERIE NUM\u00c9RIQUE :<\/strong>\u00a0R\u00e9glez la dur\u00e9e exacte de l&#039;\u00e9lectrod\u00e9position gr\u00e2ce \u00e0 une minuterie \u00e0 affichage num\u00e9rique et une alarme sonore.<\/li>\n<li><strong>FACILE \u00c0 UTILISER :<\/strong>\u00a0Montage\/d\u00e9montage rapide des bouteilles et r\u00e9cipient interne pour les d\u00e9versements accidentels. Entretien facile de l&#039;appareil. Montage\/d\u00e9montage quasi instantan\u00e9 des bouteilles.<\/li>\n<\/ul>","protected":false},"excerpt":{"rendered":"<p><u>Electrodeposition equipment &#8211; Dual positions station<\/u><\/p>","protected":false},"featured_media":611,"template":"","meta":[],"product_brand":[558],"product_cat":[97,201],"product_tag":[],"document":[],"class_list":{"0":"post-610","1":"product","2":"type-product","3":"status-publish","4":"has-post-thumbnail","6":"product_brand-sdec-france","7":"product_cat-environmental-monitoring","8":"product_cat-electrodeposition-systems","10":"first","11":"instock","12":"purchasable","13":"product-type-simple"},"yoast_head":"<!-- This site is optimized with the Yoast SEO plugin v26.8 - https:\/\/yoast.com\/product\/yoast-seo-wordpress\/ -->\n<title>EDP 9000 - SnowHouse<\/title>\n<meta name=\"robots\" content=\"index, follow, max-snippet:-1, max-image-preview:large, max-video-preview:-1\" \/>\n<link rel=\"canonical\" href=\"https:\/\/snowhouse.ca\/fr\/product\/environmental-monitoring\/electrodeposition-systems\/edp-9000-double-mast-electrodeposition-equipment\/\" \/>\n<meta property=\"og:locale\" content=\"fr_CA\" \/>\n<meta property=\"og:type\" content=\"article\" \/>\n<meta property=\"og:title\" content=\"EDP 9000 - SnowHouse\" \/>\n<meta property=\"og:description\" content=\"Electrodeposition equipment - Dual positions station\" \/>\n<meta property=\"og:url\" content=\"https:\/\/snowhouse.ca\/fr\/product\/environmental-monitoring\/electrodeposition-systems\/edp-9000-double-mast-electrodeposition-equipment\/\" \/>\n<meta property=\"og:site_name\" content=\"SnowHouse\" \/>\n<meta property=\"article:modified_time\" content=\"2026-02-03T15:03:30+00:00\" \/>\n<meta property=\"og:image\" content=\"https:\/\/snowhouse.ca\/wp-content\/uploads\/2025\/07\/31792.png?wsr\" \/>\n\t<meta property=\"og:image:width\" content=\"400\" \/>\n\t<meta property=\"og:image:height\" content=\"250\" \/>\n\t<meta property=\"og:image:type\" content=\"image\/png\" \/>\n<meta name=\"twitter:card\" content=\"summary_large_image\" \/>\n<meta name=\"twitter:label1\" content=\"Estimation du temps de lecture\" \/>\n\t<meta name=\"twitter:data1\" content=\"2 minutes\" \/>\n<script type=\"application\/ld+json\" class=\"yoast-schema-graph\">{\"@context\":\"https:\/\/schema.org\",\"@graph\":[{\"@type\":\"WebPage\",\"@id\":\"https:\/\/snowhouse.ca\/product\/environmental-monitoring\/electrodeposition-systems\/edp-9000-double-mast-electrodeposition-equipment\/\",\"url\":\"https:\/\/snowhouse.ca\/product\/environmental-monitoring\/electrodeposition-systems\/edp-9000-double-mast-electrodeposition-equipment\/\",\"name\":\"EDP 9000 - SnowHouse\",\"isPartOf\":{\"@id\":\"https:\/\/snowhouse.ca\/#website\"},\"primaryImageOfPage\":{\"@id\":\"https:\/\/snowhouse.ca\/product\/environmental-monitoring\/electrodeposition-systems\/edp-9000-double-mast-electrodeposition-equipment\/#primaryimage\"},\"image\":{\"@id\":\"https:\/\/snowhouse.ca\/product\/environmental-monitoring\/electrodeposition-systems\/edp-9000-double-mast-electrodeposition-equipment\/#primaryimage\"},\"thumbnailUrl\":\"https:\/\/snowhouse.ca\/wp-content\/uploads\/2025\/07\/31792.png?wsr\",\"datePublished\":\"2025-07-23T01:40:05+00:00\",\"dateModified\":\"2026-02-03T15:03:30+00:00\",\"breadcrumb\":{\"@id\":\"https:\/\/snowhouse.ca\/product\/environmental-monitoring\/electrodeposition-systems\/edp-9000-double-mast-electrodeposition-equipment\/#breadcrumb\"},\"inLanguage\":\"fr-CA\",\"potentialAction\":[{\"@type\":\"ReadAction\",\"target\":[\"https:\/\/snowhouse.ca\/product\/environmental-monitoring\/electrodeposition-systems\/edp-9000-double-mast-electrodeposition-equipment\/\"]}]},{\"@type\":\"ImageObject\",\"inLanguage\":\"fr-CA\",\"@id\":\"https:\/\/snowhouse.ca\/product\/environmental-monitoring\/electrodeposition-systems\/edp-9000-double-mast-electrodeposition-equipment\/#primaryimage\",\"url\":\"https:\/\/snowhouse.ca\/wp-content\/uploads\/2025\/07\/31792.png?wsr\",\"contentUrl\":\"https:\/\/snowhouse.ca\/wp-content\/uploads\/2025\/07\/31792.png?wsr\",\"width\":400,\"height\":250},{\"@type\":\"BreadcrumbList\",\"@id\":\"https:\/\/snowhouse.ca\/product\/environmental-monitoring\/electrodeposition-systems\/edp-9000-double-mast-electrodeposition-equipment\/#breadcrumb\",\"itemListElement\":[{\"@type\":\"ListItem\",\"position\":1,\"name\":\"Home\",\"item\":\"https:\/\/snowhouse.ca\/\"},{\"@type\":\"ListItem\",\"position\":2,\"name\":\"Products\",\"item\":\"https:\/\/snowhouse.ca\/products\/\"},{\"@type\":\"ListItem\",\"position\":3,\"name\":\"EDP 9000\"}]},{\"@type\":\"WebSite\",\"@id\":\"https:\/\/snowhouse.ca\/#website\",\"url\":\"https:\/\/snowhouse.ca\/\",\"name\":\"SnowHouse\",\"description\":\"Trusted Scientific Instruments\",\"publisher\":{\"@id\":\"https:\/\/snowhouse.ca\/#organization\"},\"potentialAction\":[{\"@type\":\"SearchAction\",\"target\":{\"@type\":\"EntryPoint\",\"urlTemplate\":\"https:\/\/snowhouse.ca\/?s={search_term_string}\"},\"query-input\":{\"@type\":\"PropertyValueSpecification\",\"valueRequired\":true,\"valueName\":\"search_term_string\"}}],\"inLanguage\":\"fr-CA\"},{\"@type\":\"Organization\",\"@id\":\"https:\/\/snowhouse.ca\/#organization\",\"name\":\"Snowhouse inc.\",\"alternateName\":\"Snowhouse\",\"url\":\"https:\/\/snowhouse.ca\/\",\"logo\":{\"@type\":\"ImageObject\",\"inLanguage\":\"fr-CA\",\"@id\":\"https:\/\/snowhouse.ca\/#\/schema\/logo\/image\/\",\"url\":\"https:\/\/snowhouse.ca\/wp-content\/uploads\/2025\/07\/SnowHouse-Logo.png\",\"contentUrl\":\"https:\/\/snowhouse.ca\/wp-content\/uploads\/2025\/07\/SnowHouse-Logo.png\",\"width\":508,\"height\":136,\"caption\":\"Snowhouse inc.\"},\"image\":{\"@id\":\"https:\/\/snowhouse.ca\/#\/schema\/logo\/image\/\"}}]}<\/script>\n<!-- \/ Yoast SEO plugin. -->","yoast_head_json":{"title":"EDP 9000 - SnowHouse","robots":{"index":"index","follow":"follow","max-snippet":"max-snippet:-1","max-image-preview":"max-image-preview:large","max-video-preview":"max-video-preview:-1"},"canonical":"https:\/\/snowhouse.ca\/fr\/product\/environmental-monitoring\/electrodeposition-systems\/edp-9000-double-mast-electrodeposition-equipment\/","og_locale":"fr_CA","og_type":"article","og_title":"EDP 9000 - SnowHouse","og_description":"Electrodeposition equipment - Dual positions station","og_url":"https:\/\/snowhouse.ca\/fr\/product\/environmental-monitoring\/electrodeposition-systems\/edp-9000-double-mast-electrodeposition-equipment\/","og_site_name":"SnowHouse","article_modified_time":"2026-02-03T15:03:30+00:00","og_image":[{"width":400,"height":250,"url":"https:\/\/snowhouse.ca\/wp-content\/uploads\/2025\/07\/31792.png?wsr","type":"image\/png"}],"twitter_card":"summary_large_image","twitter_misc":{"Estimation du temps de lecture":"2 minutes"},"schema":{"@context":"https:\/\/schema.org","@graph":[{"@type":"WebPage","@id":"https:\/\/snowhouse.ca\/product\/environmental-monitoring\/electrodeposition-systems\/edp-9000-double-mast-electrodeposition-equipment\/","url":"https:\/\/snowhouse.ca\/product\/environmental-monitoring\/electrodeposition-systems\/edp-9000-double-mast-electrodeposition-equipment\/","name":"EDP 9000 - SnowHouse","isPartOf":{"@id":"https:\/\/snowhouse.ca\/#website"},"primaryImageOfPage":{"@id":"https:\/\/snowhouse.ca\/product\/environmental-monitoring\/electrodeposition-systems\/edp-9000-double-mast-electrodeposition-equipment\/#primaryimage"},"image":{"@id":"https:\/\/snowhouse.ca\/product\/environmental-monitoring\/electrodeposition-systems\/edp-9000-double-mast-electrodeposition-equipment\/#primaryimage"},"thumbnailUrl":"https:\/\/snowhouse.ca\/wp-content\/uploads\/2025\/07\/31792.png?wsr","datePublished":"2025-07-23T01:40:05+00:00","dateModified":"2026-02-03T15:03:30+00:00","breadcrumb":{"@id":"https:\/\/snowhouse.ca\/product\/environmental-monitoring\/electrodeposition-systems\/edp-9000-double-mast-electrodeposition-equipment\/#breadcrumb"},"inLanguage":"fr-CA","potentialAction":[{"@type":"ReadAction","target":["https:\/\/snowhouse.ca\/product\/environmental-monitoring\/electrodeposition-systems\/edp-9000-double-mast-electrodeposition-equipment\/"]}]},{"@type":"ImageObject","inLanguage":"fr-CA","@id":"https:\/\/snowhouse.ca\/product\/environmental-monitoring\/electrodeposition-systems\/edp-9000-double-mast-electrodeposition-equipment\/#primaryimage","url":"https:\/\/snowhouse.ca\/wp-content\/uploads\/2025\/07\/31792.png?wsr","contentUrl":"https:\/\/snowhouse.ca\/wp-content\/uploads\/2025\/07\/31792.png?wsr","width":400,"height":250},{"@type":"BreadcrumbList","@id":"https:\/\/snowhouse.ca\/product\/environmental-monitoring\/electrodeposition-systems\/edp-9000-double-mast-electrodeposition-equipment\/#breadcrumb","itemListElement":[{"@type":"ListItem","position":1,"name":"Home","item":"https:\/\/snowhouse.ca\/"},{"@type":"ListItem","position":2,"name":"Products","item":"https:\/\/snowhouse.ca\/products\/"},{"@type":"ListItem","position":3,"name":"EDP 9000"}]},{"@type":"WebSite","@id":"https:\/\/snowhouse.ca\/#website","url":"https:\/\/snowhouse.ca\/","name":"Maison de neige","description":"Instruments scientifiques de confiance","publisher":{"@id":"https:\/\/snowhouse.ca\/#organization"},"potentialAction":[{"@type":"SearchAction","target":{"@type":"EntryPoint","urlTemplate":"https:\/\/snowhouse.ca\/?s={search_term_string}"},"query-input":{"@type":"PropertyValueSpecification","valueRequired":true,"valueName":"search_term_string"}}],"inLanguage":"fr-CA"},{"@type":"Organization","@id":"https:\/\/snowhouse.ca\/#organization","name":"Snowhouse inc.","alternateName":"Snowhouse","url":"https:\/\/snowhouse.ca\/","logo":{"@type":"ImageObject","inLanguage":"fr-CA","@id":"https:\/\/snowhouse.ca\/#\/schema\/logo\/image\/","url":"https:\/\/snowhouse.ca\/wp-content\/uploads\/2025\/07\/SnowHouse-Logo.png","contentUrl":"https:\/\/snowhouse.ca\/wp-content\/uploads\/2025\/07\/SnowHouse-Logo.png","width":508,"height":136,"caption":"Snowhouse inc."},"image":{"@id":"https:\/\/snowhouse.ca\/#\/schema\/logo\/image\/"}}]}},"_links":{"self":[{"href":"https:\/\/snowhouse.ca\/fr\/wp-json\/wp\/v2\/product\/610","targetHints":{"allow":["GET"]}}],"collection":[{"href":"https:\/\/snowhouse.ca\/fr\/wp-json\/wp\/v2\/product"}],"about":[{"href":"https:\/\/snowhouse.ca\/fr\/wp-json\/wp\/v2\/types\/product"}],"wp:featuredmedia":[{"embeddable":true,"href":"https:\/\/snowhouse.ca\/fr\/wp-json\/wp\/v2\/media\/611"}],"wp:attachment":[{"href":"https:\/\/snowhouse.ca\/fr\/wp-json\/wp\/v2\/media?parent=610"}],"wp:term":[{"taxonomy":"product_brand","embeddable":true,"href":"https:\/\/snowhouse.ca\/fr\/wp-json\/wp\/v2\/product_brand?post=610"},{"taxonomy":"product_cat","embeddable":true,"href":"https:\/\/snowhouse.ca\/fr\/wp-json\/wp\/v2\/product_cat?post=610"},{"taxonomy":"product_tag","embeddable":true,"href":"https:\/\/snowhouse.ca\/fr\/wp-json\/wp\/v2\/product_tag?post=610"},{"taxonomy":"document","embeddable":true,"href":"https:\/\/snowhouse.ca\/fr\/wp-json\/wp\/v2\/document?post=610"}],"curies":[{"name":"wp","href":"https:\/\/api.w.org\/{rel}","templated":true}]}}