{"id":612,"date":"2025-07-23T01:40:05","date_gmt":"2025-07-23T01:40:05","guid":{"rendered":"https:\/\/snowhouse.ca\/produit\/edp-7000-single-mast-electrodeposition-equipment\/"},"modified":"2025-10-29T15:21:58","modified_gmt":"2025-10-29T15:21:58","slug":"edp-7000-single-mast-electrodeposition-equipment","status":"publish","type":"product","link":"https:\/\/snowhouse.ca\/fr\/produit\/environmental-monitoring\/electrodeposition-systems\/edp-7000-single-mast-electrodeposition-equipment\/","title":{"rendered":"EDP 7000"},"content":{"rendered":"<h3><u><strong>EDP 7000 \u2013 \u00c9QUIPEMENT D&#039;\u00c9LECTROD\u00c9POSITION \u00c0 M\u00c2T MONO<\/strong><\/u><\/h3>\n<p>Le dosage des radio-isotopes est utilis\u00e9 en m\u00e9decine nucl\u00e9aire pour surveiller et \u00e9valuer le niveau de contamination d&#039;un patient ayant manipul\u00e9 des mati\u00e8res radioactives.<br \/>\nHabituellement, lors de la mesure d&#039;un radioisotope, la premi\u00e8re \u00e9tape consiste \u00e0 le pi\u00e9ger et \u00e0 le d\u00e9poser sur un substrat appropri\u00e9.<br \/>\nL&#039;\u00e9lectrod\u00e9position est la m\u00e9thode la plus efficace pour pi\u00e9ger un radio\u00e9l\u00e9ment en solution liquide. Cette technique permet de d\u00e9poser les radio-isotopes contenus dans la solution sur une plaque m\u00e9tallique. Pour quantifier le radio\u00e9l\u00e9ment pi\u00e9g\u00e9, la plaque m\u00e9tallique est ensuite plac\u00e9e dans un instrument appropri\u00e9, tel qu&#039;un spectrom\u00e8tre ou un appareil similaire.<\/p>\n<h4>Principaux avantages<\/h4>\n<ul>\n<li><strong>MAT\u00c9RIAUX SYNTH\u00c9TIQUES :<\/strong>\u00a0Fabriqu\u00e9 \u00e0 partir de mat\u00e9riaux synth\u00e9tiques r\u00e9sistants aux environnements corrosifs des laboratoires, assurant ainsi la long\u00e9vit\u00e9 de l&#039;EDP.<\/li>\n<li><strong>HAUTE PR\u00c9CISION :<\/strong>\u00a0L&#039;appareil garantit une efficacit\u00e9 de pi\u00e9geage optimale gr\u00e2ce \u00e0 un courant continu r\u00e9gul\u00e9 et constant. Il est \u00e9quip\u00e9 d&#039;un inverseur de polarit\u00e9 pour le d\u00e9capage \u00e9lectrochimique de la pastille en acier inoxydable destin\u00e9e \u00e0 recevoir le d\u00e9p\u00f4t, assurant ainsi une puret\u00e9 parfaite du support.<\/li>\n<li><strong>CIRCUIT DE REFROIDISSEMENT:<\/strong>\u00a0Convection d&#039;air \u00e0 haut d\u00e9bit pour \u00e9viter l&#039;\u00e9vaporation de la solution, gr\u00e2ce \u00e0 un syst\u00e8me de ventilation refroidissant.<\/li>\n<li><strong>PARAM\u00c8TRES POLYVALENTS :<\/strong>\u00a0R\u00e9glages pr\u00e9cis de l&#039;intensit\u00e9 du courant jusqu&#039;\u00e0 5 amp\u00e8res et de la vitesse de rotation des \u00e9lectrodes.<\/li>\n<li><strong>MINUTERIE NUM\u00c9RIQUE :<\/strong>\u00a0Minuteur avec affichage num\u00e9rique et alarme sonore pour une dur\u00e9e exacte d&#039;\u00e9lectrod\u00e9position.<\/li>\n<li><strong>UTILISATION INTUITIVE\u00a0:<\/strong>\u00a0Installation rapide des bouteilles, r\u00e9cipient interne pour les d\u00e9versements, entretien facile.<\/li>\n<\/ul>","protected":false},"excerpt":{"rendered":"<p>\u00c9quipement d&#039;\u00e9lectrod\u00e9position \u2013 Monostation<\/p>","protected":false},"featured_media":613,"template":"","meta":[],"product_brand":[558],"product_cat":[97,201],"product_tag":[],"document":[],"class_list":{"0":"post-612","1":"product","2":"type-product","3":"status-publish","4":"has-post-thumbnail","6":"product_brand-sdec-france","7":"product_cat-environmental-monitoring","8":"product_cat-electrodeposition-systems","10":"first","11":"instock","12":"purchasable","13":"product-type-simple"},"yoast_head":"<!-- This site is optimized with the Yoast SEO plugin v26.8 - https:\/\/yoast.com\/product\/yoast-seo-wordpress\/ -->\n<title>EDP 7000 - SnowHouse<\/title>\n<meta name=\"robots\" content=\"index, follow, max-snippet:-1, max-image-preview:large, max-video-preview:-1\" \/>\n<link rel=\"canonical\" href=\"https:\/\/snowhouse.ca\/fr\/produit\/environmental-monitoring\/electrodeposition-systems\/edp-7000-single-mast-electrodeposition-equipment\/\" \/>\n<meta property=\"og:locale\" content=\"fr_CA\" \/>\n<meta property=\"og:type\" content=\"article\" \/>\n<meta property=\"og:title\" content=\"EDP 7000 - SnowHouse\" \/>\n<meta property=\"og:description\" content=\"Electrodeposition Equipment \u2013 Monostation\" \/>\n<meta property=\"og:url\" content=\"https:\/\/snowhouse.ca\/fr\/produit\/environmental-monitoring\/electrodeposition-systems\/edp-7000-single-mast-electrodeposition-equipment\/\" \/>\n<meta property=\"og:site_name\" content=\"SnowHouse\" \/>\n<meta property=\"article:modified_time\" content=\"2025-10-29T15:21:58+00:00\" \/>\n<meta property=\"og:image\" content=\"https:\/\/snowhouse.ca\/wp-content\/uploads\/2025\/07\/31793.png\" \/>\n\t<meta property=\"og:image:width\" content=\"400\" \/>\n\t<meta property=\"og:image:height\" content=\"250\" \/>\n\t<meta property=\"og:image:type\" content=\"image\/png\" \/>\n<meta name=\"twitter:card\" content=\"summary_large_image\" \/>\n<meta name=\"twitter:label1\" content=\"Estimation du temps de lecture\" \/>\n\t<meta name=\"twitter:data1\" content=\"2 minutes\" \/>\n<script type=\"application\/ld+json\" class=\"yoast-schema-graph\">{\"@context\":\"https:\/\/schema.org\",\"@graph\":[{\"@type\":\"WebPage\",\"@id\":\"https:\/\/snowhouse.ca\/fr\/produit\/environmental-monitoring\/electrodeposition-systems\/edp-7000-single-mast-electrodeposition-equipment\/\",\"url\":\"https:\/\/snowhouse.ca\/fr\/produit\/environmental-monitoring\/electrodeposition-systems\/edp-7000-single-mast-electrodeposition-equipment\/\",\"name\":\"EDP 7000 - SnowHouse\",\"isPartOf\":{\"@id\":\"https:\/\/snowhouse.ca\/#website\"},\"primaryImageOfPage\":{\"@id\":\"https:\/\/snowhouse.ca\/fr\/produit\/environmental-monitoring\/electrodeposition-systems\/edp-7000-single-mast-electrodeposition-equipment\/#primaryimage\"},\"image\":{\"@id\":\"https:\/\/snowhouse.ca\/fr\/produit\/environmental-monitoring\/electrodeposition-systems\/edp-7000-single-mast-electrodeposition-equipment\/#primaryimage\"},\"thumbnailUrl\":\"https:\/\/snowhouse.ca\/wp-content\/uploads\/2025\/07\/31793.png?wsr\",\"datePublished\":\"2025-07-23T01:40:05+00:00\",\"dateModified\":\"2025-10-29T15:21:58+00:00\",\"breadcrumb\":{\"@id\":\"https:\/\/snowhouse.ca\/fr\/produit\/environmental-monitoring\/electrodeposition-systems\/edp-7000-single-mast-electrodeposition-equipment\/#breadcrumb\"},\"inLanguage\":\"fr-CA\",\"potentialAction\":[{\"@type\":\"ReadAction\",\"target\":[\"https:\/\/snowhouse.ca\/fr\/produit\/environmental-monitoring\/electrodeposition-systems\/edp-7000-single-mast-electrodeposition-equipment\/\"]}]},{\"@type\":\"ImageObject\",\"inLanguage\":\"fr-CA\",\"@id\":\"https:\/\/snowhouse.ca\/fr\/produit\/environmental-monitoring\/electrodeposition-systems\/edp-7000-single-mast-electrodeposition-equipment\/#primaryimage\",\"url\":\"https:\/\/snowhouse.ca\/wp-content\/uploads\/2025\/07\/31793.png?wsr\",\"contentUrl\":\"https:\/\/snowhouse.ca\/wp-content\/uploads\/2025\/07\/31793.png?wsr\",\"width\":400,\"height\":250},{\"@type\":\"BreadcrumbList\",\"@id\":\"https:\/\/snowhouse.ca\/fr\/produit\/environmental-monitoring\/electrodeposition-systems\/edp-7000-single-mast-electrodeposition-equipment\/#breadcrumb\",\"itemListElement\":[{\"@type\":\"ListItem\",\"position\":1,\"name\":\"Home\",\"item\":\"https:\/\/snowhouse.ca\/\"},{\"@type\":\"ListItem\",\"position\":2,\"name\":\"Products\",\"item\":\"https:\/\/snowhouse.ca\/products\/\"},{\"@type\":\"ListItem\",\"position\":3,\"name\":\"EDP 7000\"}]},{\"@type\":\"WebSite\",\"@id\":\"https:\/\/snowhouse.ca\/#website\",\"url\":\"https:\/\/snowhouse.ca\/\",\"name\":\"SnowHouse\",\"description\":\"Trusted Scientific Instruments\",\"publisher\":{\"@id\":\"https:\/\/snowhouse.ca\/#organization\"},\"potentialAction\":[{\"@type\":\"SearchAction\",\"target\":{\"@type\":\"EntryPoint\",\"urlTemplate\":\"https:\/\/snowhouse.ca\/?s={search_term_string}\"},\"query-input\":{\"@type\":\"PropertyValueSpecification\",\"valueRequired\":true,\"valueName\":\"search_term_string\"}}],\"inLanguage\":\"fr-CA\"},{\"@type\":\"Organization\",\"@id\":\"https:\/\/snowhouse.ca\/#organization\",\"name\":\"Snowhouse inc.\",\"alternateName\":\"Snowhouse\",\"url\":\"https:\/\/snowhouse.ca\/\",\"logo\":{\"@type\":\"ImageObject\",\"inLanguage\":\"fr-CA\",\"@id\":\"https:\/\/snowhouse.ca\/#\/schema\/logo\/image\/\",\"url\":\"https:\/\/snowhouse.ca\/wp-content\/uploads\/2025\/07\/SnowHouse-Logo.png\",\"contentUrl\":\"https:\/\/snowhouse.ca\/wp-content\/uploads\/2025\/07\/SnowHouse-Logo.png\",\"width\":508,\"height\":136,\"caption\":\"Snowhouse inc.\"},\"image\":{\"@id\":\"https:\/\/snowhouse.ca\/#\/schema\/logo\/image\/\"}}]}<\/script>\n<!-- \/ Yoast SEO plugin. -->","yoast_head_json":{"title":"EDP 7000 - SnowHouse","robots":{"index":"index","follow":"follow","max-snippet":"max-snippet:-1","max-image-preview":"max-image-preview:large","max-video-preview":"max-video-preview:-1"},"canonical":"https:\/\/snowhouse.ca\/fr\/produit\/environmental-monitoring\/electrodeposition-systems\/edp-7000-single-mast-electrodeposition-equipment\/","og_locale":"fr_CA","og_type":"article","og_title":"EDP 7000 - SnowHouse","og_description":"Electrodeposition Equipment \u2013 Monostation","og_url":"https:\/\/snowhouse.ca\/fr\/produit\/environmental-monitoring\/electrodeposition-systems\/edp-7000-single-mast-electrodeposition-equipment\/","og_site_name":"SnowHouse","article_modified_time":"2025-10-29T15:21:58+00:00","og_image":[{"width":400,"height":250,"url":"https:\/\/snowhouse.ca\/wp-content\/uploads\/2025\/07\/31793.png","type":"image\/png"}],"twitter_card":"summary_large_image","twitter_misc":{"Estimation du temps de lecture":"2 minutes"},"schema":{"@context":"https:\/\/schema.org","@graph":[{"@type":"WebPage","@id":"https:\/\/snowhouse.ca\/fr\/produit\/environmental-monitoring\/electrodeposition-systems\/edp-7000-single-mast-electrodeposition-equipment\/","url":"https:\/\/snowhouse.ca\/fr\/produit\/environmental-monitoring\/electrodeposition-systems\/edp-7000-single-mast-electrodeposition-equipment\/","name":"EDP 7000 - SnowHouse","isPartOf":{"@id":"https:\/\/snowhouse.ca\/#website"},"primaryImageOfPage":{"@id":"https:\/\/snowhouse.ca\/fr\/produit\/environmental-monitoring\/electrodeposition-systems\/edp-7000-single-mast-electrodeposition-equipment\/#primaryimage"},"image":{"@id":"https:\/\/snowhouse.ca\/fr\/produit\/environmental-monitoring\/electrodeposition-systems\/edp-7000-single-mast-electrodeposition-equipment\/#primaryimage"},"thumbnailUrl":"https:\/\/snowhouse.ca\/wp-content\/uploads\/2025\/07\/31793.png?wsr","datePublished":"2025-07-23T01:40:05+00:00","dateModified":"2025-10-29T15:21:58+00:00","breadcrumb":{"@id":"https:\/\/snowhouse.ca\/fr\/produit\/environmental-monitoring\/electrodeposition-systems\/edp-7000-single-mast-electrodeposition-equipment\/#breadcrumb"},"inLanguage":"fr-CA","potentialAction":[{"@type":"ReadAction","target":["https:\/\/snowhouse.ca\/fr\/produit\/environmental-monitoring\/electrodeposition-systems\/edp-7000-single-mast-electrodeposition-equipment\/"]}]},{"@type":"ImageObject","inLanguage":"fr-CA","@id":"https:\/\/snowhouse.ca\/fr\/produit\/environmental-monitoring\/electrodeposition-systems\/edp-7000-single-mast-electrodeposition-equipment\/#primaryimage","url":"https:\/\/snowhouse.ca\/wp-content\/uploads\/2025\/07\/31793.png?wsr","contentUrl":"https:\/\/snowhouse.ca\/wp-content\/uploads\/2025\/07\/31793.png?wsr","width":400,"height":250},{"@type":"BreadcrumbList","@id":"https:\/\/snowhouse.ca\/fr\/produit\/environmental-monitoring\/electrodeposition-systems\/edp-7000-single-mast-electrodeposition-equipment\/#breadcrumb","itemListElement":[{"@type":"ListItem","position":1,"name":"Home","item":"https:\/\/snowhouse.ca\/"},{"@type":"ListItem","position":2,"name":"Products","item":"https:\/\/snowhouse.ca\/products\/"},{"@type":"ListItem","position":3,"name":"EDP 7000"}]},{"@type":"WebSite","@id":"https:\/\/snowhouse.ca\/#website","url":"https:\/\/snowhouse.ca\/","name":"Maison de neige","description":"Instruments scientifiques de confiance","publisher":{"@id":"https:\/\/snowhouse.ca\/#organization"},"potentialAction":[{"@type":"SearchAction","target":{"@type":"EntryPoint","urlTemplate":"https:\/\/snowhouse.ca\/?s={search_term_string}"},"query-input":{"@type":"PropertyValueSpecification","valueRequired":true,"valueName":"search_term_string"}}],"inLanguage":"fr-CA"},{"@type":"Organization","@id":"https:\/\/snowhouse.ca\/#organization","name":"Snowhouse inc.","alternateName":"Snowhouse","url":"https:\/\/snowhouse.ca\/","logo":{"@type":"ImageObject","inLanguage":"fr-CA","@id":"https:\/\/snowhouse.ca\/#\/schema\/logo\/image\/","url":"https:\/\/snowhouse.ca\/wp-content\/uploads\/2025\/07\/SnowHouse-Logo.png","contentUrl":"https:\/\/snowhouse.ca\/wp-content\/uploads\/2025\/07\/SnowHouse-Logo.png","width":508,"height":136,"caption":"Snowhouse inc."},"image":{"@id":"https:\/\/snowhouse.ca\/#\/schema\/logo\/image\/"}}]}},"_links":{"self":[{"href":"https:\/\/snowhouse.ca\/fr\/wp-json\/wp\/v2\/product\/612","targetHints":{"allow":["GET"]}}],"collection":[{"href":"https:\/\/snowhouse.ca\/fr\/wp-json\/wp\/v2\/product"}],"about":[{"href":"https:\/\/snowhouse.ca\/fr\/wp-json\/wp\/v2\/types\/product"}],"wp:featuredmedia":[{"embeddable":true,"href":"https:\/\/snowhouse.ca\/fr\/wp-json\/wp\/v2\/media\/613"}],"wp:attachment":[{"href":"https:\/\/snowhouse.ca\/fr\/wp-json\/wp\/v2\/media?parent=612"}],"wp:term":[{"taxonomy":"product_brand","embeddable":true,"href":"https:\/\/snowhouse.ca\/fr\/wp-json\/wp\/v2\/product_brand?post=612"},{"taxonomy":"product_cat","embeddable":true,"href":"https:\/\/snowhouse.ca\/fr\/wp-json\/wp\/v2\/product_cat?post=612"},{"taxonomy":"product_tag","embeddable":true,"href":"https:\/\/snowhouse.ca\/fr\/wp-json\/wp\/v2\/product_tag?post=612"},{"taxonomy":"document","embeddable":true,"href":"https:\/\/snowhouse.ca\/fr\/wp-json\/wp\/v2\/document?post=612"}],"curies":[{"name":"wp","href":"https:\/\/api.w.org\/{rel}","templated":true}]}}