{"id":616,"date":"2025-07-23T01:40:05","date_gmt":"2025-07-23T01:40:05","guid":{"rendered":"https:\/\/snowhouse.ca\/produit\/hague-7000-carbon-14-bubbler-with-4-vials-oven\/"},"modified":"2026-02-03T15:01:37","modified_gmt":"2026-02-03T15:01:37","slug":"hague-7000-carbon-14-bubbler-with-4-vials-oven","status":"publish","type":"product","link":"https:\/\/snowhouse.ca\/fr\/produit\/environmental-monitoring\/carbon-14-air-monitroring\/hague-7000-carbon-14-bubbler-with-4-vials-oven\/","title":{"rendered":"LA HAYE 7000"},"content":{"rendered":"<p><u><strong>HAGUE 7000 \u2013 BARBOTEUR AU CARBONE 14 AVEC 4 FLACONS<\/strong><\/u><\/p>\n<p>De conception enti\u00e8rement nouvelle, cet \u00e9quipement d&#039;\u00e9chantillonnage C14 apporte des solutions originales pour l&#039;exploitation des syst\u00e8mes d&#039;\u00e9chantillonnage de gaz carbonique et d&#039;eau carbonique. Cet \u00e9chantillonneur est principalement utilis\u00e9 pour la d\u00e9tection des rejets de chemin\u00e9e et le d\u00e9gazage des d\u00e9chets carboniques.<\/p>\n<p>La conception de cette machine a \u00e9t\u00e9 essentiellement ax\u00e9e sur une efficacit\u00e9 d&#039;\u00e9chantillonnage optimale associ\u00e9e \u00e0 une ergonomie adapt\u00e9e \u00e0 toutes les conditions d&#039;utilisation. La solution liquide peut d\u00e9sormais \u00eatre pr\u00e9lev\u00e9e mensuellement (au lieu d&#039;une fr\u00e9quence hebdomadaire habituelle) gr\u00e2ce \u00e0 un circuit d&#039;eau de refroidissement qui \u00e9vite toute perte d&#039;\u00e9chantillon par \u00e9vaporation dans les biberons. Son syst\u00e8me de serrage dynamique original sur les quatre biberons permet une manipulation (marche\/arr\u00eat) particuli\u00e8rement confortable de l&#039;appareil en toutes circonstances, sans pression ni perte de solution.<\/p>\n<p>Un microprocesseur pilote et g\u00e8re tous les param\u00e8tres de fonctionnement, assurant ainsi une s\u00e9curit\u00e9 totale dans son utilisation sur de longues p\u00e9riodes.<\/p>\n<p>Principe de fonctionnement\u00a0: le carbone 14 est pi\u00e9g\u00e9 dans une solution de soude ou un liquide scintillant pour une analyse spectrom\u00e9trique ult\u00e9rieure en laboratoire. Le carbone 14 pr\u00e9sent dans l&#039;air \u00e9chantillonn\u00e9 se pr\u00e9sente sous forme de CO\u2082, de CO gazeux ou de C organique.<\/p>\n<p>\u2013 Le gaz CO2 est directement pi\u00e9g\u00e9 dans les premi\u00e8re et deuxi\u00e8me cuves.<\/p>\n<p>\u2013 Le gaz CO et le carbone organique sont oxyd\u00e9s dans le four pour former du CO2 qui est pi\u00e9g\u00e9 dans les troisi\u00e8me et quatri\u00e8me bouteilles.<\/p>\n<p>Le rapport entre la quantit\u00e9 de radionucl\u00e9ides mesur\u00e9e dans les flacons et la quantit\u00e9 d&#039;air aval\u00e9e permet de calculer la concentration en C14.<\/p>\n<p>De conception enti\u00e8rement nouvelle, cet \u00e9quipement d&#039;\u00e9chantillonnage C14 apporte des solutions originales pour l&#039;exploitation des syst\u00e8mes d&#039;\u00e9chantillonnage de gaz carbonique et d&#039;eau carbonique. Cet \u00e9chantillonneur est principalement utilis\u00e9 pour la d\u00e9tection des rejets de chemin\u00e9e et le d\u00e9gazage des d\u00e9chets carboniques.<\/p>","protected":false},"excerpt":{"rendered":"<p>High-Performance Carbon-14 Air Sampler<\/p>","protected":false},"featured_media":617,"template":"","meta":[],"product_brand":[558],"product_cat":[97,206],"product_tag":[],"document":[509],"class_list":{"0":"post-616","1":"product","2":"type-product","3":"status-publish","4":"has-post-thumbnail","6":"product_brand-sdec-france","7":"product_cat-environmental-monitoring","8":"product_cat-carbon-14-air-monitroring","9":"document-https-affichez-vous-com-pdf-sdec_hague7000_en_2019-pdf","11":"first","12":"instock","13":"purchasable","14":"product-type-simple"},"yoast_head":"<!-- This site is optimized with the Yoast SEO plugin v26.8 - https:\/\/yoast.com\/product\/yoast-seo-wordpress\/ -->\n<title>HAGUE 7000 - SnowHouse<\/title>\n<meta name=\"robots\" content=\"index, follow, max-snippet:-1, max-image-preview:large, max-video-preview:-1\" \/>\n<link rel=\"canonical\" href=\"https:\/\/snowhouse.ca\/fr\/product\/environmental-monitoring\/carbon-14-air-monitroring\/hague-7000-carbon-14-bubbler-with-4-vials-oven\/\" \/>\n<meta property=\"og:locale\" content=\"fr_CA\" \/>\n<meta property=\"og:type\" content=\"article\" \/>\n<meta property=\"og:title\" content=\"HAGUE 7000 - SnowHouse\" \/>\n<meta property=\"og:description\" content=\"High-Performance Carbon-14 Air Sampler\" \/>\n<meta property=\"og:url\" content=\"https:\/\/snowhouse.ca\/fr\/product\/environmental-monitoring\/carbon-14-air-monitroring\/hague-7000-carbon-14-bubbler-with-4-vials-oven\/\" \/>\n<meta property=\"og:site_name\" content=\"SnowHouse\" \/>\n<meta property=\"article:modified_time\" content=\"2026-02-03T15:01:37+00:00\" \/>\n<meta property=\"og:image\" content=\"https:\/\/snowhouse.ca\/wp-content\/uploads\/2025\/07\/31795.png?wsr\" \/>\n\t<meta property=\"og:image:width\" content=\"398\" \/>\n\t<meta property=\"og:image:height\" content=\"249\" \/>\n\t<meta property=\"og:image:type\" content=\"image\/png\" \/>\n<meta name=\"twitter:card\" content=\"summary_large_image\" \/>\n<meta name=\"twitter:label1\" content=\"Estimation du temps de lecture\" \/>\n\t<meta name=\"twitter:data1\" content=\"2 minutes\" \/>\n<script type=\"application\/ld+json\" class=\"yoast-schema-graph\">{\"@context\":\"https:\/\/schema.org\",\"@graph\":[{\"@type\":\"WebPage\",\"@id\":\"https:\/\/snowhouse.ca\/product\/environmental-monitoring\/carbon-14-air-monitroring\/hague-7000-carbon-14-bubbler-with-4-vials-oven\/\",\"url\":\"https:\/\/snowhouse.ca\/product\/environmental-monitoring\/carbon-14-air-monitroring\/hague-7000-carbon-14-bubbler-with-4-vials-oven\/\",\"name\":\"HAGUE 7000 - SnowHouse\",\"isPartOf\":{\"@id\":\"https:\/\/snowhouse.ca\/#website\"},\"primaryImageOfPage\":{\"@id\":\"https:\/\/snowhouse.ca\/product\/environmental-monitoring\/carbon-14-air-monitroring\/hague-7000-carbon-14-bubbler-with-4-vials-oven\/#primaryimage\"},\"image\":{\"@id\":\"https:\/\/snowhouse.ca\/product\/environmental-monitoring\/carbon-14-air-monitroring\/hague-7000-carbon-14-bubbler-with-4-vials-oven\/#primaryimage\"},\"thumbnailUrl\":\"https:\/\/snowhouse.ca\/wp-content\/uploads\/2025\/07\/31795.png?wsr\",\"datePublished\":\"2025-07-23T01:40:05+00:00\",\"dateModified\":\"2026-02-03T15:01:37+00:00\",\"breadcrumb\":{\"@id\":\"https:\/\/snowhouse.ca\/product\/environmental-monitoring\/carbon-14-air-monitroring\/hague-7000-carbon-14-bubbler-with-4-vials-oven\/#breadcrumb\"},\"inLanguage\":\"fr-CA\",\"potentialAction\":[{\"@type\":\"ReadAction\",\"target\":[\"https:\/\/snowhouse.ca\/product\/environmental-monitoring\/carbon-14-air-monitroring\/hague-7000-carbon-14-bubbler-with-4-vials-oven\/\"]}]},{\"@type\":\"ImageObject\",\"inLanguage\":\"fr-CA\",\"@id\":\"https:\/\/snowhouse.ca\/product\/environmental-monitoring\/carbon-14-air-monitroring\/hague-7000-carbon-14-bubbler-with-4-vials-oven\/#primaryimage\",\"url\":\"https:\/\/snowhouse.ca\/wp-content\/uploads\/2025\/07\/31795.png?wsr\",\"contentUrl\":\"https:\/\/snowhouse.ca\/wp-content\/uploads\/2025\/07\/31795.png?wsr\",\"width\":398,\"height\":249},{\"@type\":\"BreadcrumbList\",\"@id\":\"https:\/\/snowhouse.ca\/product\/environmental-monitoring\/carbon-14-air-monitroring\/hague-7000-carbon-14-bubbler-with-4-vials-oven\/#breadcrumb\",\"itemListElement\":[{\"@type\":\"ListItem\",\"position\":1,\"name\":\"Home\",\"item\":\"https:\/\/snowhouse.ca\/\"},{\"@type\":\"ListItem\",\"position\":2,\"name\":\"Products\",\"item\":\"https:\/\/snowhouse.ca\/products\/\"},{\"@type\":\"ListItem\",\"position\":3,\"name\":\"HAGUE 7000\"}]},{\"@type\":\"WebSite\",\"@id\":\"https:\/\/snowhouse.ca\/#website\",\"url\":\"https:\/\/snowhouse.ca\/\",\"name\":\"SnowHouse\",\"description\":\"Trusted Scientific Instruments\",\"publisher\":{\"@id\":\"https:\/\/snowhouse.ca\/#organization\"},\"potentialAction\":[{\"@type\":\"SearchAction\",\"target\":{\"@type\":\"EntryPoint\",\"urlTemplate\":\"https:\/\/snowhouse.ca\/?s={search_term_string}\"},\"query-input\":{\"@type\":\"PropertyValueSpecification\",\"valueRequired\":true,\"valueName\":\"search_term_string\"}}],\"inLanguage\":\"fr-CA\"},{\"@type\":\"Organization\",\"@id\":\"https:\/\/snowhouse.ca\/#organization\",\"name\":\"Snowhouse inc.\",\"alternateName\":\"Snowhouse\",\"url\":\"https:\/\/snowhouse.ca\/\",\"logo\":{\"@type\":\"ImageObject\",\"inLanguage\":\"fr-CA\",\"@id\":\"https:\/\/snowhouse.ca\/#\/schema\/logo\/image\/\",\"url\":\"https:\/\/snowhouse.ca\/wp-content\/uploads\/2025\/07\/SnowHouse-Logo.png\",\"contentUrl\":\"https:\/\/snowhouse.ca\/wp-content\/uploads\/2025\/07\/SnowHouse-Logo.png\",\"width\":508,\"height\":136,\"caption\":\"Snowhouse inc.\"},\"image\":{\"@id\":\"https:\/\/snowhouse.ca\/#\/schema\/logo\/image\/\"}}]}<\/script>\n<!-- \/ Yoast SEO plugin. -->","yoast_head_json":{"title":"HAGUE 7000 - SnowHouse","robots":{"index":"index","follow":"follow","max-snippet":"max-snippet:-1","max-image-preview":"max-image-preview:large","max-video-preview":"max-video-preview:-1"},"canonical":"https:\/\/snowhouse.ca\/fr\/product\/environmental-monitoring\/carbon-14-air-monitroring\/hague-7000-carbon-14-bubbler-with-4-vials-oven\/","og_locale":"fr_CA","og_type":"article","og_title":"HAGUE 7000 - SnowHouse","og_description":"High-Performance Carbon-14 Air Sampler","og_url":"https:\/\/snowhouse.ca\/fr\/product\/environmental-monitoring\/carbon-14-air-monitroring\/hague-7000-carbon-14-bubbler-with-4-vials-oven\/","og_site_name":"SnowHouse","article_modified_time":"2026-02-03T15:01:37+00:00","og_image":[{"width":398,"height":249,"url":"https:\/\/snowhouse.ca\/wp-content\/uploads\/2025\/07\/31795.png?wsr","type":"image\/png"}],"twitter_card":"summary_large_image","twitter_misc":{"Estimation du temps de lecture":"2 minutes"},"schema":{"@context":"https:\/\/schema.org","@graph":[{"@type":"WebPage","@id":"https:\/\/snowhouse.ca\/product\/environmental-monitoring\/carbon-14-air-monitroring\/hague-7000-carbon-14-bubbler-with-4-vials-oven\/","url":"https:\/\/snowhouse.ca\/product\/environmental-monitoring\/carbon-14-air-monitroring\/hague-7000-carbon-14-bubbler-with-4-vials-oven\/","name":"HAGUE 7000 - SnowHouse","isPartOf":{"@id":"https:\/\/snowhouse.ca\/#website"},"primaryImageOfPage":{"@id":"https:\/\/snowhouse.ca\/product\/environmental-monitoring\/carbon-14-air-monitroring\/hague-7000-carbon-14-bubbler-with-4-vials-oven\/#primaryimage"},"image":{"@id":"https:\/\/snowhouse.ca\/product\/environmental-monitoring\/carbon-14-air-monitroring\/hague-7000-carbon-14-bubbler-with-4-vials-oven\/#primaryimage"},"thumbnailUrl":"https:\/\/snowhouse.ca\/wp-content\/uploads\/2025\/07\/31795.png?wsr","datePublished":"2025-07-23T01:40:05+00:00","dateModified":"2026-02-03T15:01:37+00:00","breadcrumb":{"@id":"https:\/\/snowhouse.ca\/product\/environmental-monitoring\/carbon-14-air-monitroring\/hague-7000-carbon-14-bubbler-with-4-vials-oven\/#breadcrumb"},"inLanguage":"fr-CA","potentialAction":[{"@type":"ReadAction","target":["https:\/\/snowhouse.ca\/product\/environmental-monitoring\/carbon-14-air-monitroring\/hague-7000-carbon-14-bubbler-with-4-vials-oven\/"]}]},{"@type":"ImageObject","inLanguage":"fr-CA","@id":"https:\/\/snowhouse.ca\/product\/environmental-monitoring\/carbon-14-air-monitroring\/hague-7000-carbon-14-bubbler-with-4-vials-oven\/#primaryimage","url":"https:\/\/snowhouse.ca\/wp-content\/uploads\/2025\/07\/31795.png?wsr","contentUrl":"https:\/\/snowhouse.ca\/wp-content\/uploads\/2025\/07\/31795.png?wsr","width":398,"height":249},{"@type":"BreadcrumbList","@id":"https:\/\/snowhouse.ca\/product\/environmental-monitoring\/carbon-14-air-monitroring\/hague-7000-carbon-14-bubbler-with-4-vials-oven\/#breadcrumb","itemListElement":[{"@type":"ListItem","position":1,"name":"Home","item":"https:\/\/snowhouse.ca\/"},{"@type":"ListItem","position":2,"name":"Products","item":"https:\/\/snowhouse.ca\/products\/"},{"@type":"ListItem","position":3,"name":"HAGUE 7000"}]},{"@type":"WebSite","@id":"https:\/\/snowhouse.ca\/#website","url":"https:\/\/snowhouse.ca\/","name":"Maison de neige","description":"Instruments scientifiques de confiance","publisher":{"@id":"https:\/\/snowhouse.ca\/#organization"},"potentialAction":[{"@type":"SearchAction","target":{"@type":"EntryPoint","urlTemplate":"https:\/\/snowhouse.ca\/?s={search_term_string}"},"query-input":{"@type":"PropertyValueSpecification","valueRequired":true,"valueName":"search_term_string"}}],"inLanguage":"fr-CA"},{"@type":"Organization","@id":"https:\/\/snowhouse.ca\/#organization","name":"Snowhouse inc.","alternateName":"Snowhouse","url":"https:\/\/snowhouse.ca\/","logo":{"@type":"ImageObject","inLanguage":"fr-CA","@id":"https:\/\/snowhouse.ca\/#\/schema\/logo\/image\/","url":"https:\/\/snowhouse.ca\/wp-content\/uploads\/2025\/07\/SnowHouse-Logo.png","contentUrl":"https:\/\/snowhouse.ca\/wp-content\/uploads\/2025\/07\/SnowHouse-Logo.png","width":508,"height":136,"caption":"Snowhouse inc."},"image":{"@id":"https:\/\/snowhouse.ca\/#\/schema\/logo\/image\/"}}]}},"_links":{"self":[{"href":"https:\/\/snowhouse.ca\/fr\/wp-json\/wp\/v2\/product\/616","targetHints":{"allow":["GET"]}}],"collection":[{"href":"https:\/\/snowhouse.ca\/fr\/wp-json\/wp\/v2\/product"}],"about":[{"href":"https:\/\/snowhouse.ca\/fr\/wp-json\/wp\/v2\/types\/product"}],"wp:featuredmedia":[{"embeddable":true,"href":"https:\/\/snowhouse.ca\/fr\/wp-json\/wp\/v2\/media\/617"}],"wp:attachment":[{"href":"https:\/\/snowhouse.ca\/fr\/wp-json\/wp\/v2\/media?parent=616"}],"wp:term":[{"taxonomy":"product_brand","embeddable":true,"href":"https:\/\/snowhouse.ca\/fr\/wp-json\/wp\/v2\/product_brand?post=616"},{"taxonomy":"product_cat","embeddable":true,"href":"https:\/\/snowhouse.ca\/fr\/wp-json\/wp\/v2\/product_cat?post=616"},{"taxonomy":"product_tag","embeddable":true,"href":"https:\/\/snowhouse.ca\/fr\/wp-json\/wp\/v2\/product_tag?post=616"},{"taxonomy":"document","embeddable":true,"href":"https:\/\/snowhouse.ca\/fr\/wp-json\/wp\/v2\/document?post=616"}],"curies":[{"name":"wp","href":"https:\/\/api.w.org\/{rel}","templated":true}]}}