{"id":618,"date":"2025-07-23T01:40:05","date_gmt":"2025-07-23T01:40:05","guid":{"rendered":"https:\/\/snowhouse.ca\/produit\/h3r-7000-airborne-tritium-condenser\/"},"modified":"2026-02-03T14:59:43","modified_gmt":"2026-02-03T14:59:43","slug":"h3r-7000-airborne-tritium-condenser","status":"publish","type":"product","link":"https:\/\/snowhouse.ca\/fr\/produit\/environmental-monitoring\/tritium-h3-air-monitoring\/h3r-7000-airborne-tritium-condenser\/","title":{"rendered":"H3R 7000 \u2013 Condenseur au tritium"},"content":{"rendered":"<h3 class=\"product_title entry-title\">H3R 7000 : Condenseur de tritium \u2013 Pi\u00e9geage avanc\u00e9 du tritium atmosph\u00e9rique sous forme de vapeur<\/h3>\n<p>L&#039;H3R 7000 est un instrument innovant pour le pr\u00e9l\u00e8vement d&#039;\u00e9chantillons de tritium dans l&#039;air. Il collecte le tritium sous forme de vapeur et fournit des r\u00e9sultats en moins de 40 minutes.<br \/>\nL&#039;\u00e9chantillon obtenu peut \u00eatre analys\u00e9 jusqu&#039;\u00e0 une limite de d\u00e9tection de 0,01 Bq\/m\u00b3 par mesure diff\u00e9r\u00e9e utilisant la scintillation liquide. Le principe de fonctionnement repose sur un brevet fran\u00e7ais d\u00e9pos\u00e9 au niveau international par l&#039;Institut national de radioprotection (IRSN) et l&#039;\u00c9cole militaire de l&#039;\u00e9nergie atomique de la Marine nationale (EAMEA).<\/p>\n<p><strong>Principe de fonctionnement<\/strong><\/p>\n<p>Cet \u00e9quipement capte le tritium sous forme de vapeur par cryog\u00e9nisation de la vapeur d&#039;eau pr\u00e9sente dans l&#039;air ambiant. Simultan\u00e9ment, il mesure l&#039;humidit\u00e9 absolue de cet air afin de d\u00e9terminer avec pr\u00e9cision la quantit\u00e9 d&#039;eau par m\u00e8tre cube d&#039;air, l&#039;humidit\u00e9 absolue \u00e9tant exprim\u00e9e en g\/m\u00b3 ou ml\/m\u00b3.<\/p>\n<p>En moyenne, moins de 40 minutes sont n\u00e9cessaires pour recueillir une quantit\u00e9 d&#039;eau suffisante pour effectuer une mesure diff\u00e9r\u00e9e de l&#039;activit\u00e9 du tritium contenu dans l&#039;eau \u00e0 l&#039;aide du comptage par scintillation liquide.<\/p>\n<p>Apr\u00e8s la mesure, l&#039;activit\u00e9 du tritium est exprim\u00e9e en becquerels, puis convertie pour obtenir une activit\u00e9 du tritium en becquerels par m\u00e8tre cube (Bq\/m3).<\/p>","protected":false},"excerpt":{"rendered":"<p class=\"product_title entry-title\">Condenseur de tritium \u2013 Pi\u00e9geage avanc\u00e9 du tritium atmosph\u00e9rique sous forme de vapeur<\/p>","protected":false},"featured_media":619,"template":"","meta":[],"product_brand":[558],"product_cat":[97,208],"product_tag":[],"document":[],"class_list":{"0":"post-618","1":"product","2":"type-product","3":"status-publish","4":"has-post-thumbnail","6":"product_brand-sdec-france","7":"product_cat-environmental-monitoring","8":"product_cat-tritium-h3-air-monitoring","10":"first","11":"instock","12":"purchasable","13":"product-type-simple"},"yoast_head":"<!-- This site is optimized with the Yoast SEO plugin v26.8 - https:\/\/yoast.com\/product\/yoast-seo-wordpress\/ -->\n<title>H3R 7000 - Tritium Condenser - SnowHouse<\/title>\n<meta name=\"description\" content=\"Tritium Condenser \u2013 Advanced Trapping of Atmospheric Tritium in Vapor Form\" \/>\n<meta name=\"robots\" content=\"index, follow, max-snippet:-1, max-image-preview:large, max-video-preview:-1\" \/>\n<link rel=\"canonical\" href=\"https:\/\/snowhouse.ca\/fr\/product\/environmental-monitoring\/tritium-h3-air-monitoring\/h3r-7000-airborne-tritium-condenser\/\" \/>\n<meta property=\"og:locale\" content=\"fr_CA\" \/>\n<meta property=\"og:type\" content=\"article\" \/>\n<meta property=\"og:title\" content=\"H3R 7000 - Tritium Condenser - SnowHouse\" \/>\n<meta property=\"og:description\" content=\"Tritium Condenser \u2013 Advanced Trapping of Atmospheric Tritium in Vapor Form\" \/>\n<meta property=\"og:url\" content=\"https:\/\/snowhouse.ca\/fr\/product\/environmental-monitoring\/tritium-h3-air-monitoring\/h3r-7000-airborne-tritium-condenser\/\" \/>\n<meta property=\"og:site_name\" content=\"SnowHouse\" \/>\n<meta property=\"article:modified_time\" content=\"2026-02-03T14:59:43+00:00\" \/>\n<meta property=\"og:image\" content=\"https:\/\/snowhouse.ca\/wp-content\/uploads\/2025\/07\/31796.png?wsr\" \/>\n\t<meta property=\"og:image:width\" content=\"400\" \/>\n\t<meta property=\"og:image:height\" content=\"250\" \/>\n\t<meta property=\"og:image:type\" content=\"image\/png\" \/>\n<meta name=\"twitter:card\" content=\"summary_large_image\" \/>\n<meta name=\"twitter:label1\" content=\"Estimation du temps de lecture\" \/>\n\t<meta name=\"twitter:data1\" content=\"2 minutes\" \/>\n<script type=\"application\/ld+json\" class=\"yoast-schema-graph\">{\"@context\":\"https:\/\/schema.org\",\"@graph\":[{\"@type\":\"WebPage\",\"@id\":\"https:\/\/snowhouse.ca\/product\/environmental-monitoring\/tritium-h3-air-monitoring\/h3r-7000-airborne-tritium-condenser\/\",\"url\":\"https:\/\/snowhouse.ca\/product\/environmental-monitoring\/tritium-h3-air-monitoring\/h3r-7000-airborne-tritium-condenser\/\",\"name\":\"H3R 7000 - Tritium Condenser - SnowHouse\",\"isPartOf\":{\"@id\":\"https:\/\/snowhouse.ca\/#website\"},\"primaryImageOfPage\":{\"@id\":\"https:\/\/snowhouse.ca\/product\/environmental-monitoring\/tritium-h3-air-monitoring\/h3r-7000-airborne-tritium-condenser\/#primaryimage\"},\"image\":{\"@id\":\"https:\/\/snowhouse.ca\/product\/environmental-monitoring\/tritium-h3-air-monitoring\/h3r-7000-airborne-tritium-condenser\/#primaryimage\"},\"thumbnailUrl\":\"https:\/\/snowhouse.ca\/wp-content\/uploads\/2025\/07\/31796.png?wsr\",\"datePublished\":\"2025-07-23T01:40:05+00:00\",\"dateModified\":\"2026-02-03T14:59:43+00:00\",\"description\":\"Tritium Condenser \u2013 Advanced Trapping of Atmospheric Tritium in Vapor Form\",\"breadcrumb\":{\"@id\":\"https:\/\/snowhouse.ca\/product\/environmental-monitoring\/tritium-h3-air-monitoring\/h3r-7000-airborne-tritium-condenser\/#breadcrumb\"},\"inLanguage\":\"fr-CA\",\"potentialAction\":[{\"@type\":\"ReadAction\",\"target\":[\"https:\/\/snowhouse.ca\/product\/environmental-monitoring\/tritium-h3-air-monitoring\/h3r-7000-airborne-tritium-condenser\/\"]}]},{\"@type\":\"ImageObject\",\"inLanguage\":\"fr-CA\",\"@id\":\"https:\/\/snowhouse.ca\/product\/environmental-monitoring\/tritium-h3-air-monitoring\/h3r-7000-airborne-tritium-condenser\/#primaryimage\",\"url\":\"https:\/\/snowhouse.ca\/wp-content\/uploads\/2025\/07\/31796.png?wsr\",\"contentUrl\":\"https:\/\/snowhouse.ca\/wp-content\/uploads\/2025\/07\/31796.png?wsr\",\"width\":400,\"height\":250},{\"@type\":\"BreadcrumbList\",\"@id\":\"https:\/\/snowhouse.ca\/product\/environmental-monitoring\/tritium-h3-air-monitoring\/h3r-7000-airborne-tritium-condenser\/#breadcrumb\",\"itemListElement\":[{\"@type\":\"ListItem\",\"position\":1,\"name\":\"Home\",\"item\":\"https:\/\/snowhouse.ca\/\"},{\"@type\":\"ListItem\",\"position\":2,\"name\":\"Products\",\"item\":\"https:\/\/snowhouse.ca\/products\/\"},{\"@type\":\"ListItem\",\"position\":3,\"name\":\"H3R 7000 &#8211; Tritium Condenser\"}]},{\"@type\":\"WebSite\",\"@id\":\"https:\/\/snowhouse.ca\/#website\",\"url\":\"https:\/\/snowhouse.ca\/\",\"name\":\"SnowHouse\",\"description\":\"Trusted Scientific Instruments\",\"publisher\":{\"@id\":\"https:\/\/snowhouse.ca\/#organization\"},\"potentialAction\":[{\"@type\":\"SearchAction\",\"target\":{\"@type\":\"EntryPoint\",\"urlTemplate\":\"https:\/\/snowhouse.ca\/?s={search_term_string}\"},\"query-input\":{\"@type\":\"PropertyValueSpecification\",\"valueRequired\":true,\"valueName\":\"search_term_string\"}}],\"inLanguage\":\"fr-CA\"},{\"@type\":\"Organization\",\"@id\":\"https:\/\/snowhouse.ca\/#organization\",\"name\":\"Snowhouse inc.\",\"alternateName\":\"Snowhouse\",\"url\":\"https:\/\/snowhouse.ca\/\",\"logo\":{\"@type\":\"ImageObject\",\"inLanguage\":\"fr-CA\",\"@id\":\"https:\/\/snowhouse.ca\/#\/schema\/logo\/image\/\",\"url\":\"https:\/\/snowhouse.ca\/wp-content\/uploads\/2025\/07\/SnowHouse-Logo.png\",\"contentUrl\":\"https:\/\/snowhouse.ca\/wp-content\/uploads\/2025\/07\/SnowHouse-Logo.png\",\"width\":508,\"height\":136,\"caption\":\"Snowhouse inc.\"},\"image\":{\"@id\":\"https:\/\/snowhouse.ca\/#\/schema\/logo\/image\/\"}}]}<\/script>\n<!-- \/ Yoast SEO plugin. -->","yoast_head_json":{"title":"H3R 7000 - Tritium Condenser - SnowHouse","description":"Condenseur de tritium \u2013 Pi\u00e9geage avanc\u00e9 du tritium atmosph\u00e9rique sous forme de vapeur","robots":{"index":"index","follow":"follow","max-snippet":"max-snippet:-1","max-image-preview":"max-image-preview:large","max-video-preview":"max-video-preview:-1"},"canonical":"https:\/\/snowhouse.ca\/fr\/product\/environmental-monitoring\/tritium-h3-air-monitoring\/h3r-7000-airborne-tritium-condenser\/","og_locale":"fr_CA","og_type":"article","og_title":"H3R 7000 - Tritium Condenser - SnowHouse","og_description":"Tritium Condenser \u2013 Advanced Trapping of Atmospheric Tritium in Vapor Form","og_url":"https:\/\/snowhouse.ca\/fr\/product\/environmental-monitoring\/tritium-h3-air-monitoring\/h3r-7000-airborne-tritium-condenser\/","og_site_name":"SnowHouse","article_modified_time":"2026-02-03T14:59:43+00:00","og_image":[{"width":400,"height":250,"url":"https:\/\/snowhouse.ca\/wp-content\/uploads\/2025\/07\/31796.png?wsr","type":"image\/png"}],"twitter_card":"summary_large_image","twitter_misc":{"Estimation du temps de lecture":"2 minutes"},"schema":{"@context":"https:\/\/schema.org","@graph":[{"@type":"WebPage","@id":"https:\/\/snowhouse.ca\/product\/environmental-monitoring\/tritium-h3-air-monitoring\/h3r-7000-airborne-tritium-condenser\/","url":"https:\/\/snowhouse.ca\/product\/environmental-monitoring\/tritium-h3-air-monitoring\/h3r-7000-airborne-tritium-condenser\/","name":"H3R 7000 - Tritium Condenser - SnowHouse","isPartOf":{"@id":"https:\/\/snowhouse.ca\/#website"},"primaryImageOfPage":{"@id":"https:\/\/snowhouse.ca\/product\/environmental-monitoring\/tritium-h3-air-monitoring\/h3r-7000-airborne-tritium-condenser\/#primaryimage"},"image":{"@id":"https:\/\/snowhouse.ca\/product\/environmental-monitoring\/tritium-h3-air-monitoring\/h3r-7000-airborne-tritium-condenser\/#primaryimage"},"thumbnailUrl":"https:\/\/snowhouse.ca\/wp-content\/uploads\/2025\/07\/31796.png?wsr","datePublished":"2025-07-23T01:40:05+00:00","dateModified":"2026-02-03T14:59:43+00:00","description":"Condenseur de tritium \u2013 Pi\u00e9geage avanc\u00e9 du tritium atmosph\u00e9rique sous forme de vapeur","breadcrumb":{"@id":"https:\/\/snowhouse.ca\/product\/environmental-monitoring\/tritium-h3-air-monitoring\/h3r-7000-airborne-tritium-condenser\/#breadcrumb"},"inLanguage":"fr-CA","potentialAction":[{"@type":"ReadAction","target":["https:\/\/snowhouse.ca\/product\/environmental-monitoring\/tritium-h3-air-monitoring\/h3r-7000-airborne-tritium-condenser\/"]}]},{"@type":"ImageObject","inLanguage":"fr-CA","@id":"https:\/\/snowhouse.ca\/product\/environmental-monitoring\/tritium-h3-air-monitoring\/h3r-7000-airborne-tritium-condenser\/#primaryimage","url":"https:\/\/snowhouse.ca\/wp-content\/uploads\/2025\/07\/31796.png?wsr","contentUrl":"https:\/\/snowhouse.ca\/wp-content\/uploads\/2025\/07\/31796.png?wsr","width":400,"height":250},{"@type":"BreadcrumbList","@id":"https:\/\/snowhouse.ca\/product\/environmental-monitoring\/tritium-h3-air-monitoring\/h3r-7000-airborne-tritium-condenser\/#breadcrumb","itemListElement":[{"@type":"ListItem","position":1,"name":"Home","item":"https:\/\/snowhouse.ca\/"},{"@type":"ListItem","position":2,"name":"Products","item":"https:\/\/snowhouse.ca\/products\/"},{"@type":"ListItem","position":3,"name":"H3R 7000 &#8211; Tritium Condenser"}]},{"@type":"WebSite","@id":"https:\/\/snowhouse.ca\/#website","url":"https:\/\/snowhouse.ca\/","name":"Maison de neige","description":"Instruments scientifiques de confiance","publisher":{"@id":"https:\/\/snowhouse.ca\/#organization"},"potentialAction":[{"@type":"SearchAction","target":{"@type":"EntryPoint","urlTemplate":"https:\/\/snowhouse.ca\/?s={search_term_string}"},"query-input":{"@type":"PropertyValueSpecification","valueRequired":true,"valueName":"search_term_string"}}],"inLanguage":"fr-CA"},{"@type":"Organization","@id":"https:\/\/snowhouse.ca\/#organization","name":"Snowhouse inc.","alternateName":"Snowhouse","url":"https:\/\/snowhouse.ca\/","logo":{"@type":"ImageObject","inLanguage":"fr-CA","@id":"https:\/\/snowhouse.ca\/#\/schema\/logo\/image\/","url":"https:\/\/snowhouse.ca\/wp-content\/uploads\/2025\/07\/SnowHouse-Logo.png","contentUrl":"https:\/\/snowhouse.ca\/wp-content\/uploads\/2025\/07\/SnowHouse-Logo.png","width":508,"height":136,"caption":"Snowhouse inc."},"image":{"@id":"https:\/\/snowhouse.ca\/#\/schema\/logo\/image\/"}}]}},"_links":{"self":[{"href":"https:\/\/snowhouse.ca\/fr\/wp-json\/wp\/v2\/product\/618","targetHints":{"allow":["GET"]}}],"collection":[{"href":"https:\/\/snowhouse.ca\/fr\/wp-json\/wp\/v2\/product"}],"about":[{"href":"https:\/\/snowhouse.ca\/fr\/wp-json\/wp\/v2\/types\/product"}],"wp:featuredmedia":[{"embeddable":true,"href":"https:\/\/snowhouse.ca\/fr\/wp-json\/wp\/v2\/media\/619"}],"wp:attachment":[{"href":"https:\/\/snowhouse.ca\/fr\/wp-json\/wp\/v2\/media?parent=618"}],"wp:term":[{"taxonomy":"product_brand","embeddable":true,"href":"https:\/\/snowhouse.ca\/fr\/wp-json\/wp\/v2\/product_brand?post=618"},{"taxonomy":"product_cat","embeddable":true,"href":"https:\/\/snowhouse.ca\/fr\/wp-json\/wp\/v2\/product_cat?post=618"},{"taxonomy":"product_tag","embeddable":true,"href":"https:\/\/snowhouse.ca\/fr\/wp-json\/wp\/v2\/product_tag?post=618"},{"taxonomy":"document","embeddable":true,"href":"https:\/\/snowhouse.ca\/fr\/wp-json\/wp\/v2\/document?post=618"}],"curies":[{"name":"wp","href":"https:\/\/api.w.org\/{rel}","templated":true}]}}