{"id":648,"date":"2025-07-23T01:40:28","date_gmt":"2025-07-23T01:40:28","guid":{"rendered":"https:\/\/snowhouse.ca\/produit\/as-3000-aerosol-iodine-sampler\/"},"modified":"2025-10-28T20:45:11","modified_gmt":"2025-10-28T20:45:11","slug":"as-3000-aerosol-iodine-sampler","status":"publish","type":"product","link":"https:\/\/snowhouse.ca\/fr\/produit\/environmental-monitoring\/iodine-air-monitoring\/as-3000-aerosol-iodine-sampler\/","title":{"rendered":"AS 3000"},"content":{"rendered":"<p><u><strong>AS 3000 \u2013 \u00c9CHANTILLONNEUR D&#039;A\u00c9ROSOL ET D&#039;IODE<\/strong><\/u><\/p>\n<p>L&#039;AS 3000 est con\u00e7u pour effectuer des pr\u00e9l\u00e8vements d&#039;a\u00e9rosols et d&#039;iode sur des papiers filtres et\/ou des cartouches de carbone.<\/p>\n<p>L&#039;AS 3000 int\u00e8gre de nombreuses innovations technologiques telles que la r\u00e9gulation automatique du flux d&#039;air et l&#039;enregistrement des donn\u00e9es sur cl\u00e9 USB.<\/p>\n<p>L&#039;AS 3000 est facile \u00e0 utiliser, robuste, efficace et tr\u00e8s polyvalent, sp\u00e9cialement con\u00e7u pour les personnes travaillant dans le domaine de la surveillance des radiations.<\/p>\n<p>Avantages<br \/>\n\u2013 R\u00e9gulation automatique du d\u00e9bit d&#039;air de 10 \u00e0 50 l\/min<br \/>\n\u2013 Pompe \u00e0 membrane (sans entretien).<br \/>\n\u2013 Compatible avec tous les filtres et cartouches en papier.<br \/>\n\u2013 Reconnaissance automatique du papier filtre ou de la cartouche par option de scanner de lecteur.<br \/>\n\u2013 Pompe ind\u00e9pendante (d\u00e9montage facile en cas de contamination).<br \/>\n\u2013 Installation du porte-filtre par syst\u00e8me rapide sur axe horizontal ou vertical.<br \/>\n\u2013 Fonctionne sur secteur ou sur batterie.<\/p>","protected":false},"excerpt":{"rendered":"<p>\u00c9CHANTILLONNEUR D&#039;A\u00c9ROSOL ET D&#039;IODE<\/p>","protected":false},"featured_media":649,"template":"","meta":[],"product_brand":[558],"product_cat":[97,212],"product_tag":[],"document":[],"class_list":{"0":"post-648","1":"product","2":"type-product","3":"status-publish","4":"has-post-thumbnail","6":"product_brand-sdec-france","7":"product_cat-environmental-monitoring","8":"product_cat-iodine-air-monitoring","10":"first","11":"instock","12":"purchasable","13":"product-type-simple"},"yoast_head":"<!-- This site is optimized with the Yoast SEO plugin v26.8 - https:\/\/yoast.com\/product\/yoast-seo-wordpress\/ -->\n<title>AS 3000 - SnowHouse<\/title>\n<meta name=\"description\" content=\"AEROSOL &amp; IODINE SAMPLERThe AS 3000 is designed to make sampling of aerosols and iodine on filter papers and\/or carbon cartridges.\" \/>\n<meta name=\"robots\" content=\"index, follow, max-snippet:-1, max-image-preview:large, max-video-preview:-1\" \/>\n<link rel=\"canonical\" href=\"https:\/\/snowhouse.ca\/fr\/produit\/environmental-monitoring\/iodine-air-monitoring\/as-3000-aerosol-iodine-sampler\/\" \/>\n<meta property=\"og:locale\" content=\"fr_CA\" \/>\n<meta property=\"og:type\" content=\"article\" \/>\n<meta property=\"og:title\" content=\"AS 3000 - SnowHouse\" \/>\n<meta property=\"og:description\" content=\"AEROSOL &amp; IODINE SAMPLERThe AS 3000 is designed to make sampling of aerosols and iodine on filter papers and\/or carbon cartridges.\" \/>\n<meta property=\"og:url\" content=\"https:\/\/snowhouse.ca\/fr\/produit\/environmental-monitoring\/iodine-air-monitoring\/as-3000-aerosol-iodine-sampler\/\" \/>\n<meta property=\"og:site_name\" content=\"SnowHouse\" \/>\n<meta property=\"article:modified_time\" content=\"2025-10-28T20:45:11+00:00\" \/>\n<meta property=\"og:image\" content=\"https:\/\/snowhouse.ca\/wp-content\/uploads\/2025\/07\/31797.png\" \/>\n\t<meta property=\"og:image:width\" content=\"400\" \/>\n\t<meta property=\"og:image:height\" content=\"250\" \/>\n\t<meta property=\"og:image:type\" content=\"image\/png\" \/>\n<meta name=\"twitter:card\" content=\"summary_large_image\" \/>\n<meta name=\"twitter:label1\" content=\"Estimation du temps de lecture\" \/>\n\t<meta name=\"twitter:data1\" content=\"1 minute\" \/>\n<script type=\"application\/ld+json\" class=\"yoast-schema-graph\">{\"@context\":\"https:\/\/schema.org\",\"@graph\":[{\"@type\":\"WebPage\",\"@id\":\"https:\/\/snowhouse.ca\/fr\/produit\/environmental-monitoring\/iodine-air-monitoring\/as-3000-aerosol-iodine-sampler\/\",\"url\":\"https:\/\/snowhouse.ca\/fr\/produit\/environmental-monitoring\/iodine-air-monitoring\/as-3000-aerosol-iodine-sampler\/\",\"name\":\"AS 3000 - SnowHouse\",\"isPartOf\":{\"@id\":\"https:\/\/snowhouse.ca\/#website\"},\"primaryImageOfPage\":{\"@id\":\"https:\/\/snowhouse.ca\/fr\/produit\/environmental-monitoring\/iodine-air-monitoring\/as-3000-aerosol-iodine-sampler\/#primaryimage\"},\"image\":{\"@id\":\"https:\/\/snowhouse.ca\/fr\/produit\/environmental-monitoring\/iodine-air-monitoring\/as-3000-aerosol-iodine-sampler\/#primaryimage\"},\"thumbnailUrl\":\"https:\/\/snowhouse.ca\/wp-content\/uploads\/2025\/07\/31797.png?wsr\",\"datePublished\":\"2025-07-23T01:40:28+00:00\",\"dateModified\":\"2025-10-28T20:45:11+00:00\",\"description\":\"AEROSOL & IODINE SAMPLERThe AS 3000 is designed to make sampling of aerosols and iodine on filter papers and\/or carbon cartridges.\",\"breadcrumb\":{\"@id\":\"https:\/\/snowhouse.ca\/fr\/produit\/environmental-monitoring\/iodine-air-monitoring\/as-3000-aerosol-iodine-sampler\/#breadcrumb\"},\"inLanguage\":\"fr-CA\",\"potentialAction\":[{\"@type\":\"ReadAction\",\"target\":[\"https:\/\/snowhouse.ca\/fr\/produit\/environmental-monitoring\/iodine-air-monitoring\/as-3000-aerosol-iodine-sampler\/\"]}]},{\"@type\":\"ImageObject\",\"inLanguage\":\"fr-CA\",\"@id\":\"https:\/\/snowhouse.ca\/fr\/produit\/environmental-monitoring\/iodine-air-monitoring\/as-3000-aerosol-iodine-sampler\/#primaryimage\",\"url\":\"https:\/\/snowhouse.ca\/wp-content\/uploads\/2025\/07\/31797.png?wsr\",\"contentUrl\":\"https:\/\/snowhouse.ca\/wp-content\/uploads\/2025\/07\/31797.png?wsr\",\"width\":400,\"height\":250},{\"@type\":\"BreadcrumbList\",\"@id\":\"https:\/\/snowhouse.ca\/fr\/produit\/environmental-monitoring\/iodine-air-monitoring\/as-3000-aerosol-iodine-sampler\/#breadcrumb\",\"itemListElement\":[{\"@type\":\"ListItem\",\"position\":1,\"name\":\"Home\",\"item\":\"https:\/\/snowhouse.ca\/\"},{\"@type\":\"ListItem\",\"position\":2,\"name\":\"Products\",\"item\":\"https:\/\/snowhouse.ca\/products\/\"},{\"@type\":\"ListItem\",\"position\":3,\"name\":\"AS 3000\"}]},{\"@type\":\"WebSite\",\"@id\":\"https:\/\/snowhouse.ca\/#website\",\"url\":\"https:\/\/snowhouse.ca\/\",\"name\":\"SnowHouse\",\"description\":\"Trusted Scientific Instruments\",\"publisher\":{\"@id\":\"https:\/\/snowhouse.ca\/#organization\"},\"potentialAction\":[{\"@type\":\"SearchAction\",\"target\":{\"@type\":\"EntryPoint\",\"urlTemplate\":\"https:\/\/snowhouse.ca\/?s={search_term_string}\"},\"query-input\":{\"@type\":\"PropertyValueSpecification\",\"valueRequired\":true,\"valueName\":\"search_term_string\"}}],\"inLanguage\":\"fr-CA\"},{\"@type\":\"Organization\",\"@id\":\"https:\/\/snowhouse.ca\/#organization\",\"name\":\"Snowhouse inc.\",\"alternateName\":\"Snowhouse\",\"url\":\"https:\/\/snowhouse.ca\/\",\"logo\":{\"@type\":\"ImageObject\",\"inLanguage\":\"fr-CA\",\"@id\":\"https:\/\/snowhouse.ca\/#\/schema\/logo\/image\/\",\"url\":\"https:\/\/snowhouse.ca\/wp-content\/uploads\/2025\/07\/SnowHouse-Logo.png\",\"contentUrl\":\"https:\/\/snowhouse.ca\/wp-content\/uploads\/2025\/07\/SnowHouse-Logo.png\",\"width\":508,\"height\":136,\"caption\":\"Snowhouse inc.\"},\"image\":{\"@id\":\"https:\/\/snowhouse.ca\/#\/schema\/logo\/image\/\"}}]}<\/script>\n<!-- \/ Yoast SEO plugin. -->","yoast_head_json":{"title":"AS 3000 - SnowHouse","description":"AEROSOL & IODINE SAMPLERThe AS 3000 is designed to make sampling of aerosols and iodine on filter papers and\/or carbon cartridges.","robots":{"index":"index","follow":"follow","max-snippet":"max-snippet:-1","max-image-preview":"max-image-preview:large","max-video-preview":"max-video-preview:-1"},"canonical":"https:\/\/snowhouse.ca\/fr\/produit\/environmental-monitoring\/iodine-air-monitoring\/as-3000-aerosol-iodine-sampler\/","og_locale":"fr_CA","og_type":"article","og_title":"AS 3000 - SnowHouse","og_description":"AEROSOL & IODINE SAMPLERThe AS 3000 is designed to make sampling of aerosols and iodine on filter papers and\/or carbon cartridges.","og_url":"https:\/\/snowhouse.ca\/fr\/produit\/environmental-monitoring\/iodine-air-monitoring\/as-3000-aerosol-iodine-sampler\/","og_site_name":"SnowHouse","article_modified_time":"2025-10-28T20:45:11+00:00","og_image":[{"width":400,"height":250,"url":"https:\/\/snowhouse.ca\/wp-content\/uploads\/2025\/07\/31797.png","type":"image\/png"}],"twitter_card":"summary_large_image","twitter_misc":{"Estimation du temps de lecture":"1 minute"},"schema":{"@context":"https:\/\/schema.org","@graph":[{"@type":"WebPage","@id":"https:\/\/snowhouse.ca\/fr\/produit\/environmental-monitoring\/iodine-air-monitoring\/as-3000-aerosol-iodine-sampler\/","url":"https:\/\/snowhouse.ca\/fr\/produit\/environmental-monitoring\/iodine-air-monitoring\/as-3000-aerosol-iodine-sampler\/","name":"AS 3000 - SnowHouse","isPartOf":{"@id":"https:\/\/snowhouse.ca\/#website"},"primaryImageOfPage":{"@id":"https:\/\/snowhouse.ca\/fr\/produit\/environmental-monitoring\/iodine-air-monitoring\/as-3000-aerosol-iodine-sampler\/#primaryimage"},"image":{"@id":"https:\/\/snowhouse.ca\/fr\/produit\/environmental-monitoring\/iodine-air-monitoring\/as-3000-aerosol-iodine-sampler\/#primaryimage"},"thumbnailUrl":"https:\/\/snowhouse.ca\/wp-content\/uploads\/2025\/07\/31797.png?wsr","datePublished":"2025-07-23T01:40:28+00:00","dateModified":"2025-10-28T20:45:11+00:00","description":"AEROSOL & IODINE SAMPLERThe AS 3000 is designed to make sampling of aerosols and iodine on filter papers and\/or carbon cartridges.","breadcrumb":{"@id":"https:\/\/snowhouse.ca\/fr\/produit\/environmental-monitoring\/iodine-air-monitoring\/as-3000-aerosol-iodine-sampler\/#breadcrumb"},"inLanguage":"fr-CA","potentialAction":[{"@type":"ReadAction","target":["https:\/\/snowhouse.ca\/fr\/produit\/environmental-monitoring\/iodine-air-monitoring\/as-3000-aerosol-iodine-sampler\/"]}]},{"@type":"ImageObject","inLanguage":"fr-CA","@id":"https:\/\/snowhouse.ca\/fr\/produit\/environmental-monitoring\/iodine-air-monitoring\/as-3000-aerosol-iodine-sampler\/#primaryimage","url":"https:\/\/snowhouse.ca\/wp-content\/uploads\/2025\/07\/31797.png?wsr","contentUrl":"https:\/\/snowhouse.ca\/wp-content\/uploads\/2025\/07\/31797.png?wsr","width":400,"height":250},{"@type":"BreadcrumbList","@id":"https:\/\/snowhouse.ca\/fr\/produit\/environmental-monitoring\/iodine-air-monitoring\/as-3000-aerosol-iodine-sampler\/#breadcrumb","itemListElement":[{"@type":"ListItem","position":1,"name":"Home","item":"https:\/\/snowhouse.ca\/"},{"@type":"ListItem","position":2,"name":"Products","item":"https:\/\/snowhouse.ca\/products\/"},{"@type":"ListItem","position":3,"name":"AS 3000"}]},{"@type":"WebSite","@id":"https:\/\/snowhouse.ca\/#website","url":"https:\/\/snowhouse.ca\/","name":"Maison de neige","description":"Instruments scientifiques de confiance","publisher":{"@id":"https:\/\/snowhouse.ca\/#organization"},"potentialAction":[{"@type":"SearchAction","target":{"@type":"EntryPoint","urlTemplate":"https:\/\/snowhouse.ca\/?s={search_term_string}"},"query-input":{"@type":"PropertyValueSpecification","valueRequired":true,"valueName":"search_term_string"}}],"inLanguage":"fr-CA"},{"@type":"Organization","@id":"https:\/\/snowhouse.ca\/#organization","name":"Snowhouse inc.","alternateName":"Snowhouse","url":"https:\/\/snowhouse.ca\/","logo":{"@type":"ImageObject","inLanguage":"fr-CA","@id":"https:\/\/snowhouse.ca\/#\/schema\/logo\/image\/","url":"https:\/\/snowhouse.ca\/wp-content\/uploads\/2025\/07\/SnowHouse-Logo.png","contentUrl":"https:\/\/snowhouse.ca\/wp-content\/uploads\/2025\/07\/SnowHouse-Logo.png","width":508,"height":136,"caption":"Snowhouse inc."},"image":{"@id":"https:\/\/snowhouse.ca\/#\/schema\/logo\/image\/"}}]}},"_links":{"self":[{"href":"https:\/\/snowhouse.ca\/fr\/wp-json\/wp\/v2\/product\/648","targetHints":{"allow":["GET"]}}],"collection":[{"href":"https:\/\/snowhouse.ca\/fr\/wp-json\/wp\/v2\/product"}],"about":[{"href":"https:\/\/snowhouse.ca\/fr\/wp-json\/wp\/v2\/types\/product"}],"wp:featuredmedia":[{"embeddable":true,"href":"https:\/\/snowhouse.ca\/fr\/wp-json\/wp\/v2\/media\/649"}],"wp:attachment":[{"href":"https:\/\/snowhouse.ca\/fr\/wp-json\/wp\/v2\/media?parent=648"}],"wp:term":[{"taxonomy":"product_brand","embeddable":true,"href":"https:\/\/snowhouse.ca\/fr\/wp-json\/wp\/v2\/product_brand?post=648"},{"taxonomy":"product_cat","embeddable":true,"href":"https:\/\/snowhouse.ca\/fr\/wp-json\/wp\/v2\/product_cat?post=648"},{"taxonomy":"product_tag","embeddable":true,"href":"https:\/\/snowhouse.ca\/fr\/wp-json\/wp\/v2\/product_tag?post=648"},{"taxonomy":"document","embeddable":true,"href":"https:\/\/snowhouse.ca\/fr\/wp-json\/wp\/v2\/document?post=648"}],"curies":[{"name":"wp","href":"https:\/\/api.w.org\/{rel}","templated":true}]}}