{"id":678,"date":"2025-07-23T01:40:51","date_gmt":"2025-07-23T01:40:51","guid":{"rendered":"https:\/\/snowhouse.ca\/produit\/boosters-high-current-for-sp150-vsp-vmp3\/"},"modified":"2025-11-24T21:30:52","modified_gmt":"2025-11-24T21:30:52","slug":"boosters-high-current-for-sp150-vsp-vmp3","status":"publish","type":"product","link":"https:\/\/snowhouse.ca\/fr\/produit\/potentiostats-galvanostats-fra\/essential-potentiostats\/boosters-high-current-for-sp150-vsp-vmp3\/","title":{"rendered":"Amplificateurs de courant"},"content":{"rendered":"<h3>Boosters pour potentiostats essentiels<\/h3>\n<h4>Augmentez la puissance de votre application gr\u00e2ce \u00e0 un booster de courant \u00e9lev\u00e9.<\/h4>\n<p>Chacun de nos modules\u00a0<strong>multipotentiostat<\/strong>\u00a0unit\u00e9s et les\u00a0<strong>SP-150<\/strong>\u00a0peut \u00eatre interfac\u00e9 \u00e0 un\u00a0<strong>unit\u00e9 de suralimentation s\u00e9par\u00e9e<\/strong>.<\/p>\n<p>Ces\u00a0<strong>unit\u00e9s de suralimentation modulaires<\/strong>\u00a0peuvent avoir diff\u00e9rents modules d&#039;amplification plac\u00e9s \u00e0 l&#039;int\u00e9rieur (2, 5, 10 ou 20 A).<\/p>\n<p>Dans le ch\u00e2ssis de booster standard, il y a 8 emplacements de booster disponibles et la limite de courant est de 20 A. Chaque canal de booster est connect\u00e9 \u00e0 un seul canal de potentiostat.<\/p>\n<p>Il existe \u00e9galement un surpresseur de 80 ou 100 A.<br \/>\n4 Un kit de suralimentation peut \u00eatre ins\u00e9r\u00e9 directement dans le ch\u00e2ssis VSP.<\/p>\n<h4><strong>Caract\u00e9ristiques g\u00e9n\u00e9rales<\/strong><\/h4>\n<ul>\n<li>Port\u00e9e du booster incluse dans la plage de r\u00e9glage automatique<\/li>\n<li>Capacit\u00e9 EIS<\/li>\n<li>Module enfichable ou ch\u00e2ssis externe<\/li>\n<li>Pr\u00eat \u00e0 l&#039;emploi<\/li>\n<\/ul>","protected":false},"excerpt":{"rendered":"<p>Amplificateurs modulaires\u00a0: \u00b12 A, \u00b15 A, \u00b110 A et \u00b120 A<\/p>","protected":false},"featured_media":2412,"template":"","meta":[],"product_brand":[550],"product_cat":[573,576],"product_tag":[],"document":[],"class_list":{"0":"post-678","1":"product","2":"type-product","3":"status-publish","4":"has-post-thumbnail","6":"product_brand-biologic","7":"product_cat-potentiostats-galvanostats-fra","8":"product_cat-essential-potentiostats","10":"first","11":"instock","12":"purchasable","13":"product-type-simple"},"yoast_head":"<!-- This site is optimized with the Yoast SEO plugin v26.8 - https:\/\/yoast.com\/product\/yoast-seo-wordpress\/ -->\n<title>Current Boosters - SnowHouse<\/title>\n<meta name=\"robots\" content=\"index, follow, max-snippet:-1, max-image-preview:large, max-video-preview:-1\" \/>\n<link rel=\"canonical\" href=\"https:\/\/snowhouse.ca\/fr\/product\/potentiostats-galvanostats-fra\/essential-potentiostats\/boosters-high-current-for-sp150-vsp-vmp3\/\" \/>\n<meta property=\"og:locale\" content=\"fr_CA\" \/>\n<meta property=\"og:type\" content=\"article\" \/>\n<meta property=\"og:title\" content=\"Current Boosters - SnowHouse\" \/>\n<meta property=\"og:description\" content=\"Modular Boosters: \u00b12 A, \u00b15 A, \u00b110 A &amp; \u00b120 A\" \/>\n<meta property=\"og:url\" content=\"https:\/\/snowhouse.ca\/fr\/product\/potentiostats-galvanostats-fra\/essential-potentiostats\/boosters-high-current-for-sp150-vsp-vmp3\/\" \/>\n<meta property=\"og:site_name\" content=\"SnowHouse\" \/>\n<meta property=\"article:modified_time\" content=\"2025-11-24T21:30:52+00:00\" \/>\n<meta property=\"og:image\" content=\"https:\/\/snowhouse.ca\/wp-content\/uploads\/2025\/07\/BioLogic-Boosters-for-Essential-Potentiostats-1024x815.png\" \/>\n\t<meta property=\"og:image:width\" content=\"1024\" \/>\n\t<meta property=\"og:image:height\" content=\"815\" \/>\n\t<meta property=\"og:image:type\" content=\"image\/png\" \/>\n<meta name=\"twitter:card\" content=\"summary_large_image\" \/>\n<meta name=\"twitter:label1\" content=\"Estimation du temps de lecture\" \/>\n\t<meta name=\"twitter:data1\" content=\"1 minute\" \/>\n<script type=\"application\/ld+json\" class=\"yoast-schema-graph\">{\"@context\":\"https:\/\/schema.org\",\"@graph\":[{\"@type\":\"WebPage\",\"@id\":\"https:\/\/snowhouse.ca\/product\/potentiostats-galvanostats-fra\/essential-potentiostats\/boosters-high-current-for-sp150-vsp-vmp3\/\",\"url\":\"https:\/\/snowhouse.ca\/product\/potentiostats-galvanostats-fra\/essential-potentiostats\/boosters-high-current-for-sp150-vsp-vmp3\/\",\"name\":\"Current Boosters - SnowHouse\",\"isPartOf\":{\"@id\":\"https:\/\/snowhouse.ca\/#website\"},\"primaryImageOfPage\":{\"@id\":\"https:\/\/snowhouse.ca\/product\/potentiostats-galvanostats-fra\/essential-potentiostats\/boosters-high-current-for-sp150-vsp-vmp3\/#primaryimage\"},\"image\":{\"@id\":\"https:\/\/snowhouse.ca\/product\/potentiostats-galvanostats-fra\/essential-potentiostats\/boosters-high-current-for-sp150-vsp-vmp3\/#primaryimage\"},\"thumbnailUrl\":\"https:\/\/snowhouse.ca\/wp-content\/uploads\/2025\/07\/BioLogic-Boosters-for-Essential-Potentiostats.png?wsr\",\"datePublished\":\"2025-07-23T01:40:51+00:00\",\"dateModified\":\"2025-11-24T21:30:52+00:00\",\"breadcrumb\":{\"@id\":\"https:\/\/snowhouse.ca\/product\/potentiostats-galvanostats-fra\/essential-potentiostats\/boosters-high-current-for-sp150-vsp-vmp3\/#breadcrumb\"},\"inLanguage\":\"fr-CA\",\"potentialAction\":[{\"@type\":\"ReadAction\",\"target\":[\"https:\/\/snowhouse.ca\/product\/potentiostats-galvanostats-fra\/essential-potentiostats\/boosters-high-current-for-sp150-vsp-vmp3\/\"]}]},{\"@type\":\"ImageObject\",\"inLanguage\":\"fr-CA\",\"@id\":\"https:\/\/snowhouse.ca\/product\/potentiostats-galvanostats-fra\/essential-potentiostats\/boosters-high-current-for-sp150-vsp-vmp3\/#primaryimage\",\"url\":\"https:\/\/snowhouse.ca\/wp-content\/uploads\/2025\/07\/BioLogic-Boosters-for-Essential-Potentiostats.png?wsr\",\"contentUrl\":\"https:\/\/snowhouse.ca\/wp-content\/uploads\/2025\/07\/BioLogic-Boosters-for-Essential-Potentiostats.png?wsr\",\"width\":1580,\"height\":1258,\"caption\":\"BioLogic Boosters for Essential Potentiostats\"},{\"@type\":\"BreadcrumbList\",\"@id\":\"https:\/\/snowhouse.ca\/product\/potentiostats-galvanostats-fra\/essential-potentiostats\/boosters-high-current-for-sp150-vsp-vmp3\/#breadcrumb\",\"itemListElement\":[{\"@type\":\"ListItem\",\"position\":1,\"name\":\"Home\",\"item\":\"https:\/\/snowhouse.ca\/\"},{\"@type\":\"ListItem\",\"position\":2,\"name\":\"Products\",\"item\":\"https:\/\/snowhouse.ca\/products\/\"},{\"@type\":\"ListItem\",\"position\":3,\"name\":\"Current Boosters\"}]},{\"@type\":\"WebSite\",\"@id\":\"https:\/\/snowhouse.ca\/#website\",\"url\":\"https:\/\/snowhouse.ca\/\",\"name\":\"SnowHouse\",\"description\":\"Trusted Scientific Instruments\",\"publisher\":{\"@id\":\"https:\/\/snowhouse.ca\/#organization\"},\"potentialAction\":[{\"@type\":\"SearchAction\",\"target\":{\"@type\":\"EntryPoint\",\"urlTemplate\":\"https:\/\/snowhouse.ca\/?s={search_term_string}\"},\"query-input\":{\"@type\":\"PropertyValueSpecification\",\"valueRequired\":true,\"valueName\":\"search_term_string\"}}],\"inLanguage\":\"fr-CA\"},{\"@type\":\"Organization\",\"@id\":\"https:\/\/snowhouse.ca\/#organization\",\"name\":\"Snowhouse inc.\",\"alternateName\":\"Snowhouse\",\"url\":\"https:\/\/snowhouse.ca\/\",\"logo\":{\"@type\":\"ImageObject\",\"inLanguage\":\"fr-CA\",\"@id\":\"https:\/\/snowhouse.ca\/#\/schema\/logo\/image\/\",\"url\":\"https:\/\/snowhouse.ca\/wp-content\/uploads\/2025\/07\/SnowHouse-Logo.png\",\"contentUrl\":\"https:\/\/snowhouse.ca\/wp-content\/uploads\/2025\/07\/SnowHouse-Logo.png\",\"width\":508,\"height\":136,\"caption\":\"Snowhouse inc.\"},\"image\":{\"@id\":\"https:\/\/snowhouse.ca\/#\/schema\/logo\/image\/\"}}]}<\/script>\n<!-- \/ Yoast SEO plugin. -->","yoast_head_json":{"title":"Current Boosters - SnowHouse","robots":{"index":"index","follow":"follow","max-snippet":"max-snippet:-1","max-image-preview":"max-image-preview:large","max-video-preview":"max-video-preview:-1"},"canonical":"https:\/\/snowhouse.ca\/fr\/product\/potentiostats-galvanostats-fra\/essential-potentiostats\/boosters-high-current-for-sp150-vsp-vmp3\/","og_locale":"fr_CA","og_type":"article","og_title":"Current Boosters - SnowHouse","og_description":"Modular Boosters: \u00b12 A, \u00b15 A, \u00b110 A &amp; \u00b120 A","og_url":"https:\/\/snowhouse.ca\/fr\/product\/potentiostats-galvanostats-fra\/essential-potentiostats\/boosters-high-current-for-sp150-vsp-vmp3\/","og_site_name":"SnowHouse","article_modified_time":"2025-11-24T21:30:52+00:00","og_image":[{"width":1024,"height":815,"url":"https:\/\/snowhouse.ca\/wp-content\/uploads\/2025\/07\/BioLogic-Boosters-for-Essential-Potentiostats-1024x815.png","type":"image\/png"}],"twitter_card":"summary_large_image","twitter_misc":{"Estimation du temps de lecture":"1 minute"},"schema":{"@context":"https:\/\/schema.org","@graph":[{"@type":"WebPage","@id":"https:\/\/snowhouse.ca\/product\/potentiostats-galvanostats-fra\/essential-potentiostats\/boosters-high-current-for-sp150-vsp-vmp3\/","url":"https:\/\/snowhouse.ca\/product\/potentiostats-galvanostats-fra\/essential-potentiostats\/boosters-high-current-for-sp150-vsp-vmp3\/","name":"Current Boosters - SnowHouse","isPartOf":{"@id":"https:\/\/snowhouse.ca\/#website"},"primaryImageOfPage":{"@id":"https:\/\/snowhouse.ca\/product\/potentiostats-galvanostats-fra\/essential-potentiostats\/boosters-high-current-for-sp150-vsp-vmp3\/#primaryimage"},"image":{"@id":"https:\/\/snowhouse.ca\/product\/potentiostats-galvanostats-fra\/essential-potentiostats\/boosters-high-current-for-sp150-vsp-vmp3\/#primaryimage"},"thumbnailUrl":"https:\/\/snowhouse.ca\/wp-content\/uploads\/2025\/07\/BioLogic-Boosters-for-Essential-Potentiostats.png?wsr","datePublished":"2025-07-23T01:40:51+00:00","dateModified":"2025-11-24T21:30:52+00:00","breadcrumb":{"@id":"https:\/\/snowhouse.ca\/product\/potentiostats-galvanostats-fra\/essential-potentiostats\/boosters-high-current-for-sp150-vsp-vmp3\/#breadcrumb"},"inLanguage":"fr-CA","potentialAction":[{"@type":"ReadAction","target":["https:\/\/snowhouse.ca\/product\/potentiostats-galvanostats-fra\/essential-potentiostats\/boosters-high-current-for-sp150-vsp-vmp3\/"]}]},{"@type":"ImageObject","inLanguage":"fr-CA","@id":"https:\/\/snowhouse.ca\/product\/potentiostats-galvanostats-fra\/essential-potentiostats\/boosters-high-current-for-sp150-vsp-vmp3\/#primaryimage","url":"https:\/\/snowhouse.ca\/wp-content\/uploads\/2025\/07\/BioLogic-Boosters-for-Essential-Potentiostats.png?wsr","contentUrl":"https:\/\/snowhouse.ca\/wp-content\/uploads\/2025\/07\/BioLogic-Boosters-for-Essential-Potentiostats.png?wsr","width":1580,"height":1258,"caption":"BioLogic Boosters for Essential Potentiostats"},{"@type":"BreadcrumbList","@id":"https:\/\/snowhouse.ca\/product\/potentiostats-galvanostats-fra\/essential-potentiostats\/boosters-high-current-for-sp150-vsp-vmp3\/#breadcrumb","itemListElement":[{"@type":"ListItem","position":1,"name":"Home","item":"https:\/\/snowhouse.ca\/"},{"@type":"ListItem","position":2,"name":"Products","item":"https:\/\/snowhouse.ca\/products\/"},{"@type":"ListItem","position":3,"name":"Current Boosters"}]},{"@type":"WebSite","@id":"https:\/\/snowhouse.ca\/#website","url":"https:\/\/snowhouse.ca\/","name":"Maison de neige","description":"Instruments scientifiques de confiance","publisher":{"@id":"https:\/\/snowhouse.ca\/#organization"},"potentialAction":[{"@type":"SearchAction","target":{"@type":"EntryPoint","urlTemplate":"https:\/\/snowhouse.ca\/?s={search_term_string}"},"query-input":{"@type":"PropertyValueSpecification","valueRequired":true,"valueName":"search_term_string"}}],"inLanguage":"fr-CA"},{"@type":"Organization","@id":"https:\/\/snowhouse.ca\/#organization","name":"Snowhouse inc.","alternateName":"Snowhouse","url":"https:\/\/snowhouse.ca\/","logo":{"@type":"ImageObject","inLanguage":"fr-CA","@id":"https:\/\/snowhouse.ca\/#\/schema\/logo\/image\/","url":"https:\/\/snowhouse.ca\/wp-content\/uploads\/2025\/07\/SnowHouse-Logo.png","contentUrl":"https:\/\/snowhouse.ca\/wp-content\/uploads\/2025\/07\/SnowHouse-Logo.png","width":508,"height":136,"caption":"Snowhouse inc."},"image":{"@id":"https:\/\/snowhouse.ca\/#\/schema\/logo\/image\/"}}]}},"_links":{"self":[{"href":"https:\/\/snowhouse.ca\/fr\/wp-json\/wp\/v2\/product\/678","targetHints":{"allow":["GET"]}}],"collection":[{"href":"https:\/\/snowhouse.ca\/fr\/wp-json\/wp\/v2\/product"}],"about":[{"href":"https:\/\/snowhouse.ca\/fr\/wp-json\/wp\/v2\/types\/product"}],"wp:featuredmedia":[{"embeddable":true,"href":"https:\/\/snowhouse.ca\/fr\/wp-json\/wp\/v2\/media\/2412"}],"wp:attachment":[{"href":"https:\/\/snowhouse.ca\/fr\/wp-json\/wp\/v2\/media?parent=678"}],"wp:term":[{"taxonomy":"product_brand","embeddable":true,"href":"https:\/\/snowhouse.ca\/fr\/wp-json\/wp\/v2\/product_brand?post=678"},{"taxonomy":"product_cat","embeddable":true,"href":"https:\/\/snowhouse.ca\/fr\/wp-json\/wp\/v2\/product_cat?post=678"},{"taxonomy":"product_tag","embeddable":true,"href":"https:\/\/snowhouse.ca\/fr\/wp-json\/wp\/v2\/product_tag?post=678"},{"taxonomy":"document","embeddable":true,"href":"https:\/\/snowhouse.ca\/fr\/wp-json\/wp\/v2\/document?post=678"}],"curies":[{"name":"wp","href":"https:\/\/api.w.org\/{rel}","templated":true}]}}