{"id":682,"date":"2025-07-23T01:40:51","date_gmt":"2025-07-23T01:40:51","guid":{"rendered":"https:\/\/snowhouse.ca\/produit\/hcp-1005-high-current-potentiostat-galvanostat-eis-for-battery-research\/"},"modified":"2025-11-24T21:31:57","modified_gmt":"2025-11-24T21:31:57","slug":"hcp-1005-high-current-potentiostat-galvanostat-eis-for-battery-research","status":"publish","type":"product","link":"https:\/\/snowhouse.ca\/fr\/produit\/potentiostats-galvanostats-fra\/essential-potentiostats\/hcp-1005-high-current-potentiostat-galvanostat-eis-for-battery-research\/","title":{"rendered":"HCP-1005"},"content":{"rendered":"<h3>Potentiostat HCP-1005<span class=\"yellow-dot\">.<\/span><\/h3>\n<h4>Station de travail \u00e9lectrochimique \u00e0 1 canal \u2013 Plus de puissance pour les tests de batteries<\/h4>\n<h3><strong>Puissance et pr\u00e9cision : Id\u00e9al pour les tests de batteries<\/strong><\/h3>\n<p>Le HCP-1005 est un potentiostat compact \u00e0 courant \u00e9lev\u00e9 \u2013 FRA sp\u00e9cialement con\u00e7u pour l&#039;\u00e9tude des batteries secondaires de haute capacit\u00e9.<\/p>\n<p>Avec une plage de tension de 0,6 \u00e0 5 V et une plage de courant de \u00b1100 A, cet appareil est parfait pour les tests de batteries Li-ion.<\/p>\n<p>La capacit\u00e9 EIS int\u00e9gr\u00e9e au ch\u00e2ssis le rend \u00e9galement id\u00e9al pour le suivi des performances des cellules lors des tests de vieillissement.<\/p>\n<p>Le HCP-1005 combine la pr\u00e9cision et le contr\u00f4le d&#039;un potentiostat de qualit\u00e9 recherche avec la puissance d&#039;un amplificateur de 100 A dans le m\u00eame ch\u00e2ssis.<\/p>\n<h3>G\u00e9n\u00e9ral<\/h3>\n<table id=\"tablepress-118\" class=\"tablepress tablepress-id-118\">\n<thead>\n<tr class=\"row-1\">\n<th class=\"column-1\" colspan=\"2\"><strong>G\u00e9n\u00e9ral<\/strong><\/th>\n<\/tr>\n<\/thead>\n<tbody class=\"row-striping row-hover\">\n<tr class=\"row-2\">\n<td class=\"column-1\">Places disponibles<\/td>\n<td class=\"column-2\">1<\/td>\n<\/tr>\n<tr class=\"row-3\">\n<td class=\"column-1\">Connexions des \u00e9lectrodes<\/td>\n<td class=\"column-2\">2, 3, 4, 5<\/td>\n<\/tr>\n<tr class=\"row-4\">\n<td class=\"column-1\">Conformit\u00e9<\/td>\n<td class=\"column-2\">6 V<\/td>\n<\/tr>\n<tr class=\"row-5\">\n<td class=\"column-1\">Temps d&#039;acquisition<\/td>\n<td class=\"column-2\">20 \u00b5s avec le package d\u00e9veloppeur EC-Lab, 200 \u00b5s avec EC-Lab.<br \/>\n<a href=\"https:\/\/biologic.net\/topics\/data-of-interest-getting-the-most-out-of-your-blue-box\/\" target=\"_blank\" rel=\"noopener\">donn\u00e9es trait\u00e9es en temps r\u00e9el<\/a>\u00a0: 200 \u00b5s, ind\u00e9pendamment de la fr\u00e9quence d&#039;\u00e9chantillonnage (Q charge, Q d\u00e9charge, \u00e9nergie, puissance\u2026)<\/td>\n<\/tr>\n<tr class=\"row-6\">\n<td class=\"column-1\">Logiciel<\/td>\n<td class=\"column-2\">EC-Lab, package d\u00e9veloppeur EC-Lab<\/td>\n<\/tr>\n<tr class=\"row-7\">\n<td class=\"column-1\">Compatibilit\u00e9 des modules compl\u00e9mentaires<\/td>\n<td class=\"column-2\">Booster int\u00e9gr\u00e9<\/td>\n<\/tr>\n<tr class=\"row-8\">\n<td class=\"column-1\">Dimensions (L x P x H)<\/td>\n<td class=\"column-2\">495 x 465 x 262 mm<\/td>\n<\/tr>\n<tr class=\"row-9\">\n<td class=\"column-1\">Poids<\/td>\n<td class=\"column-2\">25 kg<\/td>\n<\/tr>\n<tr class=\"row-10\">\n<td class=\"column-1\">Besoins en \u00e9nergie<\/td>\n<td class=\"column-2\">1000 W<\/td>\n<\/tr>\n<tr class=\"row-11\">\n<td class=\"column-1\">Interfaces<\/td>\n<td class=\"column-2\"><a href=\"https:\/\/biologic.net\/topics\/take-your-experiments-to-go-with-ec-lab\/\" target=\"_blank\" rel=\"noopener\">Ethernet (Direct, LAN, Wifi), USB 2.0<\/a><\/td>\n<\/tr>\n<\/tbody>\n<\/table>\n<h3>Sp\u00e9cifications du canal<\/h3>\n<p>&nbsp;<\/p>\n<table id=\"tablepress-112\" class=\"tablepress tablepress-id-112 tbody-has-connected-cells\">\n<thead>\n<tr class=\"row-1\">\n<td class=\"column-1\"><\/td>\n<th class=\"column-2\">Contr\u00f4le<\/th>\n<th class=\"column-3\">Mesures<\/th>\n<\/tr>\n<\/thead>\n<tbody class=\"row-striping row-hover\">\n<tr class=\"row-2\">\n<td class=\"column-1\" colspan=\"3\"><strong>Tension<\/strong><\/td>\n<\/tr>\n<tr class=\"row-3\">\n<td class=\"column-1\">Gammes<\/td>\n<td class=\"column-2\" colspan=\"2\"><center>Plage de r\u00e9glage de 0,6 \u00e0 5 V<\/center><\/td>\n<\/tr>\n<tr class=\"row-4\">\n<td class=\"column-1\">Pr\u00e9cision<\/td>\n<td class=\"column-2\" colspan=\"2\">&lt; 0,1 % FSR*<\/td>\n<\/tr>\n<tr class=\"row-5\">\n<td class=\"column-1\" colspan=\"3\"><strong>Actuel<\/strong><\/td>\n<\/tr>\n<tr class=\"row-6\">\n<td class=\"column-1\">Gammes<\/td>\n<td class=\"column-2\" colspan=\"2\"><center>\u00b1 100 A<\/center><\/td>\n<\/tr>\n<tr class=\"row-7\">\n<td class=\"column-1\">Pr\u00e9cision<\/td>\n<td class=\"column-2\" colspan=\"2\"><center>&lt; 0,5 % FSR* (&lt; 1 A)<\/center><\/td>\n<\/tr>\n<tr class=\"row-8\">\n<td class=\"column-1\" colspan=\"3\"><strong>EIE<\/strong><\/td>\n<\/tr>\n<tr class=\"row-9\">\n<td class=\"column-1\">Capacit\u00e9 EIS<\/td>\n<td class=\"column-2\" colspan=\"2\"><center>10 kHz \u00e0 10 \u00b5Hz<\/center><\/td>\n<\/tr>\n<tr class=\"row-10\">\n<td class=\"column-1\">Indicateurs de qualit\u00e9 EIS<\/td>\n<td class=\"column-2\" colspan=\"2\"><center>Oui (avec carte de canal de type \u00ab e \u00bb)<\/center><\/td>\n<\/tr>\n<tr class=\"row-11\">\n<td class=\"column-1\" colspan=\"3\"><strong>Caract\u00e9ristiques<\/strong><\/td>\n<\/tr>\n<tr class=\"row-12\">\n<td class=\"column-1\">Bruit potentiel<\/td>\n<td class=\"column-2\" colspan=\"2\"><center>0,15 mV (type RMS)<\/center><\/td>\n<\/tr>\n<tr class=\"row-13\">\n<td class=\"column-1\">Bruit de courant<\/td>\n<td class=\"column-2\" colspan=\"2\"><center>5 mA (type RMS)<\/center><\/td>\n<\/tr>\n<tr class=\"row-14\">\n<td class=\"column-1\">Temps de mont\u00e9e\/descente<\/td>\n<td class=\"column-2\" colspan=\"2\"><center>Potentiom\u00e8tre\u00a0: 1,7\u00a0ms (\u00e0 vide). Galvanocoupleur\u00a0: 4\u00a0ms (charge\u00a0=\u00a020\u00a0m\u03a9, c\u00e2ble de 50\u00a0cm).<\/center><\/td>\n<\/tr>\n<\/tbody>\n<\/table>\n<p>*FSR = Plage de mesure compl\u00e8te<\/p>\n<p>&nbsp;<\/p>\n<h3>Avanc\u00e9<\/h3>\n<table id=\"tablepress-113\" class=\"tablepress tablepress-id-113\">\n<thead>\n<tr class=\"row-1\">\n<th class=\"column-1\" colspan=\"2\"><strong>Avanc\u00e9<\/strong><\/th>\n<\/tr>\n<\/thead>\n<tbody class=\"row-striping row-hover\">\n<tr class=\"row-2\">\n<td class=\"column-1\">Connexions d&#039;\u00e9lectrodes<\/td>\n<td class=\"column-2\"><a href=\"https:\/\/biologic.net\/topics\/connection-to-the-cell-part-1-what-is-ground\/\" target=\"_blank\" rel=\"noopener\">CE \u00e0 la terre<\/a><\/td>\n<\/tr>\n<tr class=\"row-3\">\n<td class=\"column-1\">Filtres<\/td>\n<td class=\"column-2\">Logiciel<\/td>\n<\/tr>\n<tr class=\"row-4\">\n<td class=\"column-1\">Entr\u00e9e\/Sortie<\/td>\n<td class=\"column-2\">1 entr\u00e9e externe (niveau TTL), sonde de temp\u00e9rature PT100 (0 \u00e0 250 \u00b0C), 1 entr\u00e9e ouverte (0 \u00e0 5 V, niveau TTL actif \u00e0 l&#039;\u00e9tat bas), arr\u00eat en cas de surchauffe \u00e0 70 \u00b0C<\/td>\n<\/tr>\n<tr class=\"row-5\">\n<td class=\"column-1\">Mode de contr\u00f4le de stabilit\u00e9<\/td>\n<td class=\"column-2\">4 bandes passantes<\/td>\n<\/tr>\n<\/tbody>\n<\/table>","protected":false},"excerpt":{"rendered":"<p>Thermostat Pstat\/Gstat simple, 0,6 \u00e0 5 V \u00e0 \u00b1100 A<\/p>","protected":false},"featured_media":2414,"template":"","meta":[],"product_brand":[550],"product_cat":[573,576],"product_tag":[],"document":[],"class_list":{"0":"post-682","1":"product","2":"type-product","3":"status-publish","4":"has-post-thumbnail","6":"product_brand-biologic","7":"product_cat-potentiostats-galvanostats-fra","8":"product_cat-essential-potentiostats","10":"first","11":"instock","12":"purchasable","13":"product-type-simple"},"yoast_head":"<!-- This site is optimized with the Yoast SEO plugin v26.8 - https:\/\/yoast.com\/product\/yoast-seo-wordpress\/ -->\n<title>HCP-1005 - SnowHouse<\/title>\n<meta name=\"description\" content=\"A compact high-current electrochemical workstation - FRA\u00a0specifically designed to study\u00a0high-capacity secondary batteries\" \/>\n<meta name=\"robots\" content=\"index, follow, max-snippet:-1, max-image-preview:large, max-video-preview:-1\" \/>\n<link rel=\"canonical\" href=\"https:\/\/snowhouse.ca\/fr\/product\/potentiostats-galvanostats-fra\/essential-potentiostats\/hcp-1005-high-current-potentiostat-galvanostat-eis-for-battery-research\/\" \/>\n<meta property=\"og:locale\" content=\"fr_CA\" \/>\n<meta property=\"og:type\" content=\"article\" \/>\n<meta property=\"og:title\" content=\"HCP-1005 - SnowHouse\" \/>\n<meta property=\"og:description\" content=\"A compact high-current electrochemical workstation - FRA\u00a0specifically designed to study\u00a0high-capacity secondary batteries\" \/>\n<meta property=\"og:url\" content=\"https:\/\/snowhouse.ca\/fr\/product\/potentiostats-galvanostats-fra\/essential-potentiostats\/hcp-1005-high-current-potentiostat-galvanostat-eis-for-battery-research\/\" \/>\n<meta property=\"og:site_name\" content=\"SnowHouse\" \/>\n<meta property=\"article:modified_time\" content=\"2025-11-24T21:31:57+00:00\" \/>\n<meta property=\"og:image\" content=\"https:\/\/snowhouse.ca\/wp-content\/uploads\/2025\/07\/BioLogic-HCP-1005.png\" \/>\n\t<meta property=\"og:image:width\" content=\"1044\" \/>\n\t<meta property=\"og:image:height\" content=\"625\" \/>\n\t<meta property=\"og:image:type\" content=\"image\/png\" \/>\n<meta name=\"twitter:card\" content=\"summary_large_image\" \/>\n<meta name=\"twitter:label1\" content=\"Estimation du temps de lecture\" \/>\n\t<meta name=\"twitter:data1\" content=\"2 minutes\" \/>\n<script type=\"application\/ld+json\" class=\"yoast-schema-graph\">{\"@context\":\"https:\/\/schema.org\",\"@graph\":[{\"@type\":\"WebPage\",\"@id\":\"https:\/\/snowhouse.ca\/product\/potentiostats-galvanostats-fra\/essential-potentiostats\/hcp-1005-high-current-potentiostat-galvanostat-eis-for-battery-research\/\",\"url\":\"https:\/\/snowhouse.ca\/product\/potentiostats-galvanostats-fra\/essential-potentiostats\/hcp-1005-high-current-potentiostat-galvanostat-eis-for-battery-research\/\",\"name\":\"HCP-1005 - SnowHouse\",\"isPartOf\":{\"@id\":\"https:\/\/snowhouse.ca\/#website\"},\"primaryImageOfPage\":{\"@id\":\"https:\/\/snowhouse.ca\/product\/potentiostats-galvanostats-fra\/essential-potentiostats\/hcp-1005-high-current-potentiostat-galvanostat-eis-for-battery-research\/#primaryimage\"},\"image\":{\"@id\":\"https:\/\/snowhouse.ca\/product\/potentiostats-galvanostats-fra\/essential-potentiostats\/hcp-1005-high-current-potentiostat-galvanostat-eis-for-battery-research\/#primaryimage\"},\"thumbnailUrl\":\"https:\/\/snowhouse.ca\/wp-content\/uploads\/2025\/07\/BioLogic-HCP-1005.png?wsr\",\"datePublished\":\"2025-07-23T01:40:51+00:00\",\"dateModified\":\"2025-11-24T21:31:57+00:00\",\"description\":\"A compact high-current electrochemical workstation - FRA\u00a0specifically designed to study\u00a0high-capacity secondary batteries\",\"breadcrumb\":{\"@id\":\"https:\/\/snowhouse.ca\/product\/potentiostats-galvanostats-fra\/essential-potentiostats\/hcp-1005-high-current-potentiostat-galvanostat-eis-for-battery-research\/#breadcrumb\"},\"inLanguage\":\"fr-CA\",\"potentialAction\":[{\"@type\":\"ReadAction\",\"target\":[\"https:\/\/snowhouse.ca\/product\/potentiostats-galvanostats-fra\/essential-potentiostats\/hcp-1005-high-current-potentiostat-galvanostat-eis-for-battery-research\/\"]}]},{\"@type\":\"ImageObject\",\"inLanguage\":\"fr-CA\",\"@id\":\"https:\/\/snowhouse.ca\/product\/potentiostats-galvanostats-fra\/essential-potentiostats\/hcp-1005-high-current-potentiostat-galvanostat-eis-for-battery-research\/#primaryimage\",\"url\":\"https:\/\/snowhouse.ca\/wp-content\/uploads\/2025\/07\/BioLogic-HCP-1005.png?wsr\",\"contentUrl\":\"https:\/\/snowhouse.ca\/wp-content\/uploads\/2025\/07\/BioLogic-HCP-1005.png?wsr\",\"width\":1044,\"height\":625,\"caption\":\"BioLogic HCP-1005 - High Current Potentiostat\"},{\"@type\":\"BreadcrumbList\",\"@id\":\"https:\/\/snowhouse.ca\/product\/potentiostats-galvanostats-fra\/essential-potentiostats\/hcp-1005-high-current-potentiostat-galvanostat-eis-for-battery-research\/#breadcrumb\",\"itemListElement\":[{\"@type\":\"ListItem\",\"position\":1,\"name\":\"Home\",\"item\":\"https:\/\/snowhouse.ca\/\"},{\"@type\":\"ListItem\",\"position\":2,\"name\":\"Products\",\"item\":\"https:\/\/snowhouse.ca\/products\/\"},{\"@type\":\"ListItem\",\"position\":3,\"name\":\"HCP-1005\"}]},{\"@type\":\"WebSite\",\"@id\":\"https:\/\/snowhouse.ca\/#website\",\"url\":\"https:\/\/snowhouse.ca\/\",\"name\":\"SnowHouse\",\"description\":\"Trusted Scientific Instruments\",\"publisher\":{\"@id\":\"https:\/\/snowhouse.ca\/#organization\"},\"potentialAction\":[{\"@type\":\"SearchAction\",\"target\":{\"@type\":\"EntryPoint\",\"urlTemplate\":\"https:\/\/snowhouse.ca\/?s={search_term_string}\"},\"query-input\":{\"@type\":\"PropertyValueSpecification\",\"valueRequired\":true,\"valueName\":\"search_term_string\"}}],\"inLanguage\":\"fr-CA\"},{\"@type\":\"Organization\",\"@id\":\"https:\/\/snowhouse.ca\/#organization\",\"name\":\"Snowhouse inc.\",\"alternateName\":\"Snowhouse\",\"url\":\"https:\/\/snowhouse.ca\/\",\"logo\":{\"@type\":\"ImageObject\",\"inLanguage\":\"fr-CA\",\"@id\":\"https:\/\/snowhouse.ca\/#\/schema\/logo\/image\/\",\"url\":\"https:\/\/snowhouse.ca\/wp-content\/uploads\/2025\/07\/SnowHouse-Logo.png\",\"contentUrl\":\"https:\/\/snowhouse.ca\/wp-content\/uploads\/2025\/07\/SnowHouse-Logo.png\",\"width\":508,\"height\":136,\"caption\":\"Snowhouse inc.\"},\"image\":{\"@id\":\"https:\/\/snowhouse.ca\/#\/schema\/logo\/image\/\"}}]}<\/script>\n<!-- \/ Yoast SEO plugin. -->","yoast_head_json":{"title":"HCP-1005 - SnowHouse","description":"A compact high-current electrochemical workstation - FRA\u00a0specifically designed to study\u00a0high-capacity secondary batteries","robots":{"index":"index","follow":"follow","max-snippet":"max-snippet:-1","max-image-preview":"max-image-preview:large","max-video-preview":"max-video-preview:-1"},"canonical":"https:\/\/snowhouse.ca\/fr\/product\/potentiostats-galvanostats-fra\/essential-potentiostats\/hcp-1005-high-current-potentiostat-galvanostat-eis-for-battery-research\/","og_locale":"fr_CA","og_type":"article","og_title":"HCP-1005 - SnowHouse","og_description":"A compact high-current electrochemical workstation - FRA\u00a0specifically designed to study\u00a0high-capacity secondary batteries","og_url":"https:\/\/snowhouse.ca\/fr\/product\/potentiostats-galvanostats-fra\/essential-potentiostats\/hcp-1005-high-current-potentiostat-galvanostat-eis-for-battery-research\/","og_site_name":"SnowHouse","article_modified_time":"2025-11-24T21:31:57+00:00","og_image":[{"width":1044,"height":625,"url":"https:\/\/snowhouse.ca\/wp-content\/uploads\/2025\/07\/BioLogic-HCP-1005.png","type":"image\/png"}],"twitter_card":"summary_large_image","twitter_misc":{"Estimation du temps de lecture":"2 minutes"},"schema":{"@context":"https:\/\/schema.org","@graph":[{"@type":"WebPage","@id":"https:\/\/snowhouse.ca\/product\/potentiostats-galvanostats-fra\/essential-potentiostats\/hcp-1005-high-current-potentiostat-galvanostat-eis-for-battery-research\/","url":"https:\/\/snowhouse.ca\/product\/potentiostats-galvanostats-fra\/essential-potentiostats\/hcp-1005-high-current-potentiostat-galvanostat-eis-for-battery-research\/","name":"HCP-1005 - SnowHouse","isPartOf":{"@id":"https:\/\/snowhouse.ca\/#website"},"primaryImageOfPage":{"@id":"https:\/\/snowhouse.ca\/product\/potentiostats-galvanostats-fra\/essential-potentiostats\/hcp-1005-high-current-potentiostat-galvanostat-eis-for-battery-research\/#primaryimage"},"image":{"@id":"https:\/\/snowhouse.ca\/product\/potentiostats-galvanostats-fra\/essential-potentiostats\/hcp-1005-high-current-potentiostat-galvanostat-eis-for-battery-research\/#primaryimage"},"thumbnailUrl":"https:\/\/snowhouse.ca\/wp-content\/uploads\/2025\/07\/BioLogic-HCP-1005.png?wsr","datePublished":"2025-07-23T01:40:51+00:00","dateModified":"2025-11-24T21:31:57+00:00","description":"A compact high-current electrochemical workstation - FRA\u00a0specifically designed to study\u00a0high-capacity secondary batteries","breadcrumb":{"@id":"https:\/\/snowhouse.ca\/product\/potentiostats-galvanostats-fra\/essential-potentiostats\/hcp-1005-high-current-potentiostat-galvanostat-eis-for-battery-research\/#breadcrumb"},"inLanguage":"fr-CA","potentialAction":[{"@type":"ReadAction","target":["https:\/\/snowhouse.ca\/product\/potentiostats-galvanostats-fra\/essential-potentiostats\/hcp-1005-high-current-potentiostat-galvanostat-eis-for-battery-research\/"]}]},{"@type":"ImageObject","inLanguage":"fr-CA","@id":"https:\/\/snowhouse.ca\/product\/potentiostats-galvanostats-fra\/essential-potentiostats\/hcp-1005-high-current-potentiostat-galvanostat-eis-for-battery-research\/#primaryimage","url":"https:\/\/snowhouse.ca\/wp-content\/uploads\/2025\/07\/BioLogic-HCP-1005.png?wsr","contentUrl":"https:\/\/snowhouse.ca\/wp-content\/uploads\/2025\/07\/BioLogic-HCP-1005.png?wsr","width":1044,"height":625,"caption":"BioLogic HCP-1005 - High Current Potentiostat"},{"@type":"BreadcrumbList","@id":"https:\/\/snowhouse.ca\/product\/potentiostats-galvanostats-fra\/essential-potentiostats\/hcp-1005-high-current-potentiostat-galvanostat-eis-for-battery-research\/#breadcrumb","itemListElement":[{"@type":"ListItem","position":1,"name":"Home","item":"https:\/\/snowhouse.ca\/"},{"@type":"ListItem","position":2,"name":"Products","item":"https:\/\/snowhouse.ca\/products\/"},{"@type":"ListItem","position":3,"name":"HCP-1005"}]},{"@type":"WebSite","@id":"https:\/\/snowhouse.ca\/#website","url":"https:\/\/snowhouse.ca\/","name":"Maison de neige","description":"Instruments scientifiques de confiance","publisher":{"@id":"https:\/\/snowhouse.ca\/#organization"},"potentialAction":[{"@type":"SearchAction","target":{"@type":"EntryPoint","urlTemplate":"https:\/\/snowhouse.ca\/?s={search_term_string}"},"query-input":{"@type":"PropertyValueSpecification","valueRequired":true,"valueName":"search_term_string"}}],"inLanguage":"fr-CA"},{"@type":"Organization","@id":"https:\/\/snowhouse.ca\/#organization","name":"Snowhouse inc.","alternateName":"Snowhouse","url":"https:\/\/snowhouse.ca\/","logo":{"@type":"ImageObject","inLanguage":"fr-CA","@id":"https:\/\/snowhouse.ca\/#\/schema\/logo\/image\/","url":"https:\/\/snowhouse.ca\/wp-content\/uploads\/2025\/07\/SnowHouse-Logo.png","contentUrl":"https:\/\/snowhouse.ca\/wp-content\/uploads\/2025\/07\/SnowHouse-Logo.png","width":508,"height":136,"caption":"Snowhouse inc."},"image":{"@id":"https:\/\/snowhouse.ca\/#\/schema\/logo\/image\/"}}]}},"_links":{"self":[{"href":"https:\/\/snowhouse.ca\/fr\/wp-json\/wp\/v2\/product\/682","targetHints":{"allow":["GET"]}}],"collection":[{"href":"https:\/\/snowhouse.ca\/fr\/wp-json\/wp\/v2\/product"}],"about":[{"href":"https:\/\/snowhouse.ca\/fr\/wp-json\/wp\/v2\/types\/product"}],"wp:featuredmedia":[{"embeddable":true,"href":"https:\/\/snowhouse.ca\/fr\/wp-json\/wp\/v2\/media\/2414"}],"wp:attachment":[{"href":"https:\/\/snowhouse.ca\/fr\/wp-json\/wp\/v2\/media?parent=682"}],"wp:term":[{"taxonomy":"product_brand","embeddable":true,"href":"https:\/\/snowhouse.ca\/fr\/wp-json\/wp\/v2\/product_brand?post=682"},{"taxonomy":"product_cat","embeddable":true,"href":"https:\/\/snowhouse.ca\/fr\/wp-json\/wp\/v2\/product_cat?post=682"},{"taxonomy":"product_tag","embeddable":true,"href":"https:\/\/snowhouse.ca\/fr\/wp-json\/wp\/v2\/product_tag?post=682"},{"taxonomy":"document","embeddable":true,"href":"https:\/\/snowhouse.ca\/fr\/wp-json\/wp\/v2\/document?post=682"}],"curies":[{"name":"wp","href":"https:\/\/api.w.org\/{rel}","templated":true}]}}