{"id":692,"date":"2025-07-23T01:40:51","date_gmt":"2025-07-23T01:40:51","guid":{"rendered":"https:\/\/snowhouse.ca\/produit\/vsp-300-the-ultimate-modular-6-channels-potentiostat-galvanostat-eis\/"},"modified":"2025-11-24T21:34:29","modified_gmt":"2025-11-24T21:34:29","slug":"vsp-300-the-ultimate-modular-6-channels-potentiostat-galvanostat-eis","status":"publish","type":"product","link":"https:\/\/snowhouse.ca\/fr\/produit\/potentiostats-galvanostats-fra\/premium-potentiostats\/vsp-300-the-ultimate-modular-6-channels-potentiostat-galvanostat-eis\/","title":{"rendered":"VSP-300 PStat\/Gstat"},"content":{"rendered":"<h3>Le VSP-300 de BioLogic est un potentiostat et analyseur de spectre de r\u00e9f\u00e9rence (FRA) de pointe, de qualit\u00e9 recherche, dot\u00e9 d&#039;une gamme impressionnante de sp\u00e9cifications.<\/h3>\n<h4>6 canaux \u2013 Un potentiostat multicanaux de qualit\u00e9 recherche au format compact<\/h4>\n<p>Le potentiostat multicanal VSP-300 s&#039;appuie sur la longue histoire de conception et d&#039;innovation de BioLogic gr\u00e2ce \u00e0 un potentiostat flexible et modulaire qui int\u00e8gre les derni\u00e8res technologies pour offrir des performances in\u00e9gal\u00e9es.<\/p>\n<p>La VSP-300 est une station de travail \u00e9lectrochimique polyvalente dot\u00e9e de six cartes de canaux. Gr\u00e2ce au syst\u00e8me modulaire de BioLogic, chaque carte de canal peut \u00eatre personnalis\u00e9e selon les besoins de l&#039;utilisateur. Adaptez chaque canal aux courants ultra-faibles gr\u00e2ce \u00e0 l&#039;un de nos adaptateurs.\u00a0<a href=\"https:\/\/www.biologic.net\/products\/ultra-low-current-down-to-aa-resolution\/\" target=\"_blank\" rel=\"noopener\">c\u00e2bles ULC<\/a>\u00a0ou se connecter \u00e0 l&#039;une des quatre cartes d&#039;amplification de courant \u00e9lev\u00e9 qui peuvent atteindre\u00a0<a href=\"https:\/\/biologic.net\/products\/current-voltage-booster-for-the-premium-range\/\">jusqu&#039;\u00e0 10 A\u00a0<\/a>ou branch\u00e9s en parall\u00e8le pour atteindre jusqu&#039;\u00e0 40 A. Tous les potentiostats BioLogic Premium prennent en charge l&#039;EIS haute fr\u00e9quence.\u00a0<a href=\"https:\/\/www.biologic.net\/products\/embedded-eis-up-to-11-mhz\/\" target=\"_blank\" rel=\"noopener\">jusqu&#039;\u00e0 11 MHz<\/a>\u00a0avec une pr\u00e9cision de r\u00e9f\u00e9rence.<\/p>\n<p>Pour les exp\u00e9riences avanc\u00e9es, chaque carte de canal peut \u00eatre \u00e9quip\u00e9e d&#039;un\u00a0<a href=\"https:\/\/www.biologic.net\/products\/arg\/\" target=\"_blank\" rel=\"noopener\">G\u00e9n\u00e9rateur de rampe analogique<\/a>.<\/p>\n<p>Id\u00e9al pour le travail en groupe, le VSP-300 peut \u00eatre connect\u00e9 \u00e0 un r\u00e9seau local et contr\u00f4l\u00e9 ind\u00e9pendamment par plusieurs utilisateurs. Son format vertical fait de ce potentiostat la station de travail \u00e9lectrochimique multicanaux avec EIS la plus compacte du march\u00e9.<\/p>\n<h3>G\u00e9n\u00e9ral<\/h3>\n<table id=\"tablepress-109\" class=\"tablepress tablepress-id-109\">\n<thead>\n<tr class=\"row-1\">\n<th class=\"column-1\" colspan=\"2\"><strong>G\u00e9n\u00e9ral<\/strong><\/th>\n<\/tr>\n<\/thead>\n<tbody class=\"row-striping row-hover\">\n<tr class=\"row-2\">\n<td class=\"column-1\">Places disponibles<\/td>\n<td class=\"column-2\">Jusqu&#039;\u00e0 6<\/td>\n<\/tr>\n<tr class=\"row-3\">\n<td class=\"column-1\">Connexions des \u00e9lectrodes<\/td>\n<td class=\"column-2\">2, 3, 4, 5<\/td>\n<\/tr>\n<tr class=\"row-4\">\n<td class=\"column-1\">Conformit\u00e9<\/td>\n<td class=\"column-2\">\u00b1 12 V<\/td>\n<\/tr>\n<tr class=\"row-5\">\n<td class=\"column-1\">Temps d&#039;acquisition<\/td>\n<td class=\"column-2\">1 \u00b5s avec\u00a0<a href=\"https:\/\/biologic.net\/products\/arg\/\" target=\"_blank\" rel=\"noopener\">ARG<\/a>\u00a0option, 20 \u00b5s avec le package d\u00e9veloppeur EC-Lab, 200 \u00b5s avec EC-Lab.<br \/>\n<a href=\"https:\/\/biologic.net\/topics\/data-of-interest-getting-the-most-out-of-your-blue-box\/\" target=\"_blank\" rel=\"noopener\">donn\u00e9es trait\u00e9es en temps r\u00e9el<\/a>\u00a0: 200 \u00b5s, ind\u00e9pendamment de la fr\u00e9quence d&#039;\u00e9chantillonnage (Q charge, Q d\u00e9charge, \u00e9nergie, puissance\u2026)<\/td>\n<\/tr>\n<tr class=\"row-6\">\n<td class=\"column-1\">Logiciel<\/td>\n<td class=\"column-2\">EC-Lab, package d\u00e9veloppeur EC-Lab<\/td>\n<\/tr>\n<tr class=\"row-7\">\n<td class=\"column-1\">Compatibilit\u00e9 des modules compl\u00e9mentaires<\/td>\n<td class=\"column-2\">Oui<\/td>\n<\/tr>\n<tr class=\"row-8\">\n<td class=\"column-1\">Dimensions (L x P x H)<\/td>\n<td class=\"column-2\">254 x 517 x 337 mm<\/td>\n<\/tr>\n<tr class=\"row-9\">\n<td class=\"column-1\">Poids<\/td>\n<td class=\"column-2\">20 kg<\/td>\n<\/tr>\n<tr class=\"row-10\">\n<td class=\"column-1\">Besoins en \u00e9nergie<\/td>\n<td class=\"column-2\">650 W<\/td>\n<\/tr>\n<tr class=\"row-11\">\n<td class=\"column-1\">Interfaces<\/td>\n<td class=\"column-2\"><a href=\"https:\/\/biologic.net\/topics\/take-your-experiments-to-go-with-ec-lab\/\" target=\"_blank\" rel=\"noopener\">Ethernet (Direct, LAN, Wifi), USB 2.0<\/a><\/td>\n<\/tr>\n<\/tbody>\n<\/table>\n<h3>Sp\u00e9cifications du canal<\/h3>\n<table id=\"tablepress-101\" class=\"tablepress tablepress-id-101 tbody-has-connected-cells\">\n<thead>\n<tr class=\"row-1\">\n<td class=\"column-1\"><\/td>\n<th class=\"column-2\"><center>Contr\u00f4le<\/center><\/th>\n<th class=\"column-3\"><center>Mesures<\/center><\/th>\n<\/tr>\n<\/thead>\n<tbody class=\"row-striping row-hover\">\n<tr class=\"row-2\">\n<td class=\"column-1\" colspan=\"3\"><strong>Tension<\/strong><\/td>\n<\/tr>\n<tr class=\"row-3\">\n<td class=\"column-1\">Gammes<\/td>\n<td class=\"column-2\">Plages personnalisables. R\u00e9glables de \u00b1 10 V \u00e0 \u00b1 30 mV.<br \/>\nJusqu&#039;\u00e0 [0 ; 48] V avec\u00a0<a href=\"https:\/\/biologic.net\/products\/hcv-3048\/\" target=\"_blank\" rel=\"noopener\">HCV-3048<\/a><\/td>\n<td class=\"column-3\">\u00b1 10 V personnalisable<\/td>\n<\/tr>\n<tr class=\"row-4\">\n<td class=\"column-1\">Pr\u00e9cision<\/td>\n<td class=\"column-2\">&lt; \u00b1 1 mV \u00b1 0,03 % de r\u00e9glage<\/td>\n<td class=\"column-3\">&lt; \u00b1 1 mV \u00b1 0,03 % de lecture<\/td>\n<\/tr>\n<tr class=\"row-5\">\n<td class=\"column-1\">R\u00e9solution<\/td>\n<td class=\"column-2\">De 1 \u00b5V (plage de \u00b1 60 mV) \u00e0 333 \u00b5V (plage de \u00b1 10 V)<\/td>\n<td class=\"column-3\">76 \u00b5V (7,6 \u00b5V pour \u00b1 250 mV, 0,76 \u00b5V pour \u00b1 25 mV, ZRA uniquement)<\/td>\n<\/tr>\n<tr class=\"row-6\">\n<td class=\"column-1\" colspan=\"3\"><strong>Actuel<\/strong><\/td>\n<\/tr>\n<tr class=\"row-7\">\n<td class=\"column-1\">Gammes<\/td>\n<td class=\"column-2\" colspan=\"2\"><center>\u00b1 1 A \u00e0 10 nA (9 plages),<br \/>\njusqu&#039;\u00e0 120 A avec quatre\u00a0<a href=\"https:\/\/biologic.net\/products\/hcv-3048\/\" target=\"_blank\" rel=\"noopener\">HCV-3048<\/a><br \/>\njusqu&#039;\u00e0 \u00b1 1 pA en utilisant\u00a0<a href=\"https:\/\/biologic.net\/products\/ultra-low-current-down-to-aa-resolution\/\" target=\"_blank\" rel=\"noopener\">Option ultra basse consommation<\/a><\/center><\/td>\n<\/tr>\n<tr class=\"row-8\">\n<td class=\"column-1\">Courant maximal<\/td>\n<td class=\"column-2\" colspan=\"2\"><center>\u00b1 500 mA<\/center><\/td>\n<\/tr>\n<tr class=\"row-9\">\n<td class=\"column-1\">Pr\u00e9cision<\/td>\n<td class=\"column-2\">&lt; \u00b1 0,1 % de la plage \u00b1 0,03 % du r\u00e9glage<\/td>\n<td class=\"column-3\">&lt; \u00b1 0,1 % de la plage \u00b1 0,03 % de la lecture<\/td>\n<\/tr>\n<tr class=\"row-10\">\n<td class=\"column-1\">R\u00e9solution<\/td>\n<td class=\"column-2\" colspan=\"2\"><center>0,004 % de la gamme : 760 fA (standard), 76 aA (<a href=\"https:\/\/biologic.net\/products\/ultra-low-current-down-to-aa-resolution\/\" target=\"_blank\" rel=\"noopener\">Option ultra basse consommation<\/a><\/center><\/td>\n<\/tr>\n<tr class=\"row-11\">\n<td class=\"column-1\" colspan=\"3\"><strong>EIE<\/strong><\/td>\n<\/tr>\n<tr class=\"row-12\">\n<td class=\"column-1\">Capacit\u00e9 EIS<\/td>\n<td class=\"column-2\" colspan=\"2\"><center>11 MHz \u00e0 10 \u00b5Hz<\/center><\/td>\n<\/tr>\n<tr class=\"row-13\">\n<td class=\"column-1\">R\u00e9solution en fr\u00e9quence<\/td>\n<td class=\"column-2\" colspan=\"2\"><center>&lt; 10 ppm du r\u00e9glage<\/center><\/td>\n<\/tr>\n<tr class=\"row-14\">\n<td class=\"column-1\">Indicateurs de qualit\u00e9 EIS<\/td>\n<td class=\"column-2\" colspan=\"2\"><center>Oui<\/center><\/td>\n<\/tr>\n<\/tbody>\n<\/table>\n<h3>Avanc\u00e9<\/h3>\n<table id=\"tablepress-102\" class=\"tablepress tablepress-id-102\">\n<thead>\n<tr class=\"row-1\">\n<th class=\"column-1\" colspan=\"2\"><strong>Avanc\u00e9<\/strong><\/th>\n<\/tr>\n<\/thead>\n<tbody class=\"row-striping row-hover\">\n<tr class=\"row-2\">\n<td class=\"column-1\">Options flottantes<\/td>\n<td class=\"column-2\"><a href=\"https:\/\/biologic.net\/topics\/connection-to-the-cell-part-1-what-is-ground\/\" target=\"_blank\" rel=\"noopener\">Flottant<\/a>,\u00a0<a href=\"https:\/\/biologic.net\/topics\/connection-to-the-cell-part-3-permeation-cell-measurements\/\" target=\"_blank\" rel=\"noopener\">NOUS au sol<\/a>,\u00a0<a href=\"https:\/\/biologic.net\/topics\/connection-to-the-cell-part-2-multi-electrode-measurement\/\" target=\"_blank\" rel=\"noopener\">CE \u00e0 la terre<\/a><\/td>\n<\/tr>\n<tr class=\"row-3\">\n<td class=\"column-1\">Perm\u00e9ation (WE vers le sol)<\/td>\n<td class=\"column-2\"><a href=\"https:\/\/biologic.net\/topics\/connection-to-the-cell-part-3-permeation-cell-measurements\/\" target=\"_blank\" rel=\"noopener\">Oui<\/a><\/td>\n<\/tr>\n<tr class=\"row-4\">\n<td class=\"column-1\">\u00c9lectrode multiple (CE \u00e0 la terre)<\/td>\n<td class=\"column-2\"><a href=\"https:\/\/biologic.net\/topics\/connection-to-the-cell-part-2-multi-electrode-measurement\/\" target=\"_blank\" rel=\"noopener\">Oui<\/a><\/td>\n<\/tr>\n<tr class=\"row-5\">\n<td class=\"column-1\">Filtres<\/td>\n<td class=\"column-2\">Mat\u00e9riel \/ Logiciel<\/td>\n<\/tr>\n<tr class=\"row-6\">\n<td class=\"column-1\">Entr\u00e9e\/Sortie<\/td>\n<td class=\"column-2\">2 entr\u00e9es analogiques<br \/>\n1 sortie analogique<br \/>\n3x TTL (entr\u00e9e\/sortie de d\u00e9clenchement et s\u00e9curit\u00e9)<br \/>\n2 sorties de surveillance (courant et tension)<\/td>\n<\/tr>\n<tr class=\"row-7\">\n<td class=\"column-1\">Mode de contr\u00f4le de stabilit\u00e9<\/td>\n<td class=\"column-2\">9 bandes passantes<\/td>\n<\/tr>\n<tr class=\"row-8\">\n<td class=\"column-1\">\u00c9talonnage<\/td>\n<td class=\"column-2\">Une mire d&#039;\u00e9talonnage incluse, plus de 100 points v\u00e9rifi\u00e9s.<\/td>\n<\/tr>\n<\/tbody>\n<\/table>","protected":false},"excerpt":{"rendered":"<p class=\"product-short-excerpt\">Jusqu&#039;\u00e0 6 canaux, \u00b10,5 A ; EIS jusqu&#039;\u00e0 11 MHz (opt.)<\/p>","protected":false},"featured_media":693,"template":"","meta":[],"product_brand":[550],"product_cat":[573,577],"product_tag":[],"document":[],"class_list":{"0":"post-692","1":"product","2":"type-product","3":"status-publish","4":"has-post-thumbnail","6":"product_brand-biologic","7":"product_cat-potentiostats-galvanostats-fra","8":"product_cat-premium-potentiostats","10":"first","11":"instock","12":"purchasable","13":"product-type-simple"},"yoast_head":"<!-- This site is optimized with the Yoast SEO plugin v26.8 - https:\/\/yoast.com\/product\/yoast-seo-wordpress\/ -->\n<title>VSP-300 PStat\/Gstat - SnowHouse<\/title>\n<meta name=\"robots\" content=\"index, follow, max-snippet:-1, max-image-preview:large, max-video-preview:-1\" \/>\n<link rel=\"canonical\" href=\"https:\/\/snowhouse.ca\/fr\/product\/potentiostats-galvanostats-fra\/premium-potentiostats\/vsp-300-the-ultimate-modular-6-channels-potentiostat-galvanostat-eis\/\" \/>\n<meta property=\"og:locale\" content=\"fr_CA\" \/>\n<meta property=\"og:type\" content=\"article\" \/>\n<meta property=\"og:title\" content=\"VSP-300 PStat\/Gstat - SnowHouse\" \/>\n<meta property=\"og:description\" content=\"Up to 6 Channels, \u00b10.5A; EIS up to 11MHz (opt.)\" \/>\n<meta property=\"og:url\" content=\"https:\/\/snowhouse.ca\/fr\/product\/potentiostats-galvanostats-fra\/premium-potentiostats\/vsp-300-the-ultimate-modular-6-channels-potentiostat-galvanostat-eis\/\" \/>\n<meta property=\"og:site_name\" content=\"SnowHouse\" \/>\n<meta property=\"article:modified_time\" content=\"2025-11-24T21:34:29+00:00\" \/>\n<meta property=\"og:image\" content=\"https:\/\/snowhouse.ca\/wp-content\/uploads\/2025\/07\/50670.png\" \/>\n\t<meta property=\"og:image:width\" content=\"350\" \/>\n\t<meta property=\"og:image:height\" content=\"324\" \/>\n\t<meta property=\"og:image:type\" content=\"image\/png\" \/>\n<meta name=\"twitter:card\" content=\"summary_large_image\" \/>\n<meta name=\"twitter:label1\" content=\"Estimation du temps de lecture\" \/>\n\t<meta name=\"twitter:data1\" content=\"3 minutes\" \/>\n<script type=\"application\/ld+json\" class=\"yoast-schema-graph\">{\"@context\":\"https:\/\/schema.org\",\"@graph\":[{\"@type\":\"WebPage\",\"@id\":\"https:\/\/snowhouse.ca\/product\/potentiostats-galvanostats-fra\/premium-potentiostats\/vsp-300-the-ultimate-modular-6-channels-potentiostat-galvanostat-eis\/\",\"url\":\"https:\/\/snowhouse.ca\/product\/potentiostats-galvanostats-fra\/premium-potentiostats\/vsp-300-the-ultimate-modular-6-channels-potentiostat-galvanostat-eis\/\",\"name\":\"VSP-300 PStat\/Gstat - SnowHouse\",\"isPartOf\":{\"@id\":\"https:\/\/snowhouse.ca\/#website\"},\"primaryImageOfPage\":{\"@id\":\"https:\/\/snowhouse.ca\/product\/potentiostats-galvanostats-fra\/premium-potentiostats\/vsp-300-the-ultimate-modular-6-channels-potentiostat-galvanostat-eis\/#primaryimage\"},\"image\":{\"@id\":\"https:\/\/snowhouse.ca\/product\/potentiostats-galvanostats-fra\/premium-potentiostats\/vsp-300-the-ultimate-modular-6-channels-potentiostat-galvanostat-eis\/#primaryimage\"},\"thumbnailUrl\":\"https:\/\/snowhouse.ca\/wp-content\/uploads\/2025\/07\/50670.png?wsr\",\"datePublished\":\"2025-07-23T01:40:51+00:00\",\"dateModified\":\"2025-11-24T21:34:29+00:00\",\"breadcrumb\":{\"@id\":\"https:\/\/snowhouse.ca\/product\/potentiostats-galvanostats-fra\/premium-potentiostats\/vsp-300-the-ultimate-modular-6-channels-potentiostat-galvanostat-eis\/#breadcrumb\"},\"inLanguage\":\"fr-CA\",\"potentialAction\":[{\"@type\":\"ReadAction\",\"target\":[\"https:\/\/snowhouse.ca\/product\/potentiostats-galvanostats-fra\/premium-potentiostats\/vsp-300-the-ultimate-modular-6-channels-potentiostat-galvanostat-eis\/\"]}]},{\"@type\":\"ImageObject\",\"inLanguage\":\"fr-CA\",\"@id\":\"https:\/\/snowhouse.ca\/product\/potentiostats-galvanostats-fra\/premium-potentiostats\/vsp-300-the-ultimate-modular-6-channels-potentiostat-galvanostat-eis\/#primaryimage\",\"url\":\"https:\/\/snowhouse.ca\/wp-content\/uploads\/2025\/07\/50670.png?wsr\",\"contentUrl\":\"https:\/\/snowhouse.ca\/wp-content\/uploads\/2025\/07\/50670.png?wsr\",\"width\":350,\"height\":324},{\"@type\":\"BreadcrumbList\",\"@id\":\"https:\/\/snowhouse.ca\/product\/potentiostats-galvanostats-fra\/premium-potentiostats\/vsp-300-the-ultimate-modular-6-channels-potentiostat-galvanostat-eis\/#breadcrumb\",\"itemListElement\":[{\"@type\":\"ListItem\",\"position\":1,\"name\":\"Home\",\"item\":\"https:\/\/snowhouse.ca\/\"},{\"@type\":\"ListItem\",\"position\":2,\"name\":\"Products\",\"item\":\"https:\/\/snowhouse.ca\/products\/\"},{\"@type\":\"ListItem\",\"position\":3,\"name\":\"VSP-300 PStat\/Gstat\"}]},{\"@type\":\"WebSite\",\"@id\":\"https:\/\/snowhouse.ca\/#website\",\"url\":\"https:\/\/snowhouse.ca\/\",\"name\":\"SnowHouse\",\"description\":\"Trusted Scientific Instruments\",\"publisher\":{\"@id\":\"https:\/\/snowhouse.ca\/#organization\"},\"potentialAction\":[{\"@type\":\"SearchAction\",\"target\":{\"@type\":\"EntryPoint\",\"urlTemplate\":\"https:\/\/snowhouse.ca\/?s={search_term_string}\"},\"query-input\":{\"@type\":\"PropertyValueSpecification\",\"valueRequired\":true,\"valueName\":\"search_term_string\"}}],\"inLanguage\":\"fr-CA\"},{\"@type\":\"Organization\",\"@id\":\"https:\/\/snowhouse.ca\/#organization\",\"name\":\"Snowhouse inc.\",\"alternateName\":\"Snowhouse\",\"url\":\"https:\/\/snowhouse.ca\/\",\"logo\":{\"@type\":\"ImageObject\",\"inLanguage\":\"fr-CA\",\"@id\":\"https:\/\/snowhouse.ca\/#\/schema\/logo\/image\/\",\"url\":\"https:\/\/snowhouse.ca\/wp-content\/uploads\/2025\/07\/SnowHouse-Logo.png\",\"contentUrl\":\"https:\/\/snowhouse.ca\/wp-content\/uploads\/2025\/07\/SnowHouse-Logo.png\",\"width\":508,\"height\":136,\"caption\":\"Snowhouse inc.\"},\"image\":{\"@id\":\"https:\/\/snowhouse.ca\/#\/schema\/logo\/image\/\"}}]}<\/script>\n<!-- \/ Yoast SEO plugin. -->","yoast_head_json":{"title":"VSP-300 PStat\/Gstat - SnowHouse","robots":{"index":"index","follow":"follow","max-snippet":"max-snippet:-1","max-image-preview":"max-image-preview:large","max-video-preview":"max-video-preview:-1"},"canonical":"https:\/\/snowhouse.ca\/fr\/product\/potentiostats-galvanostats-fra\/premium-potentiostats\/vsp-300-the-ultimate-modular-6-channels-potentiostat-galvanostat-eis\/","og_locale":"fr_CA","og_type":"article","og_title":"VSP-300 PStat\/Gstat - SnowHouse","og_description":"Up to 6 Channels, \u00b10.5A; EIS up to 11MHz (opt.)","og_url":"https:\/\/snowhouse.ca\/fr\/product\/potentiostats-galvanostats-fra\/premium-potentiostats\/vsp-300-the-ultimate-modular-6-channels-potentiostat-galvanostat-eis\/","og_site_name":"SnowHouse","article_modified_time":"2025-11-24T21:34:29+00:00","og_image":[{"width":350,"height":324,"url":"https:\/\/snowhouse.ca\/wp-content\/uploads\/2025\/07\/50670.png","type":"image\/png"}],"twitter_card":"summary_large_image","twitter_misc":{"Estimation du temps de lecture":"3 minutes"},"schema":{"@context":"https:\/\/schema.org","@graph":[{"@type":"WebPage","@id":"https:\/\/snowhouse.ca\/product\/potentiostats-galvanostats-fra\/premium-potentiostats\/vsp-300-the-ultimate-modular-6-channels-potentiostat-galvanostat-eis\/","url":"https:\/\/snowhouse.ca\/product\/potentiostats-galvanostats-fra\/premium-potentiostats\/vsp-300-the-ultimate-modular-6-channels-potentiostat-galvanostat-eis\/","name":"VSP-300 PStat\/Gstat - SnowHouse","isPartOf":{"@id":"https:\/\/snowhouse.ca\/#website"},"primaryImageOfPage":{"@id":"https:\/\/snowhouse.ca\/product\/potentiostats-galvanostats-fra\/premium-potentiostats\/vsp-300-the-ultimate-modular-6-channels-potentiostat-galvanostat-eis\/#primaryimage"},"image":{"@id":"https:\/\/snowhouse.ca\/product\/potentiostats-galvanostats-fra\/premium-potentiostats\/vsp-300-the-ultimate-modular-6-channels-potentiostat-galvanostat-eis\/#primaryimage"},"thumbnailUrl":"https:\/\/snowhouse.ca\/wp-content\/uploads\/2025\/07\/50670.png?wsr","datePublished":"2025-07-23T01:40:51+00:00","dateModified":"2025-11-24T21:34:29+00:00","breadcrumb":{"@id":"https:\/\/snowhouse.ca\/product\/potentiostats-galvanostats-fra\/premium-potentiostats\/vsp-300-the-ultimate-modular-6-channels-potentiostat-galvanostat-eis\/#breadcrumb"},"inLanguage":"fr-CA","potentialAction":[{"@type":"ReadAction","target":["https:\/\/snowhouse.ca\/product\/potentiostats-galvanostats-fra\/premium-potentiostats\/vsp-300-the-ultimate-modular-6-channels-potentiostat-galvanostat-eis\/"]}]},{"@type":"ImageObject","inLanguage":"fr-CA","@id":"https:\/\/snowhouse.ca\/product\/potentiostats-galvanostats-fra\/premium-potentiostats\/vsp-300-the-ultimate-modular-6-channels-potentiostat-galvanostat-eis\/#primaryimage","url":"https:\/\/snowhouse.ca\/wp-content\/uploads\/2025\/07\/50670.png?wsr","contentUrl":"https:\/\/snowhouse.ca\/wp-content\/uploads\/2025\/07\/50670.png?wsr","width":350,"height":324},{"@type":"BreadcrumbList","@id":"https:\/\/snowhouse.ca\/product\/potentiostats-galvanostats-fra\/premium-potentiostats\/vsp-300-the-ultimate-modular-6-channels-potentiostat-galvanostat-eis\/#breadcrumb","itemListElement":[{"@type":"ListItem","position":1,"name":"Home","item":"https:\/\/snowhouse.ca\/"},{"@type":"ListItem","position":2,"name":"Products","item":"https:\/\/snowhouse.ca\/products\/"},{"@type":"ListItem","position":3,"name":"VSP-300 PStat\/Gstat"}]},{"@type":"WebSite","@id":"https:\/\/snowhouse.ca\/#website","url":"https:\/\/snowhouse.ca\/","name":"Maison de neige","description":"Instruments scientifiques de confiance","publisher":{"@id":"https:\/\/snowhouse.ca\/#organization"},"potentialAction":[{"@type":"SearchAction","target":{"@type":"EntryPoint","urlTemplate":"https:\/\/snowhouse.ca\/?s={search_term_string}"},"query-input":{"@type":"PropertyValueSpecification","valueRequired":true,"valueName":"search_term_string"}}],"inLanguage":"fr-CA"},{"@type":"Organization","@id":"https:\/\/snowhouse.ca\/#organization","name":"Snowhouse inc.","alternateName":"Snowhouse","url":"https:\/\/snowhouse.ca\/","logo":{"@type":"ImageObject","inLanguage":"fr-CA","@id":"https:\/\/snowhouse.ca\/#\/schema\/logo\/image\/","url":"https:\/\/snowhouse.ca\/wp-content\/uploads\/2025\/07\/SnowHouse-Logo.png","contentUrl":"https:\/\/snowhouse.ca\/wp-content\/uploads\/2025\/07\/SnowHouse-Logo.png","width":508,"height":136,"caption":"Snowhouse inc."},"image":{"@id":"https:\/\/snowhouse.ca\/#\/schema\/logo\/image\/"}}]}},"_links":{"self":[{"href":"https:\/\/snowhouse.ca\/fr\/wp-json\/wp\/v2\/product\/692","targetHints":{"allow":["GET"]}}],"collection":[{"href":"https:\/\/snowhouse.ca\/fr\/wp-json\/wp\/v2\/product"}],"about":[{"href":"https:\/\/snowhouse.ca\/fr\/wp-json\/wp\/v2\/types\/product"}],"wp:featuredmedia":[{"embeddable":true,"href":"https:\/\/snowhouse.ca\/fr\/wp-json\/wp\/v2\/media\/693"}],"wp:attachment":[{"href":"https:\/\/snowhouse.ca\/fr\/wp-json\/wp\/v2\/media?parent=692"}],"wp:term":[{"taxonomy":"product_brand","embeddable":true,"href":"https:\/\/snowhouse.ca\/fr\/wp-json\/wp\/v2\/product_brand?post=692"},{"taxonomy":"product_cat","embeddable":true,"href":"https:\/\/snowhouse.ca\/fr\/wp-json\/wp\/v2\/product_cat?post=692"},{"taxonomy":"product_tag","embeddable":true,"href":"https:\/\/snowhouse.ca\/fr\/wp-json\/wp\/v2\/product_tag?post=692"},{"taxonomy":"document","embeddable":true,"href":"https:\/\/snowhouse.ca\/fr\/wp-json\/wp\/v2\/document?post=692"}],"curies":[{"name":"wp","href":"https:\/\/api.w.org\/{rel}","templated":true}]}}