{"id":696,"date":"2025-07-23T01:40:51","date_gmt":"2025-07-23T01:40:51","guid":{"rendered":"https:\/\/snowhouse.ca\/produit\/sp-50e-educational-potentiostat-galvanostat\/"},"modified":"2025-11-24T21:36:00","modified_gmt":"2025-11-24T21:36:00","slug":"sp-50e-educational-potentiostat-galvanostat","status":"publish","type":"product","link":"https:\/\/snowhouse.ca\/fr\/produit\/potentiostats-galvanostats-fra\/essential-potentiostats\/sp-50e-educational-potentiostat-galvanostat\/","title":{"rendered":"SP-50e Pstat\/Gstat"},"content":{"rendered":"<h3><strong><u>SP-50e \u2013 Un potentiostat \u00e9conomique dot\u00e9 de fonctionnalit\u00e9s avanc\u00e9es<\/u><\/strong><\/h3>\n<p>Station de travail \u00e9lectrochimique robuste, monocanal et polyvalente, la SP-50e est parfaitement adapt\u00e9e aux besoins g\u00e9n\u00e9raux de la recherche en \u00e9lectrochimie ainsi qu&#039;\u00e0 l&#039;enseignement et est particuli\u00e8rement adapt\u00e9e \u00e0 l&#039;enseignement de l&#039;\u00e9lectrochimie aux \u00e9tudiants de premier cycle.<\/p>\n<p>Alors que certains potentiostats \u00e9conomiques pr\u00e9sentent des limitations, le BioLogic SP-50e, qui utilise le m\u00eame mat\u00e9riel et les m\u00eames logiciels de haute qualit\u00e9 que les autres instruments de la gamme Essential, offre \u00e0 la fois une grande facilit\u00e9 d&#039;utilisation et la possibilit\u00e9 de travailler sur un large \u00e9ventail de techniques et d&#039;applications, y compris la spectroscopie d&#039;imp\u00e9dance \u00e9lectrochimique (EIS) en option, tout en conservant un excellent rapport qualit\u00e9-prix. De plus, gr\u00e2ce \u00e0 ses plateformes mat\u00e9rielles et logicielles performantes, aucune comp\u00e9tence en programmation n&#039;est requise pour utiliser l&#039;instrument.<\/p>\n<p>Le potentiostat SP-50e combin\u00e9 avec\u00a0<a href=\"https:\/\/biologic.net\/support-software\/ec-lab-software\/\">Logiciel de contr\u00f4le et d&#039;analyse EC-Lab\u00ae<\/a>\u00a0Ce potentiostat offre une solution compl\u00e8te et int\u00e9gr\u00e9e permettant aux \u00e9tudiants d&#039;\u00e9tudier diverses r\u00e9actions et syst\u00e8mes \u00e9lectrochimiques. Gr\u00e2ce \u00e0 son format compact, son poids l\u00e9ger (3,9 kg) et sa poign\u00e9e de transport, \u00e9tudiants et enseignants peuvent facilement le d\u00e9placer dans le laboratoire.<\/p>\n<p>Ce potentiostat de qualit\u00e9 recherche convient \u00e0 la r\u00e9alisation d&#039;exp\u00e9riences telles que\u00a0: <a href=\"https:\/\/biologic.net\/topics\/cyclic-voltammetry-how-to-obtain-good-results\/\">Voltam\u00e9trie cyclique<\/a>, Chronoamp\u00e9rom\u00e9trie et voltamp\u00e9rom\u00e9trie \u00e0 balayage lin\u00e9aire pour\u00a0<a href=\"https:\/\/biologic.net\/products\/blurev-rde-rrde\/\">\u00c9lectrode \u00e0 disque rotatif<\/a>, ainsi que toutes les plus de 80 techniques disponibles dans le logiciel EC-Lab.<\/p>\n<p>Une plage de capacit\u00e9 de \u00b11 amp\u00e8re rend le SP-50e parfait pour les applications \u00e9nerg\u00e9tiques, notamment les batteries, les supercondensateurs, les piles \u00e0 combustible et la recherche sur l&#039;\u00e9lectrolyse.<\/p>\n<p>Aliment\u00e9 par\u00a0<a href=\"https:\/\/biologic.net\/support-software\/ec-lab-software\/\">Logiciel BioLogic EC-Lab<\/a>Ce logiciel, largement reconnu par les plus grands scientifiques comme le logiciel de r\u00e9f\u00e9rence pour le contr\u00f4le et l&#039;analyse des potentiostats\/galvanostats, permet aux utilisateurs d&#039;exploiter un large \u00e9ventail de fonctions couvrant non seulement le contr\u00f4le des potentiostats, mais aussi l&#039;analyse \u00e9lectrochimique.<\/p>\n<p>Plus besoin de disperser vos t\u00e2ches entre diff\u00e9rents logiciels. Tout est regroup\u00e9 au m\u00eame endroit, ce qui simplifie votre quotidien professionnel et vous fait gagner un temps pr\u00e9cieux de recherche.<\/p>\n<p>Tout cela, dans un potentiostat compact occupant un espace r\u00e9duit au laboratoire, lib\u00e9rant ainsi de la place sur la paillasse.<\/p>\n<h3>G\u00e9n\u00e9ral<\/h3>\n<table id=\"tablepress-97\" class=\"tablepress tablepress-id-97\">\n<thead>\n<tr class=\"row-1\">\n<th class=\"column-1\" colspan=\"2\"><strong>G\u00e9n\u00e9ral<\/strong><\/th>\n<\/tr>\n<\/thead>\n<tbody class=\"row-striping row-hover\">\n<tr class=\"row-2\">\n<td class=\"column-1\">Places disponibles<\/td>\n<td class=\"column-2\">1<\/td>\n<\/tr>\n<tr class=\"row-3\">\n<td class=\"column-1\">Connexions des \u00e9lectrodes<\/td>\n<td class=\"column-2\">2, 3, 4, 5<\/td>\n<\/tr>\n<tr class=\"row-4\">\n<td class=\"column-1\">Conformit\u00e9<\/td>\n<td class=\"column-2\">\u00b1 10 V<\/td>\n<\/tr>\n<tr class=\"row-5\">\n<td class=\"column-1\">Temps d&#039;acquisition<\/td>\n<td class=\"column-2\">20 \u00b5s avec le package d\u00e9veloppeur EC-Lab, 200 \u00b5s avec EC-Lab<br \/>\n<a href=\"https:\/\/biologic.net\/topics\/data-of-interest-getting-the-most-out-of-your-blue-box\/\" target=\"_blank\" rel=\"noopener\">donn\u00e9es trait\u00e9es en temps r\u00e9el<\/a>\u00a0: 200 \u00b5s, ind\u00e9pendamment de la fr\u00e9quence d&#039;\u00e9chantillonnage (Q charge, Q d\u00e9charge, \u00e9nergie, puissance\u2026)<\/td>\n<\/tr>\n<tr class=\"row-6\">\n<td class=\"column-1\">Logiciel<\/td>\n<td class=\"column-2\">EC-Lab, package d\u00e9veloppeur EC-Lab<\/td>\n<\/tr>\n<tr class=\"row-7\">\n<td class=\"column-1\">Compatibilit\u00e9 des modules compl\u00e9mentaires<\/td>\n<td class=\"column-2\">Non<\/td>\n<\/tr>\n<tr class=\"row-8\">\n<td class=\"column-1\">Dimensions (L x P x H)<\/td>\n<td class=\"column-2\">136 x 372 x 209 mm<\/td>\n<\/tr>\n<tr class=\"row-9\">\n<td class=\"column-1\">Poids<\/td>\n<td class=\"column-2\">3,9 kg<\/td>\n<\/tr>\n<tr class=\"row-10\">\n<td class=\"column-1\">Besoins en \u00e9nergie<\/td>\n<td class=\"column-2\">110 W<\/td>\n<\/tr>\n<tr class=\"row-11\">\n<td class=\"column-1\">Interfaces<\/td>\n<td class=\"column-2\"><a href=\"https:\/\/biologic.net\/topics\/take-your-experiments-to-go-with-ec-lab\/\" target=\"_blank\" rel=\"noopener\">Ethernet (Direct, LAN, Wifi), USB 2.0<\/a><\/td>\n<\/tr>\n<\/tbody>\n<\/table>\n<h3>Sp\u00e9cifications du canal<\/h3>\n<p>&nbsp;<\/p>\n<table id=\"tablepress-98\" class=\"tablepress tablepress-id-98 tbody-has-connected-cells\">\n<thead>\n<tr class=\"row-1\">\n<td class=\"column-1\"><\/td>\n<th class=\"column-2\">Contr\u00f4le<\/th>\n<th class=\"column-3\">Mesures<\/th>\n<\/tr>\n<\/thead>\n<tbody class=\"row-striping row-hover\">\n<tr class=\"row-2\">\n<td class=\"column-1\" colspan=\"3\"><strong>Tension<\/strong><\/td>\n<\/tr>\n<tr class=\"row-3\">\n<td class=\"column-1\">Gammes<\/td>\n<td class=\"column-2\">\u00b1 10 V<\/td>\n<td class=\"column-3\">\u00b1 2,5 V, \u00b1 5 V, \u00b1 10 V<\/td>\n<\/tr>\n<tr class=\"row-4\">\n<td class=\"column-1\">Pr\u00e9cision<\/td>\n<td class=\"column-2\">&lt; 0,1 % FSR* (20 mV)<\/td>\n<td class=\"column-3\">&lt; 0,1 % FSR* (20 mV)<\/td>\n<\/tr>\n<tr class=\"row-5\">\n<td class=\"column-1\">R\u00e9solution<\/td>\n<td class=\"column-2\">5 \u00b5V \u00e0 305 \u00b5V<\/td>\n<td class=\"column-3\">76 \u00b5V en dessous de 10 V<br \/>\n152 \u00b5V de 10 \u00e0 15 V<br \/>\n305 \u00b5V de 15 \u00e0 20 V<\/td>\n<\/tr>\n<tr class=\"row-6\">\n<td class=\"column-1\" colspan=\"3\"><strong>Actuel<\/strong><\/td>\n<\/tr>\n<tr class=\"row-7\">\n<td class=\"column-1\">Gammes<\/td>\n<td class=\"column-2\" colspan=\"2\"><center>\u00b1 10 \u00b5A \u00e0 \u00b1 1 A (6 plages). Plage de courant automatique disponible.<\/center><\/td>\n<\/tr>\n<tr class=\"row-8\">\n<td class=\"column-1\">Courant maximal<\/td>\n<td class=\"column-2\" colspan=\"2\"><center>1 A<\/center><\/td>\n<\/tr>\n<tr class=\"row-9\">\n<td class=\"column-1\">Pr\u00e9cision<\/td>\n<td class=\"column-2\" colspan=\"2\"><center>&lt; 0,1 % FSR* (min 20 nA)<\/center><\/td>\n<\/tr>\n<tr class=\"row-10\">\n<td class=\"column-1\">R\u00e9solution<\/td>\n<td class=\"column-2\" colspan=\"2\"><center>0,004 % de la plage (min 760 pA)<\/center><\/td>\n<\/tr>\n<tr class=\"row-11\">\n<td class=\"column-1\" colspan=\"3\"><strong>EIE<\/strong><\/td>\n<\/tr>\n<tr class=\"row-12\">\n<td class=\"column-1\">Capacit\u00e9 EIS<\/td>\n<td class=\"column-2\" colspan=\"2\"><center>1 MHz \u00e0 10 \u00b5Hz<\/center><\/td>\n<\/tr>\n<tr class=\"row-13\">\n<td class=\"column-1\">Indicateurs de qualit\u00e9 EIS<\/td>\n<td class=\"column-2\" colspan=\"2\"><center>Oui (avec carte de canal de type \u00ab e \u00bb)<\/center><\/td>\n<\/tr>\n<\/tbody>\n<\/table>\n<p>*FSR = Plage de mesure compl\u00e8te<\/p>\n<p>&nbsp;<\/p>\n<h3>Avanc\u00e9<\/h3>\n<table id=\"tablepress-96\" class=\"tablepress tablepress-id-96\">\n<thead>\n<tr class=\"row-1\">\n<th class=\"column-1\" colspan=\"2\"><strong>Avanc\u00e9<\/strong><\/th>\n<\/tr>\n<\/thead>\n<tbody class=\"row-striping row-hover\">\n<tr class=\"row-2\">\n<td class=\"column-1\">Options flottantes<\/td>\n<td class=\"column-2\"><a href=\"https:\/\/biologic.net\/topics\/connection-to-the-cell-part-2-multi-electrode-measurement\/\" target=\"_blank\" rel=\"noopener\">CE \u00e0 la terre<\/a><\/td>\n<\/tr>\n<tr class=\"row-3\">\n<td class=\"column-1\">Perm\u00e9ation (WE vers le sol)<\/td>\n<td class=\"column-2\">Non<\/td>\n<\/tr>\n<tr class=\"row-4\">\n<td class=\"column-1\">\u00c9lectrode multiple (CE \u00e0 la terre)<\/td>\n<td class=\"column-2\"><a href=\"https:\/\/biologic.net\/topics\/connection-to-the-cell-part-2-multi-electrode-measurement\/\" target=\"_blank\" rel=\"noopener\">Oui<\/a>\u00a0(avec carte de canal de type \u00ab e \u00bb)<\/td>\n<\/tr>\n<tr class=\"row-5\">\n<td class=\"column-1\">Filtres<\/td>\n<td class=\"column-2\">Logiciel<\/td>\n<\/tr>\n<tr class=\"row-6\">\n<td class=\"column-1\">Entr\u00e9e\/sortie<\/td>\n<td class=\"column-2\">2 entr\u00e9es analogiques<br \/>\n1 sortie analogique<br \/>\n3x TTL (entr\u00e9e\/sortie de d\u00e9clenchement et s\u00e9curit\u00e9)<br \/>\n2 sorties de surveillance (courant et tension)<\/td>\n<\/tr>\n<tr class=\"row-7\">\n<td class=\"column-1\">Mode de contr\u00f4le de stabilit\u00e9<\/td>\n<td class=\"column-2\">7 bandes passantes<\/td>\n<\/tr>\n<tr class=\"row-8\">\n<td class=\"column-1\">\u00c9talonnage<\/td>\n<td class=\"column-2\">Plus de 50 points v\u00e9rifi\u00e9s.<\/td>\n<\/tr>\n<\/tbody>\n<\/table>","protected":false},"excerpt":{"rendered":"<p>Pstat\/Gstat unique, jusqu&#039;\u00e0 \u00b11A, EIS (opt.)<\/p>","protected":false},"featured_media":697,"template":"","meta":[],"product_brand":[550],"product_cat":[573,576],"product_tag":[],"document":[],"class_list":{"0":"post-696","1":"product","2":"type-product","3":"status-publish","4":"has-post-thumbnail","6":"product_brand-biologic","7":"product_cat-potentiostats-galvanostats-fra","8":"product_cat-essential-potentiostats","10":"first","11":"instock","12":"purchasable","13":"product-type-simple"},"yoast_head":"<!-- This site is optimized with the Yoast SEO plugin v26.8 - https:\/\/yoast.com\/product\/yoast-seo-wordpress\/ -->\n<title>SP-50e Pstat\/Gstat - SnowHouse<\/title>\n<meta name=\"robots\" content=\"index, follow, max-snippet:-1, max-image-preview:large, max-video-preview:-1\" \/>\n<link rel=\"canonical\" href=\"https:\/\/snowhouse.ca\/fr\/product\/potentiostats-galvanostats-fra\/essential-potentiostats\/sp-50e-educational-potentiostat-galvanostat\/\" \/>\n<meta property=\"og:locale\" content=\"fr_CA\" \/>\n<meta property=\"og:type\" content=\"article\" \/>\n<meta property=\"og:title\" content=\"SP-50e Pstat\/Gstat - SnowHouse\" \/>\n<meta property=\"og:description\" content=\"Single Pstat\/Gstat, up to \u00b11A,\u00a0 \u00a0 \u00a0 \u00a0EIS (opt.)\" \/>\n<meta property=\"og:url\" content=\"https:\/\/snowhouse.ca\/fr\/product\/potentiostats-galvanostats-fra\/essential-potentiostats\/sp-50e-educational-potentiostat-galvanostat\/\" \/>\n<meta property=\"og:site_name\" content=\"SnowHouse\" \/>\n<meta property=\"article:modified_time\" content=\"2025-11-24T21:36:00+00:00\" \/>\n<meta property=\"og:image\" content=\"https:\/\/snowhouse.ca\/wp-content\/uploads\/2025\/07\/87824.png\" \/>\n\t<meta property=\"og:image:width\" content=\"351\" \/>\n\t<meta property=\"og:image:height\" content=\"360\" \/>\n\t<meta property=\"og:image:type\" content=\"image\/jpeg\" \/>\n<meta name=\"twitter:card\" content=\"summary_large_image\" \/>\n<meta name=\"twitter:label1\" content=\"Estimation du temps de lecture\" \/>\n\t<meta name=\"twitter:data1\" content=\"3 minutes\" \/>\n<script type=\"application\/ld+json\" class=\"yoast-schema-graph\">{\"@context\":\"https:\/\/schema.org\",\"@graph\":[{\"@type\":\"WebPage\",\"@id\":\"https:\/\/snowhouse.ca\/product\/potentiostats-galvanostats-fra\/essential-potentiostats\/sp-50e-educational-potentiostat-galvanostat\/\",\"url\":\"https:\/\/snowhouse.ca\/product\/potentiostats-galvanostats-fra\/essential-potentiostats\/sp-50e-educational-potentiostat-galvanostat\/\",\"name\":\"SP-50e Pstat\/Gstat - SnowHouse\",\"isPartOf\":{\"@id\":\"https:\/\/snowhouse.ca\/#website\"},\"primaryImageOfPage\":{\"@id\":\"https:\/\/snowhouse.ca\/product\/potentiostats-galvanostats-fra\/essential-potentiostats\/sp-50e-educational-potentiostat-galvanostat\/#primaryimage\"},\"image\":{\"@id\":\"https:\/\/snowhouse.ca\/product\/potentiostats-galvanostats-fra\/essential-potentiostats\/sp-50e-educational-potentiostat-galvanostat\/#primaryimage\"},\"thumbnailUrl\":\"https:\/\/snowhouse.ca\/wp-content\/uploads\/2025\/07\/87824.png?wsr\",\"datePublished\":\"2025-07-23T01:40:51+00:00\",\"dateModified\":\"2025-11-24T21:36:00+00:00\",\"breadcrumb\":{\"@id\":\"https:\/\/snowhouse.ca\/product\/potentiostats-galvanostats-fra\/essential-potentiostats\/sp-50e-educational-potentiostat-galvanostat\/#breadcrumb\"},\"inLanguage\":\"fr-CA\",\"potentialAction\":[{\"@type\":\"ReadAction\",\"target\":[\"https:\/\/snowhouse.ca\/product\/potentiostats-galvanostats-fra\/essential-potentiostats\/sp-50e-educational-potentiostat-galvanostat\/\"]}]},{\"@type\":\"ImageObject\",\"inLanguage\":\"fr-CA\",\"@id\":\"https:\/\/snowhouse.ca\/product\/potentiostats-galvanostats-fra\/essential-potentiostats\/sp-50e-educational-potentiostat-galvanostat\/#primaryimage\",\"url\":\"https:\/\/snowhouse.ca\/wp-content\/uploads\/2025\/07\/87824.png?wsr\",\"contentUrl\":\"https:\/\/snowhouse.ca\/wp-content\/uploads\/2025\/07\/87824.png?wsr\",\"width\":351,\"height\":360},{\"@type\":\"BreadcrumbList\",\"@id\":\"https:\/\/snowhouse.ca\/product\/potentiostats-galvanostats-fra\/essential-potentiostats\/sp-50e-educational-potentiostat-galvanostat\/#breadcrumb\",\"itemListElement\":[{\"@type\":\"ListItem\",\"position\":1,\"name\":\"Home\",\"item\":\"https:\/\/snowhouse.ca\/\"},{\"@type\":\"ListItem\",\"position\":2,\"name\":\"Products\",\"item\":\"https:\/\/snowhouse.ca\/products\/\"},{\"@type\":\"ListItem\",\"position\":3,\"name\":\"SP-50e Pstat\/Gstat\"}]},{\"@type\":\"WebSite\",\"@id\":\"https:\/\/snowhouse.ca\/#website\",\"url\":\"https:\/\/snowhouse.ca\/\",\"name\":\"SnowHouse\",\"description\":\"Trusted Scientific Instruments\",\"publisher\":{\"@id\":\"https:\/\/snowhouse.ca\/#organization\"},\"potentialAction\":[{\"@type\":\"SearchAction\",\"target\":{\"@type\":\"EntryPoint\",\"urlTemplate\":\"https:\/\/snowhouse.ca\/?s={search_term_string}\"},\"query-input\":{\"@type\":\"PropertyValueSpecification\",\"valueRequired\":true,\"valueName\":\"search_term_string\"}}],\"inLanguage\":\"fr-CA\"},{\"@type\":\"Organization\",\"@id\":\"https:\/\/snowhouse.ca\/#organization\",\"name\":\"Snowhouse inc.\",\"alternateName\":\"Snowhouse\",\"url\":\"https:\/\/snowhouse.ca\/\",\"logo\":{\"@type\":\"ImageObject\",\"inLanguage\":\"fr-CA\",\"@id\":\"https:\/\/snowhouse.ca\/#\/schema\/logo\/image\/\",\"url\":\"https:\/\/snowhouse.ca\/wp-content\/uploads\/2025\/07\/SnowHouse-Logo.png\",\"contentUrl\":\"https:\/\/snowhouse.ca\/wp-content\/uploads\/2025\/07\/SnowHouse-Logo.png\",\"width\":508,\"height\":136,\"caption\":\"Snowhouse inc.\"},\"image\":{\"@id\":\"https:\/\/snowhouse.ca\/#\/schema\/logo\/image\/\"}}]}<\/script>\n<!-- \/ Yoast SEO plugin. -->","yoast_head_json":{"title":"SP-50e Pstat\/Gstat - SnowHouse","robots":{"index":"index","follow":"follow","max-snippet":"max-snippet:-1","max-image-preview":"max-image-preview:large","max-video-preview":"max-video-preview:-1"},"canonical":"https:\/\/snowhouse.ca\/fr\/product\/potentiostats-galvanostats-fra\/essential-potentiostats\/sp-50e-educational-potentiostat-galvanostat\/","og_locale":"fr_CA","og_type":"article","og_title":"SP-50e Pstat\/Gstat - SnowHouse","og_description":"Single Pstat\/Gstat, up to \u00b11A,\u00a0 \u00a0 \u00a0 \u00a0EIS (opt.)","og_url":"https:\/\/snowhouse.ca\/fr\/product\/potentiostats-galvanostats-fra\/essential-potentiostats\/sp-50e-educational-potentiostat-galvanostat\/","og_site_name":"SnowHouse","article_modified_time":"2025-11-24T21:36:00+00:00","og_image":[{"width":351,"height":360,"url":"https:\/\/snowhouse.ca\/wp-content\/uploads\/2025\/07\/87824.png","type":"image\/jpeg"}],"twitter_card":"summary_large_image","twitter_misc":{"Estimation du temps de lecture":"3 minutes"},"schema":{"@context":"https:\/\/schema.org","@graph":[{"@type":"WebPage","@id":"https:\/\/snowhouse.ca\/product\/potentiostats-galvanostats-fra\/essential-potentiostats\/sp-50e-educational-potentiostat-galvanostat\/","url":"https:\/\/snowhouse.ca\/product\/potentiostats-galvanostats-fra\/essential-potentiostats\/sp-50e-educational-potentiostat-galvanostat\/","name":"SP-50e Pstat\/Gstat - SnowHouse","isPartOf":{"@id":"https:\/\/snowhouse.ca\/#website"},"primaryImageOfPage":{"@id":"https:\/\/snowhouse.ca\/product\/potentiostats-galvanostats-fra\/essential-potentiostats\/sp-50e-educational-potentiostat-galvanostat\/#primaryimage"},"image":{"@id":"https:\/\/snowhouse.ca\/product\/potentiostats-galvanostats-fra\/essential-potentiostats\/sp-50e-educational-potentiostat-galvanostat\/#primaryimage"},"thumbnailUrl":"https:\/\/snowhouse.ca\/wp-content\/uploads\/2025\/07\/87824.png?wsr","datePublished":"2025-07-23T01:40:51+00:00","dateModified":"2025-11-24T21:36:00+00:00","breadcrumb":{"@id":"https:\/\/snowhouse.ca\/product\/potentiostats-galvanostats-fra\/essential-potentiostats\/sp-50e-educational-potentiostat-galvanostat\/#breadcrumb"},"inLanguage":"fr-CA","potentialAction":[{"@type":"ReadAction","target":["https:\/\/snowhouse.ca\/product\/potentiostats-galvanostats-fra\/essential-potentiostats\/sp-50e-educational-potentiostat-galvanostat\/"]}]},{"@type":"ImageObject","inLanguage":"fr-CA","@id":"https:\/\/snowhouse.ca\/product\/potentiostats-galvanostats-fra\/essential-potentiostats\/sp-50e-educational-potentiostat-galvanostat\/#primaryimage","url":"https:\/\/snowhouse.ca\/wp-content\/uploads\/2025\/07\/87824.png?wsr","contentUrl":"https:\/\/snowhouse.ca\/wp-content\/uploads\/2025\/07\/87824.png?wsr","width":351,"height":360},{"@type":"BreadcrumbList","@id":"https:\/\/snowhouse.ca\/product\/potentiostats-galvanostats-fra\/essential-potentiostats\/sp-50e-educational-potentiostat-galvanostat\/#breadcrumb","itemListElement":[{"@type":"ListItem","position":1,"name":"Home","item":"https:\/\/snowhouse.ca\/"},{"@type":"ListItem","position":2,"name":"Products","item":"https:\/\/snowhouse.ca\/products\/"},{"@type":"ListItem","position":3,"name":"SP-50e Pstat\/Gstat"}]},{"@type":"WebSite","@id":"https:\/\/snowhouse.ca\/#website","url":"https:\/\/snowhouse.ca\/","name":"Maison de neige","description":"Instruments scientifiques de confiance","publisher":{"@id":"https:\/\/snowhouse.ca\/#organization"},"potentialAction":[{"@type":"SearchAction","target":{"@type":"EntryPoint","urlTemplate":"https:\/\/snowhouse.ca\/?s={search_term_string}"},"query-input":{"@type":"PropertyValueSpecification","valueRequired":true,"valueName":"search_term_string"}}],"inLanguage":"fr-CA"},{"@type":"Organization","@id":"https:\/\/snowhouse.ca\/#organization","name":"Snowhouse inc.","alternateName":"Snowhouse","url":"https:\/\/snowhouse.ca\/","logo":{"@type":"ImageObject","inLanguage":"fr-CA","@id":"https:\/\/snowhouse.ca\/#\/schema\/logo\/image\/","url":"https:\/\/snowhouse.ca\/wp-content\/uploads\/2025\/07\/SnowHouse-Logo.png","contentUrl":"https:\/\/snowhouse.ca\/wp-content\/uploads\/2025\/07\/SnowHouse-Logo.png","width":508,"height":136,"caption":"Snowhouse inc."},"image":{"@id":"https:\/\/snowhouse.ca\/#\/schema\/logo\/image\/"}}]}},"_links":{"self":[{"href":"https:\/\/snowhouse.ca\/fr\/wp-json\/wp\/v2\/product\/696","targetHints":{"allow":["GET"]}}],"collection":[{"href":"https:\/\/snowhouse.ca\/fr\/wp-json\/wp\/v2\/product"}],"about":[{"href":"https:\/\/snowhouse.ca\/fr\/wp-json\/wp\/v2\/types\/product"}],"wp:featuredmedia":[{"embeddable":true,"href":"https:\/\/snowhouse.ca\/fr\/wp-json\/wp\/v2\/media\/697"}],"wp:attachment":[{"href":"https:\/\/snowhouse.ca\/fr\/wp-json\/wp\/v2\/media?parent=696"}],"wp:term":[{"taxonomy":"product_brand","embeddable":true,"href":"https:\/\/snowhouse.ca\/fr\/wp-json\/wp\/v2\/product_brand?post=696"},{"taxonomy":"product_cat","embeddable":true,"href":"https:\/\/snowhouse.ca\/fr\/wp-json\/wp\/v2\/product_cat?post=696"},{"taxonomy":"product_tag","embeddable":true,"href":"https:\/\/snowhouse.ca\/fr\/wp-json\/wp\/v2\/product_tag?post=696"},{"taxonomy":"document","embeddable":true,"href":"https:\/\/snowhouse.ca\/fr\/wp-json\/wp\/v2\/document?post=696"}],"curies":[{"name":"wp","href":"https:\/\/api.w.org\/{rel}","templated":true}]}}