{"id":720,"date":"2025-07-23T01:41:05","date_gmt":"2025-07-23T01:41:05","guid":{"rendered":"https:\/\/snowhouse.ca\/produit\/multi-wavelength-imaging-optosplit-ii\/"},"modified":"2025-11-14T19:51:51","modified_gmt":"2025-11-14T19:51:51","slug":"multi-wavelength-imaging-optosplit-ii","status":"publish","type":"product","link":"https:\/\/snowhouse.ca\/fr\/produit\/cameras-spectrographs\/multi-wavelength-imaging\/multi-wavelength-imaging-optosplit-ii\/","title":{"rendered":"Optosplit II \u2013 S\u00e9parateur d&#039;images"},"content":{"rendered":"<h3><u><strong>Optosplit II - Imagerie multi-longueurs d&#039;onde<\/strong><\/u><\/h3>\n<p><strong>Solution \u00e0 cam\u00e9ra unique \u2013 S\u00e9parateur d&#039;images \u00e0 double \u00e9mission<\/strong><\/p>\n<p>Le s\u00e9parateur d&#039;images Optosplit II est un dispositif simple et \u00e9l\u00e9gant permettant de diviser une image en deux composantes distinctes et spatialement \u00e9quivalentes, pouvant \u00eatre affich\u00e9es c\u00f4te \u00e0 c\u00f4te sur une seule puce de cam\u00e9ra.<\/p>\n<p>\u2013 \u00c9conomique \u2013 une seule cam\u00e9ra est n\u00e9cessaire<\/p>\n<p>\u2013 Miroir dichro\u00efque et filtres d&#039;\u00e9mission mont\u00e9s dans un cube facilement interchangeable<\/p>\n<p>\u2013 Grossissement Unity fourni de s\u00e9rie<\/p>\n<p>\u2013 Alignement simple et intuitif dans les plans x, y et focal<\/p>\n<p>\u2013 Monture interchangeable pour filtres ND ou lentilles de correction chromatique<\/p>","protected":false},"excerpt":{"rendered":"<p>Solution \u00e0 cam\u00e9ra unique \u2013 S\u00e9parateur d&#039;images \u00e0 double \u00e9mission<\/p>","protected":false},"featured_media":721,"template":"","meta":[],"product_brand":[551],"product_cat":[165],"product_tag":[],"document":[],"class_list":{"0":"post-720","1":"product","2":"type-product","3":"status-publish","4":"has-post-thumbnail","6":"product_brand-andor","7":"product_cat-multi-wavelength-imaging","9":"first","10":"instock","11":"purchasable","12":"product-type-simple"},"yoast_head":"<!-- This site is optimized with the Yoast SEO plugin v26.8 - https:\/\/yoast.com\/product\/yoast-seo-wordpress\/ -->\n<title>Optosplit II - Image Splitter - SnowHouse<\/title>\n<meta name=\"robots\" content=\"index, follow, max-snippet:-1, max-image-preview:large, max-video-preview:-1\" \/>\n<link rel=\"canonical\" href=\"https:\/\/snowhouse.ca\/fr\/produit\/cameras-spectrographs\/multi-wavelength-imaging\/multi-wavelength-imaging-optosplit-ii\/\" \/>\n<meta property=\"og:locale\" content=\"fr_CA\" \/>\n<meta property=\"og:type\" content=\"article\" \/>\n<meta property=\"og:title\" content=\"Optosplit II - Image Splitter - SnowHouse\" \/>\n<meta property=\"og:description\" content=\"One Camera Solution - Dual Emission Image Splitter\" \/>\n<meta property=\"og:url\" content=\"https:\/\/snowhouse.ca\/fr\/produit\/cameras-spectrographs\/multi-wavelength-imaging\/multi-wavelength-imaging-optosplit-ii\/\" \/>\n<meta property=\"og:site_name\" content=\"SnowHouse\" \/>\n<meta property=\"article:modified_time\" content=\"2025-11-14T19:51:51+00:00\" \/>\n<meta property=\"og:image\" content=\"https:\/\/snowhouse.ca\/wp-content\/uploads\/2025\/07\/60692.png\" \/>\n\t<meta property=\"og:image:width\" content=\"280\" \/>\n\t<meta property=\"og:image:height\" content=\"240\" \/>\n\t<meta property=\"og:image:type\" content=\"image\/png\" \/>\n<meta name=\"twitter:card\" content=\"summary_large_image\" \/>\n<meta name=\"twitter:label1\" content=\"Estimation du temps de lecture\" \/>\n\t<meta name=\"twitter:data1\" content=\"1 minute\" \/>\n<script type=\"application\/ld+json\" class=\"yoast-schema-graph\">{\"@context\":\"https:\/\/schema.org\",\"@graph\":[{\"@type\":\"WebPage\",\"@id\":\"https:\/\/snowhouse.ca\/fr\/produit\/cameras-spectrographs\/multi-wavelength-imaging\/multi-wavelength-imaging-optosplit-ii\/\",\"url\":\"https:\/\/snowhouse.ca\/fr\/produit\/cameras-spectrographs\/multi-wavelength-imaging\/multi-wavelength-imaging-optosplit-ii\/\",\"name\":\"Optosplit II - Image Splitter - SnowHouse\",\"isPartOf\":{\"@id\":\"https:\/\/snowhouse.ca\/#website\"},\"primaryImageOfPage\":{\"@id\":\"https:\/\/snowhouse.ca\/fr\/produit\/cameras-spectrographs\/multi-wavelength-imaging\/multi-wavelength-imaging-optosplit-ii\/#primaryimage\"},\"image\":{\"@id\":\"https:\/\/snowhouse.ca\/fr\/produit\/cameras-spectrographs\/multi-wavelength-imaging\/multi-wavelength-imaging-optosplit-ii\/#primaryimage\"},\"thumbnailUrl\":\"https:\/\/snowhouse.ca\/wp-content\/uploads\/2025\/07\/60692.png?wsr\",\"datePublished\":\"2025-07-23T01:41:05+00:00\",\"dateModified\":\"2025-11-14T19:51:51+00:00\",\"breadcrumb\":{\"@id\":\"https:\/\/snowhouse.ca\/fr\/produit\/cameras-spectrographs\/multi-wavelength-imaging\/multi-wavelength-imaging-optosplit-ii\/#breadcrumb\"},\"inLanguage\":\"fr-CA\",\"potentialAction\":[{\"@type\":\"ReadAction\",\"target\":[\"https:\/\/snowhouse.ca\/fr\/produit\/cameras-spectrographs\/multi-wavelength-imaging\/multi-wavelength-imaging-optosplit-ii\/\"]}]},{\"@type\":\"ImageObject\",\"inLanguage\":\"fr-CA\",\"@id\":\"https:\/\/snowhouse.ca\/fr\/produit\/cameras-spectrographs\/multi-wavelength-imaging\/multi-wavelength-imaging-optosplit-ii\/#primaryimage\",\"url\":\"https:\/\/snowhouse.ca\/wp-content\/uploads\/2025\/07\/60692.png?wsr\",\"contentUrl\":\"https:\/\/snowhouse.ca\/wp-content\/uploads\/2025\/07\/60692.png?wsr\",\"width\":280,\"height\":240},{\"@type\":\"BreadcrumbList\",\"@id\":\"https:\/\/snowhouse.ca\/fr\/produit\/cameras-spectrographs\/multi-wavelength-imaging\/multi-wavelength-imaging-optosplit-ii\/#breadcrumb\",\"itemListElement\":[{\"@type\":\"ListItem\",\"position\":1,\"name\":\"Home\",\"item\":\"https:\/\/snowhouse.ca\/\"},{\"@type\":\"ListItem\",\"position\":2,\"name\":\"Products\",\"item\":\"https:\/\/snowhouse.ca\/products\/\"},{\"@type\":\"ListItem\",\"position\":3,\"name\":\"Optosplit II &#8211; Image Splitter\"}]},{\"@type\":\"WebSite\",\"@id\":\"https:\/\/snowhouse.ca\/#website\",\"url\":\"https:\/\/snowhouse.ca\/\",\"name\":\"SnowHouse\",\"description\":\"Trusted Scientific Instruments\",\"publisher\":{\"@id\":\"https:\/\/snowhouse.ca\/#organization\"},\"potentialAction\":[{\"@type\":\"SearchAction\",\"target\":{\"@type\":\"EntryPoint\",\"urlTemplate\":\"https:\/\/snowhouse.ca\/?s={search_term_string}\"},\"query-input\":{\"@type\":\"PropertyValueSpecification\",\"valueRequired\":true,\"valueName\":\"search_term_string\"}}],\"inLanguage\":\"fr-CA\"},{\"@type\":\"Organization\",\"@id\":\"https:\/\/snowhouse.ca\/#organization\",\"name\":\"Snowhouse inc.\",\"alternateName\":\"Snowhouse\",\"url\":\"https:\/\/snowhouse.ca\/\",\"logo\":{\"@type\":\"ImageObject\",\"inLanguage\":\"fr-CA\",\"@id\":\"https:\/\/snowhouse.ca\/#\/schema\/logo\/image\/\",\"url\":\"https:\/\/snowhouse.ca\/wp-content\/uploads\/2025\/07\/SnowHouse-Logo.png\",\"contentUrl\":\"https:\/\/snowhouse.ca\/wp-content\/uploads\/2025\/07\/SnowHouse-Logo.png\",\"width\":508,\"height\":136,\"caption\":\"Snowhouse inc.\"},\"image\":{\"@id\":\"https:\/\/snowhouse.ca\/#\/schema\/logo\/image\/\"}}]}<\/script>\n<!-- \/ Yoast SEO plugin. -->","yoast_head_json":{"title":"Optosplit II - Image Splitter - SnowHouse","robots":{"index":"index","follow":"follow","max-snippet":"max-snippet:-1","max-image-preview":"max-image-preview:large","max-video-preview":"max-video-preview:-1"},"canonical":"https:\/\/snowhouse.ca\/fr\/produit\/cameras-spectrographs\/multi-wavelength-imaging\/multi-wavelength-imaging-optosplit-ii\/","og_locale":"fr_CA","og_type":"article","og_title":"Optosplit II - Image Splitter - SnowHouse","og_description":"One Camera Solution - Dual Emission Image Splitter","og_url":"https:\/\/snowhouse.ca\/fr\/produit\/cameras-spectrographs\/multi-wavelength-imaging\/multi-wavelength-imaging-optosplit-ii\/","og_site_name":"SnowHouse","article_modified_time":"2025-11-14T19:51:51+00:00","og_image":[{"width":280,"height":240,"url":"https:\/\/snowhouse.ca\/wp-content\/uploads\/2025\/07\/60692.png","type":"image\/png"}],"twitter_card":"summary_large_image","twitter_misc":{"Estimation du temps de lecture":"1 minute"},"schema":{"@context":"https:\/\/schema.org","@graph":[{"@type":"WebPage","@id":"https:\/\/snowhouse.ca\/fr\/produit\/cameras-spectrographs\/multi-wavelength-imaging\/multi-wavelength-imaging-optosplit-ii\/","url":"https:\/\/snowhouse.ca\/fr\/produit\/cameras-spectrographs\/multi-wavelength-imaging\/multi-wavelength-imaging-optosplit-ii\/","name":"Optosplit II - Image Splitter - SnowHouse","isPartOf":{"@id":"https:\/\/snowhouse.ca\/#website"},"primaryImageOfPage":{"@id":"https:\/\/snowhouse.ca\/fr\/produit\/cameras-spectrographs\/multi-wavelength-imaging\/multi-wavelength-imaging-optosplit-ii\/#primaryimage"},"image":{"@id":"https:\/\/snowhouse.ca\/fr\/produit\/cameras-spectrographs\/multi-wavelength-imaging\/multi-wavelength-imaging-optosplit-ii\/#primaryimage"},"thumbnailUrl":"https:\/\/snowhouse.ca\/wp-content\/uploads\/2025\/07\/60692.png?wsr","datePublished":"2025-07-23T01:41:05+00:00","dateModified":"2025-11-14T19:51:51+00:00","breadcrumb":{"@id":"https:\/\/snowhouse.ca\/fr\/produit\/cameras-spectrographs\/multi-wavelength-imaging\/multi-wavelength-imaging-optosplit-ii\/#breadcrumb"},"inLanguage":"fr-CA","potentialAction":[{"@type":"ReadAction","target":["https:\/\/snowhouse.ca\/fr\/produit\/cameras-spectrographs\/multi-wavelength-imaging\/multi-wavelength-imaging-optosplit-ii\/"]}]},{"@type":"ImageObject","inLanguage":"fr-CA","@id":"https:\/\/snowhouse.ca\/fr\/produit\/cameras-spectrographs\/multi-wavelength-imaging\/multi-wavelength-imaging-optosplit-ii\/#primaryimage","url":"https:\/\/snowhouse.ca\/wp-content\/uploads\/2025\/07\/60692.png?wsr","contentUrl":"https:\/\/snowhouse.ca\/wp-content\/uploads\/2025\/07\/60692.png?wsr","width":280,"height":240},{"@type":"BreadcrumbList","@id":"https:\/\/snowhouse.ca\/fr\/produit\/cameras-spectrographs\/multi-wavelength-imaging\/multi-wavelength-imaging-optosplit-ii\/#breadcrumb","itemListElement":[{"@type":"ListItem","position":1,"name":"Home","item":"https:\/\/snowhouse.ca\/"},{"@type":"ListItem","position":2,"name":"Products","item":"https:\/\/snowhouse.ca\/products\/"},{"@type":"ListItem","position":3,"name":"Optosplit II &#8211; Image Splitter"}]},{"@type":"WebSite","@id":"https:\/\/snowhouse.ca\/#website","url":"https:\/\/snowhouse.ca\/","name":"Maison de neige","description":"Instruments scientifiques de confiance","publisher":{"@id":"https:\/\/snowhouse.ca\/#organization"},"potentialAction":[{"@type":"SearchAction","target":{"@type":"EntryPoint","urlTemplate":"https:\/\/snowhouse.ca\/?s={search_term_string}"},"query-input":{"@type":"PropertyValueSpecification","valueRequired":true,"valueName":"search_term_string"}}],"inLanguage":"fr-CA"},{"@type":"Organization","@id":"https:\/\/snowhouse.ca\/#organization","name":"Snowhouse inc.","alternateName":"Snowhouse","url":"https:\/\/snowhouse.ca\/","logo":{"@type":"ImageObject","inLanguage":"fr-CA","@id":"https:\/\/snowhouse.ca\/#\/schema\/logo\/image\/","url":"https:\/\/snowhouse.ca\/wp-content\/uploads\/2025\/07\/SnowHouse-Logo.png","contentUrl":"https:\/\/snowhouse.ca\/wp-content\/uploads\/2025\/07\/SnowHouse-Logo.png","width":508,"height":136,"caption":"Snowhouse inc."},"image":{"@id":"https:\/\/snowhouse.ca\/#\/schema\/logo\/image\/"}}]}},"_links":{"self":[{"href":"https:\/\/snowhouse.ca\/fr\/wp-json\/wp\/v2\/product\/720","targetHints":{"allow":["GET"]}}],"collection":[{"href":"https:\/\/snowhouse.ca\/fr\/wp-json\/wp\/v2\/product"}],"about":[{"href":"https:\/\/snowhouse.ca\/fr\/wp-json\/wp\/v2\/types\/product"}],"wp:featuredmedia":[{"embeddable":true,"href":"https:\/\/snowhouse.ca\/fr\/wp-json\/wp\/v2\/media\/721"}],"wp:attachment":[{"href":"https:\/\/snowhouse.ca\/fr\/wp-json\/wp\/v2\/media?parent=720"}],"wp:term":[{"taxonomy":"product_brand","embeddable":true,"href":"https:\/\/snowhouse.ca\/fr\/wp-json\/wp\/v2\/product_brand?post=720"},{"taxonomy":"product_cat","embeddable":true,"href":"https:\/\/snowhouse.ca\/fr\/wp-json\/wp\/v2\/product_cat?post=720"},{"taxonomy":"product_tag","embeddable":true,"href":"https:\/\/snowhouse.ca\/fr\/wp-json\/wp\/v2\/product_tag?post=720"},{"taxonomy":"document","embeddable":true,"href":"https:\/\/snowhouse.ca\/fr\/wp-json\/wp\/v2\/document?post=720"}],"curies":[{"name":"wp","href":"https:\/\/api.w.org\/{rel}","templated":true}]}}