{"id":722,"date":"2025-07-23T01:41:05","date_gmt":"2025-07-23T01:41:05","guid":{"rendered":"https:\/\/snowhouse.ca\/produit\/multi-wavelength-imaging-tucam\/"},"modified":"2025-11-14T19:47:49","modified_gmt":"2025-11-14T19:47:49","slug":"multi-wavelength-imaging-tucam","status":"publish","type":"product","link":"https:\/\/snowhouse.ca\/fr\/produit\/cameras-spectrographs\/multi-wavelength-imaging\/multi-wavelength-imaging-tucam\/","title":{"rendered":"Adaptateur d&#039;imagerie TuCam"},"content":{"rendered":"<h3><u><strong>TuCam \u2013\u00a0<\/strong><\/u><u><strong>Imagerie multi-longueurs d&#039;onde<\/strong><\/u><\/h3>\n<p><strong>Adaptateur d&#039;imagerie haute performance pour deux cam\u00e9ras <\/strong><\/p>\n<p>La TuCam d&#039;Andor est un adaptateur double cam\u00e9ra nouvelle g\u00e9n\u00e9ration pour les applications d&#039;imagerie macro ou microscopique. Disponible en monture C ou CSUX, la TuCam offre une grande ouverture, une transmission exceptionnelle, une tr\u00e8s faible distorsion et un alignement haute pr\u00e9cision gr\u00e2ce \u00e0 des cassettes cin\u00e9matiques.<\/p>\n<p>TuCam peut \u00eatre configur\u00e9 pour l&#039;imagerie simultan\u00e9e de deux cam\u00e9ras similaires ou comme commutateur entre des mod\u00e8les de cam\u00e9ra avec des capacit\u00e9s d&#039;imagerie diff\u00e9rentes.<\/p>\n<table class=\"hor-minimalist-a\" style=\"border-collapse: collapse; font-family: 'lucida sans unicode', 'lucida grande', sans-serif; font-size: 12px; margin-bottom: 16px; width: 460px;\" border=\"1\" cellspacing=\"0\">\n<tbody>\n<tr>\n<td>Gamme de longueurs d&#039;onde<\/td>\n<td>400 \u2013 750 nm<\/td>\n<\/tr>\n<tr>\n<td>D\u00e9bit (version monture C)<\/td>\n<td>&gt; 96% (425-675 nm)<\/td>\n<\/tr>\n<tr>\n<td>D\u00e9bit (version CSUX)<\/td>\n<td>&gt; 93% (425 \u00e0 675 nm)<\/td>\n<\/tr>\n<tr>\n<td>Aberration chromatique (d\u00e9calage de mise au point)<\/td>\n<td>&lt; \u00b1 0,2 mm (486 \u00e0 656 nm)<\/td>\n<\/tr>\n<tr>\n<td>Distorsion<\/td>\n<td>&lt; 0,5%<\/td>\n<\/tr>\n<tr>\n<td>distorsion diff\u00e9rentielle<\/td>\n<td>&lt; 0,5%<\/td>\n<\/tr>\n<tr>\n<td>Format maximal du capteur<\/td>\n<td>22 mm de diagonale<\/td>\n<\/tr>\n<tr>\n<td>Uniformit\u00e9 du champ<\/td>\n<td>&gt; 90%<\/td>\n<\/tr>\n<tr>\n<td>Variation de grossissement chromatique<\/td>\n<td>&lt; 25 m (425 \u2013 675 nm)<\/td>\n<\/tr>\n<tr>\n<td>Erreur d&#039;alignement du champ de la cam\u00e9ra<\/td>\n<td>&lt; 32 m<\/td>\n<\/tr>\n<\/tbody>\n<\/table>\n<p>Une gamme compl\u00e8te d&#039;optiques de s\u00e9paration de faisceau est disponible avec des cassettes cin\u00e9matiques sur mesure pour un alignement pr\u00e9cis. Celles-ci incluent des s\u00e9parateurs de longueur d&#039;onde et de polarisation de la plus haute qualit\u00e9, ainsi qu&#039;un miroir de premi\u00e8re surface permettant de commuter entre les cam\u00e9ras. Une vari\u00e9t\u00e9 de tubes et d&#039;objectifs de cam\u00e9ra est disponible pour offrir des grossissements de 1,0x, 1,2x, 1,5x et 2,0x dans chaque bras de l&#039;adaptateur. Une roue \u00e0 filtres peut \u00e9galement \u00eatre int\u00e9gr\u00e9e \u00e0 l&#039;entr\u00e9e de TuCam pour permettre un pr\u00e9filtrage de la bande d&#039;\u00e9mission souhait\u00e9e. Grande ouverture\u00a0; lentilles achromatiques de haute qualit\u00e9\u00a0; transmission optimale\u00a0; tr\u00e8s faible distorsion\u00a0; mode bypass.<\/p>","protected":false},"excerpt":{"rendered":"<p>Adaptateur d&#039;imagerie haute performance pour deux cam\u00e9ras<\/p>","protected":false},"featured_media":723,"template":"","meta":[],"product_brand":[551],"product_cat":[165],"product_tag":[],"document":[],"class_list":{"0":"post-722","1":"product","2":"type-product","3":"status-publish","4":"has-post-thumbnail","6":"product_brand-andor","7":"product_cat-multi-wavelength-imaging","9":"first","10":"instock","11":"purchasable","12":"product-type-simple"},"yoast_head":"<!-- This site is optimized with the Yoast SEO plugin v26.8 - https:\/\/yoast.com\/product\/yoast-seo-wordpress\/ -->\n<title>TuCam - Imaging Adapter - SnowHouse<\/title>\n<meta name=\"robots\" content=\"index, follow, max-snippet:-1, max-image-preview:large, max-video-preview:-1\" \/>\n<link rel=\"canonical\" href=\"https:\/\/snowhouse.ca\/fr\/product\/cameras-spectrographs\/multi-wavelength-imaging\/multi-wavelength-imaging-tucam\/\" \/>\n<meta property=\"og:locale\" content=\"fr_CA\" \/>\n<meta property=\"og:type\" content=\"article\" \/>\n<meta property=\"og:title\" content=\"TuCam - Imaging Adapter - SnowHouse\" \/>\n<meta property=\"og:description\" content=\"High Performance, Two Camera Imaging Adapter\" \/>\n<meta property=\"og:url\" content=\"https:\/\/snowhouse.ca\/fr\/product\/cameras-spectrographs\/multi-wavelength-imaging\/multi-wavelength-imaging-tucam\/\" \/>\n<meta property=\"og:site_name\" content=\"SnowHouse\" \/>\n<meta property=\"article:modified_time\" content=\"2025-11-14T19:47:49+00:00\" \/>\n<meta property=\"og:image\" content=\"https:\/\/snowhouse.ca\/wp-content\/uploads\/2025\/07\/29701.png\" \/>\n\t<meta property=\"og:image:width\" content=\"280\" \/>\n\t<meta property=\"og:image:height\" content=\"240\" \/>\n\t<meta property=\"og:image:type\" content=\"image\/png\" \/>\n<meta name=\"twitter:card\" content=\"summary_large_image\" \/>\n<meta name=\"twitter:label1\" content=\"Estimation du temps de lecture\" \/>\n\t<meta name=\"twitter:data1\" content=\"2 minutes\" \/>\n<script type=\"application\/ld+json\" class=\"yoast-schema-graph\">{\"@context\":\"https:\/\/schema.org\",\"@graph\":[{\"@type\":\"WebPage\",\"@id\":\"https:\/\/snowhouse.ca\/product\/cameras-spectrographs\/multi-wavelength-imaging\/multi-wavelength-imaging-tucam\/\",\"url\":\"https:\/\/snowhouse.ca\/product\/cameras-spectrographs\/multi-wavelength-imaging\/multi-wavelength-imaging-tucam\/\",\"name\":\"TuCam - Imaging Adapter - SnowHouse\",\"isPartOf\":{\"@id\":\"https:\/\/snowhouse.ca\/#website\"},\"primaryImageOfPage\":{\"@id\":\"https:\/\/snowhouse.ca\/product\/cameras-spectrographs\/multi-wavelength-imaging\/multi-wavelength-imaging-tucam\/#primaryimage\"},\"image\":{\"@id\":\"https:\/\/snowhouse.ca\/product\/cameras-spectrographs\/multi-wavelength-imaging\/multi-wavelength-imaging-tucam\/#primaryimage\"},\"thumbnailUrl\":\"https:\/\/snowhouse.ca\/wp-content\/uploads\/2025\/07\/29701.png?wsr\",\"datePublished\":\"2025-07-23T01:41:05+00:00\",\"dateModified\":\"2025-11-14T19:47:49+00:00\",\"breadcrumb\":{\"@id\":\"https:\/\/snowhouse.ca\/product\/cameras-spectrographs\/multi-wavelength-imaging\/multi-wavelength-imaging-tucam\/#breadcrumb\"},\"inLanguage\":\"fr-CA\",\"potentialAction\":[{\"@type\":\"ReadAction\",\"target\":[\"https:\/\/snowhouse.ca\/product\/cameras-spectrographs\/multi-wavelength-imaging\/multi-wavelength-imaging-tucam\/\"]}]},{\"@type\":\"ImageObject\",\"inLanguage\":\"fr-CA\",\"@id\":\"https:\/\/snowhouse.ca\/product\/cameras-spectrographs\/multi-wavelength-imaging\/multi-wavelength-imaging-tucam\/#primaryimage\",\"url\":\"https:\/\/snowhouse.ca\/wp-content\/uploads\/2025\/07\/29701.png?wsr\",\"contentUrl\":\"https:\/\/snowhouse.ca\/wp-content\/uploads\/2025\/07\/29701.png?wsr\",\"width\":280,\"height\":240},{\"@type\":\"BreadcrumbList\",\"@id\":\"https:\/\/snowhouse.ca\/product\/cameras-spectrographs\/multi-wavelength-imaging\/multi-wavelength-imaging-tucam\/#breadcrumb\",\"itemListElement\":[{\"@type\":\"ListItem\",\"position\":1,\"name\":\"Home\",\"item\":\"https:\/\/snowhouse.ca\/\"},{\"@type\":\"ListItem\",\"position\":2,\"name\":\"Products\",\"item\":\"https:\/\/snowhouse.ca\/products\/\"},{\"@type\":\"ListItem\",\"position\":3,\"name\":\"TuCam &#8211; Imaging Adapter\"}]},{\"@type\":\"WebSite\",\"@id\":\"https:\/\/snowhouse.ca\/#website\",\"url\":\"https:\/\/snowhouse.ca\/\",\"name\":\"SnowHouse\",\"description\":\"Trusted Scientific Instruments\",\"publisher\":{\"@id\":\"https:\/\/snowhouse.ca\/#organization\"},\"potentialAction\":[{\"@type\":\"SearchAction\",\"target\":{\"@type\":\"EntryPoint\",\"urlTemplate\":\"https:\/\/snowhouse.ca\/?s={search_term_string}\"},\"query-input\":{\"@type\":\"PropertyValueSpecification\",\"valueRequired\":true,\"valueName\":\"search_term_string\"}}],\"inLanguage\":\"fr-CA\"},{\"@type\":\"Organization\",\"@id\":\"https:\/\/snowhouse.ca\/#organization\",\"name\":\"Snowhouse inc.\",\"alternateName\":\"Snowhouse\",\"url\":\"https:\/\/snowhouse.ca\/\",\"logo\":{\"@type\":\"ImageObject\",\"inLanguage\":\"fr-CA\",\"@id\":\"https:\/\/snowhouse.ca\/#\/schema\/logo\/image\/\",\"url\":\"https:\/\/snowhouse.ca\/wp-content\/uploads\/2025\/07\/SnowHouse-Logo.png\",\"contentUrl\":\"https:\/\/snowhouse.ca\/wp-content\/uploads\/2025\/07\/SnowHouse-Logo.png\",\"width\":508,\"height\":136,\"caption\":\"Snowhouse inc.\"},\"image\":{\"@id\":\"https:\/\/snowhouse.ca\/#\/schema\/logo\/image\/\"}}]}<\/script>\n<!-- \/ Yoast SEO plugin. -->","yoast_head_json":{"title":"TuCam - Imaging Adapter - SnowHouse","robots":{"index":"index","follow":"follow","max-snippet":"max-snippet:-1","max-image-preview":"max-image-preview:large","max-video-preview":"max-video-preview:-1"},"canonical":"https:\/\/snowhouse.ca\/fr\/product\/cameras-spectrographs\/multi-wavelength-imaging\/multi-wavelength-imaging-tucam\/","og_locale":"fr_CA","og_type":"article","og_title":"TuCam - Imaging Adapter - SnowHouse","og_description":"High Performance, Two Camera Imaging Adapter","og_url":"https:\/\/snowhouse.ca\/fr\/product\/cameras-spectrographs\/multi-wavelength-imaging\/multi-wavelength-imaging-tucam\/","og_site_name":"SnowHouse","article_modified_time":"2025-11-14T19:47:49+00:00","og_image":[{"width":280,"height":240,"url":"https:\/\/snowhouse.ca\/wp-content\/uploads\/2025\/07\/29701.png","type":"image\/png"}],"twitter_card":"summary_large_image","twitter_misc":{"Estimation du temps de lecture":"2 minutes"},"schema":{"@context":"https:\/\/schema.org","@graph":[{"@type":"WebPage","@id":"https:\/\/snowhouse.ca\/product\/cameras-spectrographs\/multi-wavelength-imaging\/multi-wavelength-imaging-tucam\/","url":"https:\/\/snowhouse.ca\/product\/cameras-spectrographs\/multi-wavelength-imaging\/multi-wavelength-imaging-tucam\/","name":"TuCam - Imaging Adapter - SnowHouse","isPartOf":{"@id":"https:\/\/snowhouse.ca\/#website"},"primaryImageOfPage":{"@id":"https:\/\/snowhouse.ca\/product\/cameras-spectrographs\/multi-wavelength-imaging\/multi-wavelength-imaging-tucam\/#primaryimage"},"image":{"@id":"https:\/\/snowhouse.ca\/product\/cameras-spectrographs\/multi-wavelength-imaging\/multi-wavelength-imaging-tucam\/#primaryimage"},"thumbnailUrl":"https:\/\/snowhouse.ca\/wp-content\/uploads\/2025\/07\/29701.png?wsr","datePublished":"2025-07-23T01:41:05+00:00","dateModified":"2025-11-14T19:47:49+00:00","breadcrumb":{"@id":"https:\/\/snowhouse.ca\/product\/cameras-spectrographs\/multi-wavelength-imaging\/multi-wavelength-imaging-tucam\/#breadcrumb"},"inLanguage":"fr-CA","potentialAction":[{"@type":"ReadAction","target":["https:\/\/snowhouse.ca\/product\/cameras-spectrographs\/multi-wavelength-imaging\/multi-wavelength-imaging-tucam\/"]}]},{"@type":"ImageObject","inLanguage":"fr-CA","@id":"https:\/\/snowhouse.ca\/product\/cameras-spectrographs\/multi-wavelength-imaging\/multi-wavelength-imaging-tucam\/#primaryimage","url":"https:\/\/snowhouse.ca\/wp-content\/uploads\/2025\/07\/29701.png?wsr","contentUrl":"https:\/\/snowhouse.ca\/wp-content\/uploads\/2025\/07\/29701.png?wsr","width":280,"height":240},{"@type":"BreadcrumbList","@id":"https:\/\/snowhouse.ca\/product\/cameras-spectrographs\/multi-wavelength-imaging\/multi-wavelength-imaging-tucam\/#breadcrumb","itemListElement":[{"@type":"ListItem","position":1,"name":"Home","item":"https:\/\/snowhouse.ca\/"},{"@type":"ListItem","position":2,"name":"Products","item":"https:\/\/snowhouse.ca\/products\/"},{"@type":"ListItem","position":3,"name":"TuCam &#8211; Imaging Adapter"}]},{"@type":"WebSite","@id":"https:\/\/snowhouse.ca\/#website","url":"https:\/\/snowhouse.ca\/","name":"Maison de neige","description":"Instruments scientifiques de confiance","publisher":{"@id":"https:\/\/snowhouse.ca\/#organization"},"potentialAction":[{"@type":"SearchAction","target":{"@type":"EntryPoint","urlTemplate":"https:\/\/snowhouse.ca\/?s={search_term_string}"},"query-input":{"@type":"PropertyValueSpecification","valueRequired":true,"valueName":"search_term_string"}}],"inLanguage":"fr-CA"},{"@type":"Organization","@id":"https:\/\/snowhouse.ca\/#organization","name":"Snowhouse inc.","alternateName":"Snowhouse","url":"https:\/\/snowhouse.ca\/","logo":{"@type":"ImageObject","inLanguage":"fr-CA","@id":"https:\/\/snowhouse.ca\/#\/schema\/logo\/image\/","url":"https:\/\/snowhouse.ca\/wp-content\/uploads\/2025\/07\/SnowHouse-Logo.png","contentUrl":"https:\/\/snowhouse.ca\/wp-content\/uploads\/2025\/07\/SnowHouse-Logo.png","width":508,"height":136,"caption":"Snowhouse inc."},"image":{"@id":"https:\/\/snowhouse.ca\/#\/schema\/logo\/image\/"}}]}},"_links":{"self":[{"href":"https:\/\/snowhouse.ca\/fr\/wp-json\/wp\/v2\/product\/722","targetHints":{"allow":["GET"]}}],"collection":[{"href":"https:\/\/snowhouse.ca\/fr\/wp-json\/wp\/v2\/product"}],"about":[{"href":"https:\/\/snowhouse.ca\/fr\/wp-json\/wp\/v2\/types\/product"}],"wp:featuredmedia":[{"embeddable":true,"href":"https:\/\/snowhouse.ca\/fr\/wp-json\/wp\/v2\/media\/723"}],"wp:attachment":[{"href":"https:\/\/snowhouse.ca\/fr\/wp-json\/wp\/v2\/media?parent=722"}],"wp:term":[{"taxonomy":"product_brand","embeddable":true,"href":"https:\/\/snowhouse.ca\/fr\/wp-json\/wp\/v2\/product_brand?post=722"},{"taxonomy":"product_cat","embeddable":true,"href":"https:\/\/snowhouse.ca\/fr\/wp-json\/wp\/v2\/product_cat?post=722"},{"taxonomy":"product_tag","embeddable":true,"href":"https:\/\/snowhouse.ca\/fr\/wp-json\/wp\/v2\/product_tag?post=722"},{"taxonomy":"document","embeddable":true,"href":"https:\/\/snowhouse.ca\/fr\/wp-json\/wp\/v2\/document?post=722"}],"curies":[{"name":"wp","href":"https:\/\/api.w.org\/{rel}","templated":true}]}}