{"id":726,"date":"2025-07-23T01:41:05","date_gmt":"2025-07-23T01:41:05","guid":{"rendered":"https:\/\/snowhouse.ca\/produit\/ikon-m-934-low-noise-ccd-camera-series\/"},"modified":"2025-11-17T16:37:55","modified_gmt":"2025-11-17T16:37:55","slug":"ikon-m-934-low-noise-ccd-camera-series","status":"publish","type":"product","link":"https:\/\/snowhouse.ca\/fr\/produit\/cameras-spectrographs\/ccd-cameras\/ikon-m-934-low-noise-ccd-camera-series\/","title":{"rendered":"iKon-M 934 - CCD \u00e0 faible bruit"},"content":{"rendered":"<h3><u><strong>S\u00e9rie de cam\u00e9ras CCD \u00e0 faible bruit iKon-M 934<\/strong><\/u><\/h3>\n<p>La s\u00e9rie de cam\u00e9ras CCD \u00e0 faible bruit iKon-M 934 de Andor est con\u00e7ue pour offrir des performances optimales en termes de sensibilit\u00e9 et de faible bruit, id\u00e9ales pour les applications d&#039;imagerie exigeantes. Ces cam\u00e9ras CCD haute r\u00e9solution 1024 x 1024 affichent un QEmax jusqu&#039;\u00e0 95%, une plage dynamique \u00e9tendue et des pixels de 13 \u00b5m.<\/p>\n<p>Les cam\u00e9ras iKon-M s\u00e9rie 934 de Andor sont con\u00e7ues pour offrir des performances optimales en termes de sensibilit\u00e9 et de faible bruit, id\u00e9ales pour les applications d&#039;imagerie exigeantes. Ces cam\u00e9ras CCD haute r\u00e9solution 1024 x 1024 affichent un QEmax jusqu&#039;\u00e0 95%, une plage dynamique \u00e9tendue, des pixels de 13 \u03bcm et un bruit de lecture exceptionnellement faible. L&#039;iKon-M b\u00e9n\u00e9ficie d&#039;un courant d&#039;obscurit\u00e9 n\u00e9gligeable gr\u00e2ce \u00e0 un refroidissement thermo\u00e9lectrique de pointe jusqu&#039;\u00e0 -100 \u00b0C.<\/p>\n<p>L&#039;option de capteur \u00ab\u00a0Deep Depletion\u00a0\u00bb offre des performances optimales pour les applications NIR. Le nouveau rev\u00eatement antireflet double \u00e9tend consid\u00e9rablement le rendement quantique sur la r\u00e9gion UV\/visible du spectre, assurant ainsi la couverture spectrale la plus large possible avec un seul capteur. La technologie de suppression des franges (Fringe Suppression Technology\u2122) minimise radicalement les effets d&#039;\u00e9talonnage dans le NIR. Gr\u00e2ce \u00e0 des d\u00e9calages verticaux rapides, un mode d&#039;acquisition cin\u00e9tique rapide, des modes de d\u00e9clenchement complets et des options de fen\u00eatre \u00e0 coin \u00e0 rev\u00eatement personnalis\u00e9, les mod\u00e8les Deep Depletion sont parfaitement adapt\u00e9s aux applications de condensation de Bose-Einstein optimis\u00e9es pour le NIR.<\/p>\n<p>&nbsp;<\/p>","protected":false},"excerpt":{"rendered":"<p class=\"product-short-excerpt\">matrice de 1024 x 1024 pixels avec des pixels de 13,3 \u00b5m<\/p>","protected":false},"featured_media":2480,"template":"","meta":[],"product_brand":[551],"product_cat":[574],"product_tag":[],"document":[],"class_list":{"0":"post-726","1":"product","2":"type-product","3":"status-publish","4":"has-post-thumbnail","6":"product_brand-andor","7":"product_cat-ccd-cameras","9":"first","10":"instock","11":"purchasable","12":"product-type-simple"},"yoast_head":"<!-- This site is optimized with the Yoast SEO plugin v26.8 - https:\/\/yoast.com\/product\/yoast-seo-wordpress\/ -->\n<title>iKon-M 934- Low Noise CCD - SnowHouse<\/title>\n<meta name=\"description\" content=\"Andor Low-noise cooled CCD camera for long-exposure\" \/>\n<meta name=\"robots\" content=\"index, follow, max-snippet:-1, max-image-preview:large, max-video-preview:-1\" \/>\n<link rel=\"canonical\" href=\"https:\/\/snowhouse.ca\/fr\/product\/cameras-spectrographs\/ccd-cameras\/ikon-m-934-low-noise-ccd-camera-series\/\" \/>\n<meta property=\"og:locale\" content=\"fr_CA\" \/>\n<meta property=\"og:type\" content=\"article\" \/>\n<meta property=\"og:title\" content=\"iKon-M 934- Low Noise CCD - SnowHouse\" \/>\n<meta property=\"og:description\" content=\"Andor Low-noise cooled CCD camera for long-exposure\" \/>\n<meta property=\"og:url\" content=\"https:\/\/snowhouse.ca\/fr\/product\/cameras-spectrographs\/ccd-cameras\/ikon-m-934-low-noise-ccd-camera-series\/\" \/>\n<meta property=\"og:site_name\" content=\"SnowHouse\" \/>\n<meta property=\"article:modified_time\" content=\"2025-11-17T16:37:55+00:00\" \/>\n<meta property=\"og:image\" content=\"https:\/\/snowhouse.ca\/wp-content\/uploads\/2025\/07\/ikon-m-series.png\" \/>\n\t<meta property=\"og:image:width\" content=\"1000\" \/>\n\t<meta property=\"og:image:height\" content=\"866\" \/>\n\t<meta property=\"og:image:type\" content=\"image\/png\" \/>\n<meta name=\"twitter:card\" content=\"summary_large_image\" \/>\n<meta name=\"twitter:label1\" content=\"Estimation du temps de lecture\" \/>\n\t<meta name=\"twitter:data1\" content=\"2 minutes\" \/>\n<script type=\"application\/ld+json\" class=\"yoast-schema-graph\">{\"@context\":\"https:\/\/schema.org\",\"@graph\":[{\"@type\":\"WebPage\",\"@id\":\"https:\/\/snowhouse.ca\/product\/cameras-spectrographs\/ccd-cameras\/ikon-m-934-low-noise-ccd-camera-series\/\",\"url\":\"https:\/\/snowhouse.ca\/product\/cameras-spectrographs\/ccd-cameras\/ikon-m-934-low-noise-ccd-camera-series\/\",\"name\":\"iKon-M 934- Low Noise CCD - SnowHouse\",\"isPartOf\":{\"@id\":\"https:\/\/snowhouse.ca\/#website\"},\"primaryImageOfPage\":{\"@id\":\"https:\/\/snowhouse.ca\/product\/cameras-spectrographs\/ccd-cameras\/ikon-m-934-low-noise-ccd-camera-series\/#primaryimage\"},\"image\":{\"@id\":\"https:\/\/snowhouse.ca\/product\/cameras-spectrographs\/ccd-cameras\/ikon-m-934-low-noise-ccd-camera-series\/#primaryimage\"},\"thumbnailUrl\":\"https:\/\/snowhouse.ca\/wp-content\/uploads\/2025\/07\/ikon-m-series.png?wsr\",\"datePublished\":\"2025-07-23T01:41:05+00:00\",\"dateModified\":\"2025-11-17T16:37:55+00:00\",\"description\":\"Andor Low-noise cooled CCD camera for long-exposure\",\"breadcrumb\":{\"@id\":\"https:\/\/snowhouse.ca\/product\/cameras-spectrographs\/ccd-cameras\/ikon-m-934-low-noise-ccd-camera-series\/#breadcrumb\"},\"inLanguage\":\"fr-CA\",\"potentialAction\":[{\"@type\":\"ReadAction\",\"target\":[\"https:\/\/snowhouse.ca\/product\/cameras-spectrographs\/ccd-cameras\/ikon-m-934-low-noise-ccd-camera-series\/\"]}]},{\"@type\":\"ImageObject\",\"inLanguage\":\"fr-CA\",\"@id\":\"https:\/\/snowhouse.ca\/product\/cameras-spectrographs\/ccd-cameras\/ikon-m-934-low-noise-ccd-camera-series\/#primaryimage\",\"url\":\"https:\/\/snowhouse.ca\/wp-content\/uploads\/2025\/07\/ikon-m-series.png?wsr\",\"contentUrl\":\"https:\/\/snowhouse.ca\/wp-content\/uploads\/2025\/07\/ikon-m-series.png?wsr\",\"width\":1000,\"height\":866,\"caption\":\"iKon-M CCD Camera from Andor (Oxford Instruments)\"},{\"@type\":\"BreadcrumbList\",\"@id\":\"https:\/\/snowhouse.ca\/product\/cameras-spectrographs\/ccd-cameras\/ikon-m-934-low-noise-ccd-camera-series\/#breadcrumb\",\"itemListElement\":[{\"@type\":\"ListItem\",\"position\":1,\"name\":\"Home\",\"item\":\"https:\/\/snowhouse.ca\/\"},{\"@type\":\"ListItem\",\"position\":2,\"name\":\"Products\",\"item\":\"https:\/\/snowhouse.ca\/products\/\"},{\"@type\":\"ListItem\",\"position\":3,\"name\":\"iKon-M 934- Low Noise CCD\"}]},{\"@type\":\"WebSite\",\"@id\":\"https:\/\/snowhouse.ca\/#website\",\"url\":\"https:\/\/snowhouse.ca\/\",\"name\":\"SnowHouse\",\"description\":\"Trusted Scientific Instruments\",\"publisher\":{\"@id\":\"https:\/\/snowhouse.ca\/#organization\"},\"potentialAction\":[{\"@type\":\"SearchAction\",\"target\":{\"@type\":\"EntryPoint\",\"urlTemplate\":\"https:\/\/snowhouse.ca\/?s={search_term_string}\"},\"query-input\":{\"@type\":\"PropertyValueSpecification\",\"valueRequired\":true,\"valueName\":\"search_term_string\"}}],\"inLanguage\":\"fr-CA\"},{\"@type\":\"Organization\",\"@id\":\"https:\/\/snowhouse.ca\/#organization\",\"name\":\"Snowhouse inc.\",\"alternateName\":\"Snowhouse\",\"url\":\"https:\/\/snowhouse.ca\/\",\"logo\":{\"@type\":\"ImageObject\",\"inLanguage\":\"fr-CA\",\"@id\":\"https:\/\/snowhouse.ca\/#\/schema\/logo\/image\/\",\"url\":\"https:\/\/snowhouse.ca\/wp-content\/uploads\/2025\/07\/SnowHouse-Logo.png\",\"contentUrl\":\"https:\/\/snowhouse.ca\/wp-content\/uploads\/2025\/07\/SnowHouse-Logo.png\",\"width\":508,\"height\":136,\"caption\":\"Snowhouse inc.\"},\"image\":{\"@id\":\"https:\/\/snowhouse.ca\/#\/schema\/logo\/image\/\"}}]}<\/script>\n<!-- \/ Yoast SEO plugin. -->","yoast_head_json":{"title":"iKon-M 934- Low Noise CCD - SnowHouse","description":"Cam\u00e9ra CCD refroidie \u00e0 faible bruit Andor pour exposition longue","robots":{"index":"index","follow":"follow","max-snippet":"max-snippet:-1","max-image-preview":"max-image-preview:large","max-video-preview":"max-video-preview:-1"},"canonical":"https:\/\/snowhouse.ca\/fr\/product\/cameras-spectrographs\/ccd-cameras\/ikon-m-934-low-noise-ccd-camera-series\/","og_locale":"fr_CA","og_type":"article","og_title":"iKon-M 934- Low Noise CCD - SnowHouse","og_description":"Andor Low-noise cooled CCD camera for long-exposure","og_url":"https:\/\/snowhouse.ca\/fr\/product\/cameras-spectrographs\/ccd-cameras\/ikon-m-934-low-noise-ccd-camera-series\/","og_site_name":"SnowHouse","article_modified_time":"2025-11-17T16:37:55+00:00","og_image":[{"width":1000,"height":866,"url":"https:\/\/snowhouse.ca\/wp-content\/uploads\/2025\/07\/ikon-m-series.png","type":"image\/png"}],"twitter_card":"summary_large_image","twitter_misc":{"Estimation du temps de lecture":"2 minutes"},"schema":{"@context":"https:\/\/schema.org","@graph":[{"@type":"WebPage","@id":"https:\/\/snowhouse.ca\/product\/cameras-spectrographs\/ccd-cameras\/ikon-m-934-low-noise-ccd-camera-series\/","url":"https:\/\/snowhouse.ca\/product\/cameras-spectrographs\/ccd-cameras\/ikon-m-934-low-noise-ccd-camera-series\/","name":"iKon-M 934- Low Noise CCD - SnowHouse","isPartOf":{"@id":"https:\/\/snowhouse.ca\/#website"},"primaryImageOfPage":{"@id":"https:\/\/snowhouse.ca\/product\/cameras-spectrographs\/ccd-cameras\/ikon-m-934-low-noise-ccd-camera-series\/#primaryimage"},"image":{"@id":"https:\/\/snowhouse.ca\/product\/cameras-spectrographs\/ccd-cameras\/ikon-m-934-low-noise-ccd-camera-series\/#primaryimage"},"thumbnailUrl":"https:\/\/snowhouse.ca\/wp-content\/uploads\/2025\/07\/ikon-m-series.png?wsr","datePublished":"2025-07-23T01:41:05+00:00","dateModified":"2025-11-17T16:37:55+00:00","description":"Cam\u00e9ra CCD refroidie \u00e0 faible bruit Andor pour exposition longue","breadcrumb":{"@id":"https:\/\/snowhouse.ca\/product\/cameras-spectrographs\/ccd-cameras\/ikon-m-934-low-noise-ccd-camera-series\/#breadcrumb"},"inLanguage":"fr-CA","potentialAction":[{"@type":"ReadAction","target":["https:\/\/snowhouse.ca\/product\/cameras-spectrographs\/ccd-cameras\/ikon-m-934-low-noise-ccd-camera-series\/"]}]},{"@type":"ImageObject","inLanguage":"fr-CA","@id":"https:\/\/snowhouse.ca\/product\/cameras-spectrographs\/ccd-cameras\/ikon-m-934-low-noise-ccd-camera-series\/#primaryimage","url":"https:\/\/snowhouse.ca\/wp-content\/uploads\/2025\/07\/ikon-m-series.png?wsr","contentUrl":"https:\/\/snowhouse.ca\/wp-content\/uploads\/2025\/07\/ikon-m-series.png?wsr","width":1000,"height":866,"caption":"iKon-M CCD Camera from Andor (Oxford Instruments)"},{"@type":"BreadcrumbList","@id":"https:\/\/snowhouse.ca\/product\/cameras-spectrographs\/ccd-cameras\/ikon-m-934-low-noise-ccd-camera-series\/#breadcrumb","itemListElement":[{"@type":"ListItem","position":1,"name":"Home","item":"https:\/\/snowhouse.ca\/"},{"@type":"ListItem","position":2,"name":"Products","item":"https:\/\/snowhouse.ca\/products\/"},{"@type":"ListItem","position":3,"name":"iKon-M 934- Low Noise CCD"}]},{"@type":"WebSite","@id":"https:\/\/snowhouse.ca\/#website","url":"https:\/\/snowhouse.ca\/","name":"Maison de neige","description":"Instruments scientifiques de confiance","publisher":{"@id":"https:\/\/snowhouse.ca\/#organization"},"potentialAction":[{"@type":"SearchAction","target":{"@type":"EntryPoint","urlTemplate":"https:\/\/snowhouse.ca\/?s={search_term_string}"},"query-input":{"@type":"PropertyValueSpecification","valueRequired":true,"valueName":"search_term_string"}}],"inLanguage":"fr-CA"},{"@type":"Organization","@id":"https:\/\/snowhouse.ca\/#organization","name":"Snowhouse inc.","alternateName":"Snowhouse","url":"https:\/\/snowhouse.ca\/","logo":{"@type":"ImageObject","inLanguage":"fr-CA","@id":"https:\/\/snowhouse.ca\/#\/schema\/logo\/image\/","url":"https:\/\/snowhouse.ca\/wp-content\/uploads\/2025\/07\/SnowHouse-Logo.png","contentUrl":"https:\/\/snowhouse.ca\/wp-content\/uploads\/2025\/07\/SnowHouse-Logo.png","width":508,"height":136,"caption":"Snowhouse inc."},"image":{"@id":"https:\/\/snowhouse.ca\/#\/schema\/logo\/image\/"}}]}},"_links":{"self":[{"href":"https:\/\/snowhouse.ca\/fr\/wp-json\/wp\/v2\/product\/726","targetHints":{"allow":["GET"]}}],"collection":[{"href":"https:\/\/snowhouse.ca\/fr\/wp-json\/wp\/v2\/product"}],"about":[{"href":"https:\/\/snowhouse.ca\/fr\/wp-json\/wp\/v2\/types\/product"}],"wp:featuredmedia":[{"embeddable":true,"href":"https:\/\/snowhouse.ca\/fr\/wp-json\/wp\/v2\/media\/2480"}],"wp:attachment":[{"href":"https:\/\/snowhouse.ca\/fr\/wp-json\/wp\/v2\/media?parent=726"}],"wp:term":[{"taxonomy":"product_brand","embeddable":true,"href":"https:\/\/snowhouse.ca\/fr\/wp-json\/wp\/v2\/product_brand?post=726"},{"taxonomy":"product_cat","embeddable":true,"href":"https:\/\/snowhouse.ca\/fr\/wp-json\/wp\/v2\/product_cat?post=726"},{"taxonomy":"product_tag","embeddable":true,"href":"https:\/\/snowhouse.ca\/fr\/wp-json\/wp\/v2\/product_tag?post=726"},{"taxonomy":"document","embeddable":true,"href":"https:\/\/snowhouse.ca\/fr\/wp-json\/wp\/v2\/document?post=726"}],"curies":[{"name":"wp","href":"https:\/\/api.w.org\/{rel}","templated":true}]}}