{"id":730,"date":"2025-07-23T01:41:05","date_gmt":"2025-07-23T01:41:05","guid":{"rendered":"https:\/\/snowhouse.ca\/produit\/1-newton-970-emccd-series-electron-multiplying-technology-provides-unparalled-sensitivity\/"},"modified":"2025-11-17T16:38:00","modified_gmt":"2025-11-17T16:38:00","slug":"1-newton-970-emccd-series-electron-multiplying-technology-provides-unparalled-sensitivity","status":"publish","type":"product","link":"https:\/\/snowhouse.ca\/fr\/produit\/cameras-spectrographs\/emccd-cameras\/1-newton-970-emccd-series-electron-multiplying-technology-provides-unparalled-sensitivity\/","title":{"rendered":"Newton 970 EMCCD"},"content":{"rendered":"<h3><u><strong>Newton 970 - Plateforme leader du march\u00e9 pour la spectroscopie ultra-sensible et ultra-rapide<\/strong><\/u><\/h3>\n<p>La technologie EM permet la multiplication des photo\u00e9lectrons de chaque pixel sur le capteur avant la lecture, offrant ainsi une sensibilit\u00e9 au photon unique. La plateforme Newton EM combine une matrice de 1600 x 200 (ou 1600 x 400) pixels de 16 \u00b5m, un refroidissement thermo\u00e9lectrique jusqu&#039;\u00e0 -100 \u00b0C pour un courant d&#039;obscurit\u00e9 n\u00e9gligeable, une fr\u00e9quence de lecture de 3 MHz et une connectivit\u00e9 USB 2.0 plug-and-play, pour des performances in\u00e9gal\u00e9es en spectroscopie. Les deux amplificateurs de sortie permettent de s\u00e9lectionner par logiciel le mode de sortie haute sensibilit\u00e9 conventionnel ou le mode de multiplication d&#039;\u00e9lectrons, afin de s&#039;adapter \u00e0 une large gamme de r\u00e9gimes photoniques. Le capteur Newton EMCCD est ainsi le choix id\u00e9al pour les applications de cartographie chimique ultrarapide, telles que la spectroscopie SERS, TERS ou la cartographie de luminescence.<\/p>\n<table class=\"hor-minimalist-a\" style=\"border-collapse: collapse; font-family: 'lucida sans unicode', 'lucida grande', sans-serif; font-size: 12px; margin-bottom: 16px; text-align: left; width: 460px;\" border=\"1\" cellspacing=\"0\">\n<tbody>\n<tr>\n<td>pixels actifs<\/td>\n<td>1600 x 200<\/td>\n<\/tr>\n<tr>\n<td>Taille en pixels (L x H)<\/td>\n<td>16 x 16 \u00b5m<\/td>\n<\/tr>\n<tr>\n<td>Zone d&#039;image<\/td>\n<td>25,6 x 3,2 mm (facteur de remplissage 100%)<\/td>\n<\/tr>\n<tr>\n<td>Profondeur du puits du n\u0153ud de sortie (typique)<br \/>\nMode haute sensibilit\u00e9<br \/>\nMode de multiplication des \u00e9lectrons<\/td>\n<td>300 000 e-<br \/>\n1 300 000 e-<\/td>\n<\/tr>\n<tr>\n<td>Refroidissement maximal<\/td>\n<td>-100 \u00b0C<\/td>\n<\/tr>\n<tr>\n<td>Spectres maximum par seconde<\/td>\n<td>1,515<\/td>\n<\/tr>\n<tr>\n<td>Lire le bruit<\/td>\n<td>&lt; 1 e- en mode EM<\/td>\n<\/tr>\n<tr>\n<td>Courant noir<\/td>\n<td>aussi faible que 0,0001 e-\/pixel\/sec<\/td>\n<\/tr>\n<\/tbody>\n<\/table>","protected":false},"excerpt":{"rendered":"<p>matrice 1600 x 200 avec une taille de pixel de 16 x 16 \u00b5m<\/p>","protected":false},"featured_media":2324,"template":"","meta":[],"product_brand":[551],"product_cat":[163],"product_tag":[],"document":[],"class_list":{"0":"post-730","1":"product","2":"type-product","3":"status-publish","4":"has-post-thumbnail","6":"product_brand-andor","7":"product_cat-emccd-cameras","9":"first","10":"instock","11":"purchasable","12":"product-type-simple"},"yoast_head":"<!-- This site is optimized with the Yoast SEO plugin v26.8 - https:\/\/yoast.com\/product\/yoast-seo-wordpress\/ -->\n<title>Newton 970 EMCCD - SnowHouse<\/title>\n<meta name=\"robots\" content=\"index, follow, max-snippet:-1, max-image-preview:large, max-video-preview:-1\" \/>\n<link rel=\"canonical\" href=\"https:\/\/snowhouse.ca\/fr\/product\/cameras-spectrographs\/emccd-cameras\/1-newton-970-emccd-series-electron-multiplying-technology-provides-unparalled-sensitivity\/\" \/>\n<meta property=\"og:locale\" content=\"fr_CA\" \/>\n<meta property=\"og:type\" content=\"article\" \/>\n<meta property=\"og:title\" content=\"Newton 970 EMCCD - SnowHouse\" \/>\n<meta property=\"og:description\" content=\"1600 x 200 array along with 16 x 16 \u00b5m pixel size\" \/>\n<meta property=\"og:url\" content=\"https:\/\/snowhouse.ca\/fr\/product\/cameras-spectrographs\/emccd-cameras\/1-newton-970-emccd-series-electron-multiplying-technology-provides-unparalled-sensitivity\/\" \/>\n<meta property=\"og:site_name\" content=\"SnowHouse\" \/>\n<meta property=\"article:modified_time\" content=\"2025-11-17T16:38:00+00:00\" \/>\n<meta property=\"og:image\" content=\"https:\/\/snowhouse.ca\/wp-content\/uploads\/2025\/07\/Newton.png\" \/>\n\t<meta property=\"og:image:width\" content=\"1024\" \/>\n\t<meta property=\"og:image:height\" content=\"690\" \/>\n\t<meta property=\"og:image:type\" content=\"image\/png\" \/>\n<meta name=\"twitter:card\" content=\"summary_large_image\" \/>\n<meta name=\"twitter:label1\" content=\"Estimation du temps de lecture\" \/>\n\t<meta name=\"twitter:data1\" content=\"1 minute\" \/>\n<script type=\"application\/ld+json\" class=\"yoast-schema-graph\">{\"@context\":\"https:\/\/schema.org\",\"@graph\":[{\"@type\":\"WebPage\",\"@id\":\"https:\/\/snowhouse.ca\/product\/cameras-spectrographs\/emccd-cameras\/1-newton-970-emccd-series-electron-multiplying-technology-provides-unparalled-sensitivity\/\",\"url\":\"https:\/\/snowhouse.ca\/product\/cameras-spectrographs\/emccd-cameras\/1-newton-970-emccd-series-electron-multiplying-technology-provides-unparalled-sensitivity\/\",\"name\":\"Newton 970 EMCCD - SnowHouse\",\"isPartOf\":{\"@id\":\"https:\/\/snowhouse.ca\/#website\"},\"primaryImageOfPage\":{\"@id\":\"https:\/\/snowhouse.ca\/product\/cameras-spectrographs\/emccd-cameras\/1-newton-970-emccd-series-electron-multiplying-technology-provides-unparalled-sensitivity\/#primaryimage\"},\"image\":{\"@id\":\"https:\/\/snowhouse.ca\/product\/cameras-spectrographs\/emccd-cameras\/1-newton-970-emccd-series-electron-multiplying-technology-provides-unparalled-sensitivity\/#primaryimage\"},\"thumbnailUrl\":\"https:\/\/snowhouse.ca\/wp-content\/uploads\/2025\/07\/Newton.png?wsr\",\"datePublished\":\"2025-07-23T01:41:05+00:00\",\"dateModified\":\"2025-11-17T16:38:00+00:00\",\"breadcrumb\":{\"@id\":\"https:\/\/snowhouse.ca\/product\/cameras-spectrographs\/emccd-cameras\/1-newton-970-emccd-series-electron-multiplying-technology-provides-unparalled-sensitivity\/#breadcrumb\"},\"inLanguage\":\"fr-CA\",\"potentialAction\":[{\"@type\":\"ReadAction\",\"target\":[\"https:\/\/snowhouse.ca\/product\/cameras-spectrographs\/emccd-cameras\/1-newton-970-emccd-series-electron-multiplying-technology-provides-unparalled-sensitivity\/\"]}]},{\"@type\":\"ImageObject\",\"inLanguage\":\"fr-CA\",\"@id\":\"https:\/\/snowhouse.ca\/product\/cameras-spectrographs\/emccd-cameras\/1-newton-970-emccd-series-electron-multiplying-technology-provides-unparalled-sensitivity\/#primaryimage\",\"url\":\"https:\/\/snowhouse.ca\/wp-content\/uploads\/2025\/07\/Newton.png?wsr\",\"contentUrl\":\"https:\/\/snowhouse.ca\/wp-content\/uploads\/2025\/07\/Newton.png?wsr\",\"width\":1024,\"height\":690,\"caption\":\"Newton EMCCD Camera for Ultra-Sensitive & Ultrafast Spectroscopy\"},{\"@type\":\"BreadcrumbList\",\"@id\":\"https:\/\/snowhouse.ca\/product\/cameras-spectrographs\/emccd-cameras\/1-newton-970-emccd-series-electron-multiplying-technology-provides-unparalled-sensitivity\/#breadcrumb\",\"itemListElement\":[{\"@type\":\"ListItem\",\"position\":1,\"name\":\"Home\",\"item\":\"https:\/\/snowhouse.ca\/\"},{\"@type\":\"ListItem\",\"position\":2,\"name\":\"Products\",\"item\":\"https:\/\/snowhouse.ca\/products\/\"},{\"@type\":\"ListItem\",\"position\":3,\"name\":\"Newton 970 EMCCD\"}]},{\"@type\":\"WebSite\",\"@id\":\"https:\/\/snowhouse.ca\/#website\",\"url\":\"https:\/\/snowhouse.ca\/\",\"name\":\"SnowHouse\",\"description\":\"Trusted Scientific Instruments\",\"publisher\":{\"@id\":\"https:\/\/snowhouse.ca\/#organization\"},\"potentialAction\":[{\"@type\":\"SearchAction\",\"target\":{\"@type\":\"EntryPoint\",\"urlTemplate\":\"https:\/\/snowhouse.ca\/?s={search_term_string}\"},\"query-input\":{\"@type\":\"PropertyValueSpecification\",\"valueRequired\":true,\"valueName\":\"search_term_string\"}}],\"inLanguage\":\"fr-CA\"},{\"@type\":\"Organization\",\"@id\":\"https:\/\/snowhouse.ca\/#organization\",\"name\":\"Snowhouse inc.\",\"alternateName\":\"Snowhouse\",\"url\":\"https:\/\/snowhouse.ca\/\",\"logo\":{\"@type\":\"ImageObject\",\"inLanguage\":\"fr-CA\",\"@id\":\"https:\/\/snowhouse.ca\/#\/schema\/logo\/image\/\",\"url\":\"https:\/\/snowhouse.ca\/wp-content\/uploads\/2025\/07\/SnowHouse-Logo.png\",\"contentUrl\":\"https:\/\/snowhouse.ca\/wp-content\/uploads\/2025\/07\/SnowHouse-Logo.png\",\"width\":508,\"height\":136,\"caption\":\"Snowhouse inc.\"},\"image\":{\"@id\":\"https:\/\/snowhouse.ca\/#\/schema\/logo\/image\/\"}}]}<\/script>\n<!-- \/ Yoast SEO plugin. -->","yoast_head_json":{"title":"Newton 970 EMCCD - SnowHouse","robots":{"index":"index","follow":"follow","max-snippet":"max-snippet:-1","max-image-preview":"max-image-preview:large","max-video-preview":"max-video-preview:-1"},"canonical":"https:\/\/snowhouse.ca\/fr\/product\/cameras-spectrographs\/emccd-cameras\/1-newton-970-emccd-series-electron-multiplying-technology-provides-unparalled-sensitivity\/","og_locale":"fr_CA","og_type":"article","og_title":"Newton 970 EMCCD - SnowHouse","og_description":"1600 x 200 array along with 16 x 16 \u00b5m pixel size","og_url":"https:\/\/snowhouse.ca\/fr\/product\/cameras-spectrographs\/emccd-cameras\/1-newton-970-emccd-series-electron-multiplying-technology-provides-unparalled-sensitivity\/","og_site_name":"SnowHouse","article_modified_time":"2025-11-17T16:38:00+00:00","og_image":[{"width":1024,"height":690,"url":"https:\/\/snowhouse.ca\/wp-content\/uploads\/2025\/07\/Newton.png","type":"image\/png"}],"twitter_card":"summary_large_image","twitter_misc":{"Estimation du temps de lecture":"1 minute"},"schema":{"@context":"https:\/\/schema.org","@graph":[{"@type":"WebPage","@id":"https:\/\/snowhouse.ca\/product\/cameras-spectrographs\/emccd-cameras\/1-newton-970-emccd-series-electron-multiplying-technology-provides-unparalled-sensitivity\/","url":"https:\/\/snowhouse.ca\/product\/cameras-spectrographs\/emccd-cameras\/1-newton-970-emccd-series-electron-multiplying-technology-provides-unparalled-sensitivity\/","name":"Newton 970 EMCCD - SnowHouse","isPartOf":{"@id":"https:\/\/snowhouse.ca\/#website"},"primaryImageOfPage":{"@id":"https:\/\/snowhouse.ca\/product\/cameras-spectrographs\/emccd-cameras\/1-newton-970-emccd-series-electron-multiplying-technology-provides-unparalled-sensitivity\/#primaryimage"},"image":{"@id":"https:\/\/snowhouse.ca\/product\/cameras-spectrographs\/emccd-cameras\/1-newton-970-emccd-series-electron-multiplying-technology-provides-unparalled-sensitivity\/#primaryimage"},"thumbnailUrl":"https:\/\/snowhouse.ca\/wp-content\/uploads\/2025\/07\/Newton.png?wsr","datePublished":"2025-07-23T01:41:05+00:00","dateModified":"2025-11-17T16:38:00+00:00","breadcrumb":{"@id":"https:\/\/snowhouse.ca\/product\/cameras-spectrographs\/emccd-cameras\/1-newton-970-emccd-series-electron-multiplying-technology-provides-unparalled-sensitivity\/#breadcrumb"},"inLanguage":"fr-CA","potentialAction":[{"@type":"ReadAction","target":["https:\/\/snowhouse.ca\/product\/cameras-spectrographs\/emccd-cameras\/1-newton-970-emccd-series-electron-multiplying-technology-provides-unparalled-sensitivity\/"]}]},{"@type":"ImageObject","inLanguage":"fr-CA","@id":"https:\/\/snowhouse.ca\/product\/cameras-spectrographs\/emccd-cameras\/1-newton-970-emccd-series-electron-multiplying-technology-provides-unparalled-sensitivity\/#primaryimage","url":"https:\/\/snowhouse.ca\/wp-content\/uploads\/2025\/07\/Newton.png?wsr","contentUrl":"https:\/\/snowhouse.ca\/wp-content\/uploads\/2025\/07\/Newton.png?wsr","width":1024,"height":690,"caption":"Newton EMCCD Camera for Ultra-Sensitive & Ultrafast Spectroscopy"},{"@type":"BreadcrumbList","@id":"https:\/\/snowhouse.ca\/product\/cameras-spectrographs\/emccd-cameras\/1-newton-970-emccd-series-electron-multiplying-technology-provides-unparalled-sensitivity\/#breadcrumb","itemListElement":[{"@type":"ListItem","position":1,"name":"Home","item":"https:\/\/snowhouse.ca\/"},{"@type":"ListItem","position":2,"name":"Products","item":"https:\/\/snowhouse.ca\/products\/"},{"@type":"ListItem","position":3,"name":"Newton 970 EMCCD"}]},{"@type":"WebSite","@id":"https:\/\/snowhouse.ca\/#website","url":"https:\/\/snowhouse.ca\/","name":"Maison de neige","description":"Instruments scientifiques de confiance","publisher":{"@id":"https:\/\/snowhouse.ca\/#organization"},"potentialAction":[{"@type":"SearchAction","target":{"@type":"EntryPoint","urlTemplate":"https:\/\/snowhouse.ca\/?s={search_term_string}"},"query-input":{"@type":"PropertyValueSpecification","valueRequired":true,"valueName":"search_term_string"}}],"inLanguage":"fr-CA"},{"@type":"Organization","@id":"https:\/\/snowhouse.ca\/#organization","name":"Snowhouse inc.","alternateName":"Snowhouse","url":"https:\/\/snowhouse.ca\/","logo":{"@type":"ImageObject","inLanguage":"fr-CA","@id":"https:\/\/snowhouse.ca\/#\/schema\/logo\/image\/","url":"https:\/\/snowhouse.ca\/wp-content\/uploads\/2025\/07\/SnowHouse-Logo.png","contentUrl":"https:\/\/snowhouse.ca\/wp-content\/uploads\/2025\/07\/SnowHouse-Logo.png","width":508,"height":136,"caption":"Snowhouse inc."},"image":{"@id":"https:\/\/snowhouse.ca\/#\/schema\/logo\/image\/"}}]}},"_links":{"self":[{"href":"https:\/\/snowhouse.ca\/fr\/wp-json\/wp\/v2\/product\/730","targetHints":{"allow":["GET"]}}],"collection":[{"href":"https:\/\/snowhouse.ca\/fr\/wp-json\/wp\/v2\/product"}],"about":[{"href":"https:\/\/snowhouse.ca\/fr\/wp-json\/wp\/v2\/types\/product"}],"wp:featuredmedia":[{"embeddable":true,"href":"https:\/\/snowhouse.ca\/fr\/wp-json\/wp\/v2\/media\/2324"}],"wp:attachment":[{"href":"https:\/\/snowhouse.ca\/fr\/wp-json\/wp\/v2\/media?parent=730"}],"wp:term":[{"taxonomy":"product_brand","embeddable":true,"href":"https:\/\/snowhouse.ca\/fr\/wp-json\/wp\/v2\/product_brand?post=730"},{"taxonomy":"product_cat","embeddable":true,"href":"https:\/\/snowhouse.ca\/fr\/wp-json\/wp\/v2\/product_cat?post=730"},{"taxonomy":"product_tag","embeddable":true,"href":"https:\/\/snowhouse.ca\/fr\/wp-json\/wp\/v2\/product_tag?post=730"},{"taxonomy":"document","embeddable":true,"href":"https:\/\/snowhouse.ca\/fr\/wp-json\/wp\/v2\/document?post=730"}],"curies":[{"name":"wp","href":"https:\/\/api.w.org\/{rel}","templated":true}]}}