{"id":734,"date":"2025-07-23T01:41:05","date_gmt":"2025-07-23T01:41:05","guid":{"rendered":"https:\/\/snowhouse.ca\/produit\/4-newton-920-series-the-highest-performing-spectroscopy-ccd-on-the-market\/"},"modified":"2025-11-17T16:38:24","modified_gmt":"2025-11-17T16:38:24","slug":"4-newton-920-series-the-highest-performing-spectroscopy-ccd-on-the-market","status":"publish","type":"product","link":"https:\/\/snowhouse.ca\/fr\/produit\/cameras-spectrographs\/ccd-cameras\/4-newton-920-series-the-highest-performing-spectroscopy-ccd-on-the-market\/","title":{"rendered":"Newton 920"},"content":{"rendered":"<h3><u><strong>Spectroscopie Newton 920 \u00e0 Pace<\/strong><\/u><\/h3>\n<p>Cette s\u00e9rie haut de gamme de capteurs CCD USB 2.0 Newton associe la plateforme \u00e9lectronique ultra-rapide et silencieuse de Andor et un refroidissement thermo\u00e9lectrique profond de pointe jusqu&#039;\u00e0 -100 \u00b0C, compl\u00e9t\u00e9 par la technologie Ultravac\u2122 de Andor et sa fiabilit\u00e9 in\u00e9gal\u00e9e dans les milieux scientifiques et industriels.<\/p>\n<p>Gr\u00e2ce au mode de recadrage intelligent, la cam\u00e9ra CCD Newton permet une d\u00e9tection \u00e0 large bande jusqu&#039;\u00e0 1\u00a0600 spectres par seconde. C&#039;est l&#039;outil id\u00e9al pour la spectroscopie UV, VIS ou NIR ultrarapide (voire les trois avec la technologie BEX2-DD \u00e0 double rev\u00eatement antireflet\u00a0!), couvrant des applications telles que la caract\u00e9risation rapide des mat\u00e9riaux, la chimie et la catalyse, la surveillance des proc\u00e9d\u00e9s en ligne, le diagnostic m\u00e9dical non invasif et les techniques spectroscopiques comme la spectroscopie Raman, la fluorescence\/photoluminescence et les spectroscopies non lin\u00e9aires.<\/p>\n<p>La s\u00e9rie Newton 940 offre des pixels de 13,5 x 13,5 \u03bcm pour une spectroscopie UV-visible \u00e0 tr\u00e8s haute r\u00e9solution, tandis que la s\u00e9rie 920, avec ses pixels de 26 x 26 \u03bcm, offre la plus grande plage dynamique pour les applications UV-NIR. Ces deux capteurs de plus de 6,6 mm de hauteur sont parfaitement adapt\u00e9s \u00e0 la spectroscopie multipiste.<\/p>\n<table class=\"hor-minimalist-a\" style=\"border-collapse: collapse; font-family: 'lucida sans unicode', 'lucida grande', sans-serif; font-size: 12px; margin-bottom: 16px; text-align: left; width: 460px;\" border=\"1\" cellspacing=\"0\">\n<tbody>\n<tr>\n<td>Mod\u00e8le<\/td>\n<td>DU920P<\/td>\n<td>DU920P BEX2-DD<\/td>\n<\/tr>\n<tr>\n<td>Pixels actifs<\/td>\n<td>1024 x 255<\/td>\n<td>1024 x 256<\/td>\n<\/tr>\n<tr>\n<td>Taille des pixels<\/td>\n<td colspan=\"2\">26 x 26 m<\/td>\n<\/tr>\n<tr>\n<td>Zone d&#039;image<\/td>\n<td colspan=\"2\">26,7 x 6,7 mm avec un facteur de remplissage 100%<\/td>\n<\/tr>\n<tr>\n<td>Type de refroidisseur<\/td>\n<td colspan=\"2\">DU<\/td>\n<\/tr>\n<tr>\n<td>\u00a0Refroidi par air<\/td>\n<td colspan=\"2\">-80\u00baC Temp\u00e9rature minimale<\/td>\n<\/tr>\n<tr>\n<td>recirculateur de liquide de refroidissement<\/td>\n<td colspan=\"2\">-95\u00baC<\/td>\n<\/tr>\n<tr>\n<td>refroidisseur de liquide de refroidissement<\/td>\n<td colspan=\"2\">-100 \u00b0C, liquide de refroidissement \u00e0 10 \u00b0C<\/td>\n<\/tr>\n<tr>\n<td>Spectres maximum par seconde<\/td>\n<td>144 (OE \u2013 Bac vertical complet) 273 (Bac vertical complet)<br \/>\n1\u00a0149 (OE \u2013 Mode Recadrage \u2013 20 lignes)<br \/>\n1\u00a0612 (Mode Recadrage \u2013 20 rang\u00e9es)<\/td>\n<td>272 (Bac vertical complet),<br \/>\n1\u00a0587 (Mode Recadrage \u2013 20 rang\u00e9es)<\/td>\n<\/tr>\n<tr>\n<td>Type de fen\u00eatre syst\u00e8me<\/td>\n<td>Fen\u00eatre en quartz simple, sans rev\u00eatement. Diff\u00e9rentes options de rev\u00eatements antireflets et de MgF2 disponibles.<\/td>\n<td>BEX2-DD\u00a0: Fen\u00eatre en quartz unique, angle de 1\u00b0, rev\u00eatement antireflet sur les deux faces, optimis\u00e9e \u00e0 900\u00a0nm. BEX2-DD\u00a0: Fen\u00eatre en quartz unique, angle de 1\u00b0, sans rev\u00eatement.<\/td>\n<\/tr>\n<tr>\n<td>Sp\u00e9cifications des d\u00e9fauts<\/td>\n<td colspan=\"2\">Grade 1 selon la d\u00e9finition du fabricant du capteur<\/td>\n<\/tr>\n<\/tbody>\n<\/table>","protected":false},"excerpt":{"rendered":"<p>matrice de 1024 x 256 pixels avec des pixels de 26 \u00b5m<\/p>","protected":false},"featured_media":2324,"template":"","meta":[],"product_brand":[551],"product_cat":[574],"product_tag":[],"document":[],"class_list":{"0":"post-734","1":"product","2":"type-product","3":"status-publish","4":"has-post-thumbnail","6":"product_brand-andor","7":"product_cat-ccd-cameras","9":"first","10":"instock","11":"purchasable","12":"product-type-simple"},"yoast_head":"<!-- This site is optimized with the Yoast SEO plugin v26.8 - https:\/\/yoast.com\/product\/yoast-seo-wordpress\/ -->\n<title>Newton 920 - SnowHouse<\/title>\n<meta name=\"robots\" content=\"index, follow, max-snippet:-1, max-image-preview:large, max-video-preview:-1\" \/>\n<link rel=\"canonical\" href=\"https:\/\/snowhouse.ca\/fr\/product\/cameras-spectrographs\/ccd-cameras\/4-newton-920-series-the-highest-performing-spectroscopy-ccd-on-the-market\/\" \/>\n<meta property=\"og:locale\" content=\"fr_CA\" \/>\n<meta property=\"og:type\" content=\"article\" \/>\n<meta property=\"og:title\" content=\"Newton 920 - SnowHouse\" \/>\n<meta property=\"og:description\" content=\"1024 x 256 pixels array with 26 \u00b5m pixels\" \/>\n<meta property=\"og:url\" content=\"https:\/\/snowhouse.ca\/fr\/product\/cameras-spectrographs\/ccd-cameras\/4-newton-920-series-the-highest-performing-spectroscopy-ccd-on-the-market\/\" \/>\n<meta property=\"og:site_name\" content=\"SnowHouse\" \/>\n<meta property=\"article:modified_time\" content=\"2025-11-17T16:38:24+00:00\" \/>\n<meta property=\"og:image\" content=\"https:\/\/snowhouse.ca\/wp-content\/uploads\/2025\/07\/Newton.png\" \/>\n\t<meta property=\"og:image:width\" content=\"1024\" \/>\n\t<meta property=\"og:image:height\" content=\"690\" \/>\n\t<meta property=\"og:image:type\" content=\"image\/png\" \/>\n<meta name=\"twitter:card\" content=\"summary_large_image\" \/>\n<meta name=\"twitter:label1\" content=\"Estimation du temps de lecture\" \/>\n\t<meta name=\"twitter:data1\" content=\"2 minutes\" \/>\n<script type=\"application\/ld+json\" class=\"yoast-schema-graph\">{\"@context\":\"https:\/\/schema.org\",\"@graph\":[{\"@type\":\"WebPage\",\"@id\":\"https:\/\/snowhouse.ca\/product\/cameras-spectrographs\/ccd-cameras\/4-newton-920-series-the-highest-performing-spectroscopy-ccd-on-the-market\/\",\"url\":\"https:\/\/snowhouse.ca\/product\/cameras-spectrographs\/ccd-cameras\/4-newton-920-series-the-highest-performing-spectroscopy-ccd-on-the-market\/\",\"name\":\"Newton 920 - SnowHouse\",\"isPartOf\":{\"@id\":\"https:\/\/snowhouse.ca\/#website\"},\"primaryImageOfPage\":{\"@id\":\"https:\/\/snowhouse.ca\/product\/cameras-spectrographs\/ccd-cameras\/4-newton-920-series-the-highest-performing-spectroscopy-ccd-on-the-market\/#primaryimage\"},\"image\":{\"@id\":\"https:\/\/snowhouse.ca\/product\/cameras-spectrographs\/ccd-cameras\/4-newton-920-series-the-highest-performing-spectroscopy-ccd-on-the-market\/#primaryimage\"},\"thumbnailUrl\":\"https:\/\/snowhouse.ca\/wp-content\/uploads\/2025\/07\/Newton.png?wsr\",\"datePublished\":\"2025-07-23T01:41:05+00:00\",\"dateModified\":\"2025-11-17T16:38:24+00:00\",\"breadcrumb\":{\"@id\":\"https:\/\/snowhouse.ca\/product\/cameras-spectrographs\/ccd-cameras\/4-newton-920-series-the-highest-performing-spectroscopy-ccd-on-the-market\/#breadcrumb\"},\"inLanguage\":\"fr-CA\",\"potentialAction\":[{\"@type\":\"ReadAction\",\"target\":[\"https:\/\/snowhouse.ca\/product\/cameras-spectrographs\/ccd-cameras\/4-newton-920-series-the-highest-performing-spectroscopy-ccd-on-the-market\/\"]}]},{\"@type\":\"ImageObject\",\"inLanguage\":\"fr-CA\",\"@id\":\"https:\/\/snowhouse.ca\/product\/cameras-spectrographs\/ccd-cameras\/4-newton-920-series-the-highest-performing-spectroscopy-ccd-on-the-market\/#primaryimage\",\"url\":\"https:\/\/snowhouse.ca\/wp-content\/uploads\/2025\/07\/Newton.png?wsr\",\"contentUrl\":\"https:\/\/snowhouse.ca\/wp-content\/uploads\/2025\/07\/Newton.png?wsr\",\"width\":1024,\"height\":690,\"caption\":\"Newton EMCCD Camera for Ultra-Sensitive & Ultrafast Spectroscopy\"},{\"@type\":\"BreadcrumbList\",\"@id\":\"https:\/\/snowhouse.ca\/product\/cameras-spectrographs\/ccd-cameras\/4-newton-920-series-the-highest-performing-spectroscopy-ccd-on-the-market\/#breadcrumb\",\"itemListElement\":[{\"@type\":\"ListItem\",\"position\":1,\"name\":\"Home\",\"item\":\"https:\/\/snowhouse.ca\/\"},{\"@type\":\"ListItem\",\"position\":2,\"name\":\"Products\",\"item\":\"https:\/\/snowhouse.ca\/products\/\"},{\"@type\":\"ListItem\",\"position\":3,\"name\":\"Newton 920\"}]},{\"@type\":\"WebSite\",\"@id\":\"https:\/\/snowhouse.ca\/#website\",\"url\":\"https:\/\/snowhouse.ca\/\",\"name\":\"SnowHouse\",\"description\":\"Trusted Scientific Instruments\",\"publisher\":{\"@id\":\"https:\/\/snowhouse.ca\/#organization\"},\"potentialAction\":[{\"@type\":\"SearchAction\",\"target\":{\"@type\":\"EntryPoint\",\"urlTemplate\":\"https:\/\/snowhouse.ca\/?s={search_term_string}\"},\"query-input\":{\"@type\":\"PropertyValueSpecification\",\"valueRequired\":true,\"valueName\":\"search_term_string\"}}],\"inLanguage\":\"fr-CA\"},{\"@type\":\"Organization\",\"@id\":\"https:\/\/snowhouse.ca\/#organization\",\"name\":\"Snowhouse inc.\",\"alternateName\":\"Snowhouse\",\"url\":\"https:\/\/snowhouse.ca\/\",\"logo\":{\"@type\":\"ImageObject\",\"inLanguage\":\"fr-CA\",\"@id\":\"https:\/\/snowhouse.ca\/#\/schema\/logo\/image\/\",\"url\":\"https:\/\/snowhouse.ca\/wp-content\/uploads\/2025\/07\/SnowHouse-Logo.png\",\"contentUrl\":\"https:\/\/snowhouse.ca\/wp-content\/uploads\/2025\/07\/SnowHouse-Logo.png\",\"width\":508,\"height\":136,\"caption\":\"Snowhouse inc.\"},\"image\":{\"@id\":\"https:\/\/snowhouse.ca\/#\/schema\/logo\/image\/\"}}]}<\/script>\n<!-- \/ Yoast SEO plugin. -->","yoast_head_json":{"title":"Newton 920 - SnowHouse","robots":{"index":"index","follow":"follow","max-snippet":"max-snippet:-1","max-image-preview":"max-image-preview:large","max-video-preview":"max-video-preview:-1"},"canonical":"https:\/\/snowhouse.ca\/fr\/product\/cameras-spectrographs\/ccd-cameras\/4-newton-920-series-the-highest-performing-spectroscopy-ccd-on-the-market\/","og_locale":"fr_CA","og_type":"article","og_title":"Newton 920 - SnowHouse","og_description":"1024 x 256 pixels array with 26 \u00b5m pixels","og_url":"https:\/\/snowhouse.ca\/fr\/product\/cameras-spectrographs\/ccd-cameras\/4-newton-920-series-the-highest-performing-spectroscopy-ccd-on-the-market\/","og_site_name":"SnowHouse","article_modified_time":"2025-11-17T16:38:24+00:00","og_image":[{"width":1024,"height":690,"url":"https:\/\/snowhouse.ca\/wp-content\/uploads\/2025\/07\/Newton.png","type":"image\/png"}],"twitter_card":"summary_large_image","twitter_misc":{"Estimation du temps de lecture":"2 minutes"},"schema":{"@context":"https:\/\/schema.org","@graph":[{"@type":"WebPage","@id":"https:\/\/snowhouse.ca\/product\/cameras-spectrographs\/ccd-cameras\/4-newton-920-series-the-highest-performing-spectroscopy-ccd-on-the-market\/","url":"https:\/\/snowhouse.ca\/product\/cameras-spectrographs\/ccd-cameras\/4-newton-920-series-the-highest-performing-spectroscopy-ccd-on-the-market\/","name":"Newton 920 - SnowHouse","isPartOf":{"@id":"https:\/\/snowhouse.ca\/#website"},"primaryImageOfPage":{"@id":"https:\/\/snowhouse.ca\/product\/cameras-spectrographs\/ccd-cameras\/4-newton-920-series-the-highest-performing-spectroscopy-ccd-on-the-market\/#primaryimage"},"image":{"@id":"https:\/\/snowhouse.ca\/product\/cameras-spectrographs\/ccd-cameras\/4-newton-920-series-the-highest-performing-spectroscopy-ccd-on-the-market\/#primaryimage"},"thumbnailUrl":"https:\/\/snowhouse.ca\/wp-content\/uploads\/2025\/07\/Newton.png?wsr","datePublished":"2025-07-23T01:41:05+00:00","dateModified":"2025-11-17T16:38:24+00:00","breadcrumb":{"@id":"https:\/\/snowhouse.ca\/product\/cameras-spectrographs\/ccd-cameras\/4-newton-920-series-the-highest-performing-spectroscopy-ccd-on-the-market\/#breadcrumb"},"inLanguage":"fr-CA","potentialAction":[{"@type":"ReadAction","target":["https:\/\/snowhouse.ca\/product\/cameras-spectrographs\/ccd-cameras\/4-newton-920-series-the-highest-performing-spectroscopy-ccd-on-the-market\/"]}]},{"@type":"ImageObject","inLanguage":"fr-CA","@id":"https:\/\/snowhouse.ca\/product\/cameras-spectrographs\/ccd-cameras\/4-newton-920-series-the-highest-performing-spectroscopy-ccd-on-the-market\/#primaryimage","url":"https:\/\/snowhouse.ca\/wp-content\/uploads\/2025\/07\/Newton.png?wsr","contentUrl":"https:\/\/snowhouse.ca\/wp-content\/uploads\/2025\/07\/Newton.png?wsr","width":1024,"height":690,"caption":"Newton EMCCD Camera for Ultra-Sensitive & Ultrafast Spectroscopy"},{"@type":"BreadcrumbList","@id":"https:\/\/snowhouse.ca\/product\/cameras-spectrographs\/ccd-cameras\/4-newton-920-series-the-highest-performing-spectroscopy-ccd-on-the-market\/#breadcrumb","itemListElement":[{"@type":"ListItem","position":1,"name":"Home","item":"https:\/\/snowhouse.ca\/"},{"@type":"ListItem","position":2,"name":"Products","item":"https:\/\/snowhouse.ca\/products\/"},{"@type":"ListItem","position":3,"name":"Newton 920"}]},{"@type":"WebSite","@id":"https:\/\/snowhouse.ca\/#website","url":"https:\/\/snowhouse.ca\/","name":"Maison de neige","description":"Instruments scientifiques de confiance","publisher":{"@id":"https:\/\/snowhouse.ca\/#organization"},"potentialAction":[{"@type":"SearchAction","target":{"@type":"EntryPoint","urlTemplate":"https:\/\/snowhouse.ca\/?s={search_term_string}"},"query-input":{"@type":"PropertyValueSpecification","valueRequired":true,"valueName":"search_term_string"}}],"inLanguage":"fr-CA"},{"@type":"Organization","@id":"https:\/\/snowhouse.ca\/#organization","name":"Snowhouse inc.","alternateName":"Snowhouse","url":"https:\/\/snowhouse.ca\/","logo":{"@type":"ImageObject","inLanguage":"fr-CA","@id":"https:\/\/snowhouse.ca\/#\/schema\/logo\/image\/","url":"https:\/\/snowhouse.ca\/wp-content\/uploads\/2025\/07\/SnowHouse-Logo.png","contentUrl":"https:\/\/snowhouse.ca\/wp-content\/uploads\/2025\/07\/SnowHouse-Logo.png","width":508,"height":136,"caption":"Snowhouse inc."},"image":{"@id":"https:\/\/snowhouse.ca\/#\/schema\/logo\/image\/"}}]}},"_links":{"self":[{"href":"https:\/\/snowhouse.ca\/fr\/wp-json\/wp\/v2\/product\/734","targetHints":{"allow":["GET"]}}],"collection":[{"href":"https:\/\/snowhouse.ca\/fr\/wp-json\/wp\/v2\/product"}],"about":[{"href":"https:\/\/snowhouse.ca\/fr\/wp-json\/wp\/v2\/types\/product"}],"wp:featuredmedia":[{"embeddable":true,"href":"https:\/\/snowhouse.ca\/fr\/wp-json\/wp\/v2\/media\/2324"}],"wp:attachment":[{"href":"https:\/\/snowhouse.ca\/fr\/wp-json\/wp\/v2\/media?parent=734"}],"wp:term":[{"taxonomy":"product_brand","embeddable":true,"href":"https:\/\/snowhouse.ca\/fr\/wp-json\/wp\/v2\/product_brand?post=734"},{"taxonomy":"product_cat","embeddable":true,"href":"https:\/\/snowhouse.ca\/fr\/wp-json\/wp\/v2\/product_cat?post=734"},{"taxonomy":"product_tag","embeddable":true,"href":"https:\/\/snowhouse.ca\/fr\/wp-json\/wp\/v2\/product_tag?post=734"},{"taxonomy":"document","embeddable":true,"href":"https:\/\/snowhouse.ca\/fr\/wp-json\/wp\/v2\/document?post=734"}],"curies":[{"name":"wp","href":"https:\/\/api.w.org\/{rel}","templated":true}]}}