{"id":742,"date":"2025-07-23T01:41:05","date_gmt":"2025-07-23T01:41:05","guid":{"rendered":"https:\/\/snowhouse.ca\/produit\/idus-401-deep-depletion-spectroscopy-ccd-camera-series\/"},"modified":"2025-11-17T16:38:47","modified_gmt":"2025-11-17T16:38:47","slug":"idus-401-ccd-camera-platform","status":"publish","type":"product","link":"https:\/\/snowhouse.ca\/fr\/produit\/cameras-spectrographs\/ccd-cameras\/idus-401-ccd-camera-platform\/","title":{"rendered":"iDus 401 CCD"},"content":{"rendered":"<h3><u><strong>Cam\u00e9ra CCD iDus 401<\/strong><\/u><\/h3>\n<p>Le spectrom\u00e8tre iDus 401 est \u00e9quip\u00e9 d&#039;une matrice CCD 1024 x 127 pixels refroidie en profondeur, id\u00e9ale pour les applications en faible luminosit\u00e9 telles que la fluorescence\/photoluminescence, l&#039;absorption\/transmission et la spectroscopie Raman. Les options de capteur r\u00e9tro\u00e9clair\u00e9 et \u00e0 d\u00e9pl\u00e9tion profonde r\u00e9tro\u00e9clair\u00e9e du 401 offrent des performances de d\u00e9tection optimis\u00e9es de l&#039;UV au proche infrarouge, en passant par le visible.<\/p>\n<p>L&#039;iDus 401 se distingue par son refroidissement thermo\u00e9lectrique profond, jusqu&#039;\u00e0 -100 \u00b0C, une performance in\u00e9gal\u00e9e sur le march\u00e9. Il int\u00e8gre la technologie Ultravac\u2122 de Andor, reconnue pour sa fiabilit\u00e9 exceptionnelle dans les milieux scientifiques et industriels. Son \u00e9lectronique \u00e0 faible bruit garantit un rapport signal\/bruit optimal pour une large gamme de r\u00e9gimes de d\u00e9tection de photons.<\/p>\n<p>Le traitement anti-franges est de s\u00e9rie sur les capteurs r\u00e9tro-\u00e9clair\u00e9s et amincis pour cette matrice de pixels 1024 x 127 de 26 \u03bcm optimis\u00e9e pour une plage dynamique \u00e9lev\u00e9e, une haute r\u00e9solution et une acquisition de donn\u00e9es rapide de l&#039;UV lointain au NIR.<\/p>\n<h3>Caract\u00e9ristiques<\/h3>\n<p><b>Le pic d&#039;assouplissement quantitatif atteint 95%<\/b>\u00a0\u2013 Mod\u00e8le \u00ab\u00a0BVF\u00a0\u00bb optimis\u00e9 pour le visible et mod\u00e8le \u00ab\u00a0BR-DD\u00a0\u00bb optimis\u00e9 pour l\u2019infrarouge<\/p>\n<p><b>Technologie de suppression des franges en standard<\/b>\u00a0\u2013 Franges fortement \u00e9limin\u00e9es (Deep-Depletion) ou minimis\u00e9es (Back-Thinked &#039;BVF&#039;)<\/p>\n<p><b>Refroidissement thermo\u00e9lectrique jusqu&#039;\u00e0 -100 \u00b0C<\/b>\u00a0\u2013 Essentiel pour l\u2019\u00e9limination de la limite de d\u00e9tection du courant d\u2019obscurit\u00e9 \u2013 aucun inconv\u00e9nient associ\u00e9 \u00e0 l\u2019azote liquide.<\/p>\n<p><b>Ultravac\u2122<\/b>\u00a0\u2013 Essentiel pour garantir l\u2019int\u00e9grit\u00e9 du vide et maintenir des performances de refroidissement et d\u2019efficacit\u00e9 quantique in\u00e9gal\u00e9es, ann\u00e9e apr\u00e8s ann\u00e9e.<\/p>\n<p><b>Fen\u00eatre unique en silice fondue de qualit\u00e9 UV<\/b>\u00a0\u2013 Performances optimales en mati\u00e8re de transmission UV-NIR, rev\u00eatement AR sp\u00e9cifique et options de calage disponibles.<\/p>\n<p><b>26 x 26 \u03bcm pixels<\/b>\u00a0\u2013 Format de pixel optimis\u00e9 pour une plage dynamique et une r\u00e9solution \u00e9lev\u00e9es.<\/p>\n<p><b>Gain du pr\u00e9amplificateur s\u00e9lectionnable par logiciel<\/b>\u00a0\u2013 Choix du meilleur rapport signal\/bruit pour une plage dynamique optimale, d&#039;une simple pression sur un bouton.<\/p>\n<p><b>Connexion USB 2.0<\/b>\u00a0\u2013 Id\u00e9al pour une utilisation avec un ordinateur portable. Fonctionnement fluide avec la gamme de spectrographes Shamrock sous USB.<\/p>\n<p><b>Plateforme compacte et robuste<\/b>\u00a0\u2013 Id\u00e9al pour l&#039;int\u00e9gration OEM et les configurations de laboratoire.<\/p>\n<p><b>Logiciel Solis pour la spectroscopie<\/b>\u00a0\u2013 Interface utilisateur compl\u00e8te et conviviale pour le contr\u00f4le simultan\u00e9 du d\u00e9tecteur et du spectrographe.<\/p>\n<p><b>Kit de d\u00e9veloppement logiciel (SDK)<\/b>\u00a0\u2013 Facilit\u00e9 d&#039;int\u00e9gration du contr\u00f4le dans des configurations complexes\u00a0: Matlab, Labview, Visual Basic ou C\/C++.<\/p>","protected":false},"excerpt":{"rendered":"<p class=\"product-short-excerpt\">matrice de 1024 x 127 pixels avec des pixels de 26 \u00b5m<\/p>","protected":false},"featured_media":743,"template":"","meta":[],"product_brand":[551],"product_cat":[574],"product_tag":[],"document":[],"class_list":{"0":"post-742","1":"product","2":"type-product","3":"status-publish","4":"has-post-thumbnail","6":"product_brand-andor","7":"product_cat-ccd-cameras","9":"first","10":"instock","11":"purchasable","12":"product-type-simple"},"yoast_head":"<!-- This site is optimized with the Yoast SEO plugin v26.8 - https:\/\/yoast.com\/product\/yoast-seo-wordpress\/ -->\n<title>iDus 401 CCD - SnowHouse<\/title>\n<meta name=\"description\" content=\"CCD array ideally suited to low-light spectroscopy applications.\u00a0\" \/>\n<meta name=\"robots\" content=\"index, follow, max-snippet:-1, max-image-preview:large, max-video-preview:-1\" \/>\n<link rel=\"canonical\" href=\"https:\/\/snowhouse.ca\/fr\/product\/cameras-spectrographs\/ccd-cameras\/idus-401-ccd-camera-platform\/\" \/>\n<meta property=\"og:locale\" content=\"fr_CA\" \/>\n<meta property=\"og:type\" content=\"article\" \/>\n<meta property=\"og:title\" content=\"iDus 401 CCD - SnowHouse\" \/>\n<meta property=\"og:description\" content=\"CCD array ideally suited to low-light spectroscopy applications.\u00a0\" \/>\n<meta property=\"og:url\" content=\"https:\/\/snowhouse.ca\/fr\/product\/cameras-spectrographs\/ccd-cameras\/idus-401-ccd-camera-platform\/\" \/>\n<meta property=\"og:site_name\" content=\"SnowHouse\" \/>\n<meta property=\"article:modified_time\" content=\"2025-11-17T16:38:47+00:00\" \/>\n<meta property=\"og:image\" content=\"https:\/\/snowhouse.ca\/wp-content\/uploads\/2025\/07\/29686.png\" \/>\n\t<meta property=\"og:image:width\" content=\"280\" \/>\n\t<meta property=\"og:image:height\" content=\"240\" \/>\n\t<meta property=\"og:image:type\" content=\"image\/png\" \/>\n<meta name=\"twitter:card\" content=\"summary_large_image\" \/>\n<meta name=\"twitter:label1\" content=\"Estimation du temps de lecture\" \/>\n\t<meta name=\"twitter:data1\" content=\"2 minutes\" \/>\n<script type=\"application\/ld+json\" class=\"yoast-schema-graph\">{\"@context\":\"https:\/\/schema.org\",\"@graph\":[{\"@type\":\"WebPage\",\"@id\":\"https:\/\/snowhouse.ca\/product\/cameras-spectrographs\/ccd-cameras\/idus-401-ccd-camera-platform\/\",\"url\":\"https:\/\/snowhouse.ca\/product\/cameras-spectrographs\/ccd-cameras\/idus-401-ccd-camera-platform\/\",\"name\":\"iDus 401 CCD - SnowHouse\",\"isPartOf\":{\"@id\":\"https:\/\/snowhouse.ca\/#website\"},\"primaryImageOfPage\":{\"@id\":\"https:\/\/snowhouse.ca\/product\/cameras-spectrographs\/ccd-cameras\/idus-401-ccd-camera-platform\/#primaryimage\"},\"image\":{\"@id\":\"https:\/\/snowhouse.ca\/product\/cameras-spectrographs\/ccd-cameras\/idus-401-ccd-camera-platform\/#primaryimage\"},\"thumbnailUrl\":\"https:\/\/snowhouse.ca\/wp-content\/uploads\/2025\/07\/29686.png?wsr\",\"datePublished\":\"2025-07-23T01:41:05+00:00\",\"dateModified\":\"2025-11-17T16:38:47+00:00\",\"description\":\"CCD array ideally suited to low-light spectroscopy applications.\u00a0\",\"breadcrumb\":{\"@id\":\"https:\/\/snowhouse.ca\/product\/cameras-spectrographs\/ccd-cameras\/idus-401-ccd-camera-platform\/#breadcrumb\"},\"inLanguage\":\"fr-CA\",\"potentialAction\":[{\"@type\":\"ReadAction\",\"target\":[\"https:\/\/snowhouse.ca\/product\/cameras-spectrographs\/ccd-cameras\/idus-401-ccd-camera-platform\/\"]}]},{\"@type\":\"ImageObject\",\"inLanguage\":\"fr-CA\",\"@id\":\"https:\/\/snowhouse.ca\/product\/cameras-spectrographs\/ccd-cameras\/idus-401-ccd-camera-platform\/#primaryimage\",\"url\":\"https:\/\/snowhouse.ca\/wp-content\/uploads\/2025\/07\/29686.png?wsr\",\"contentUrl\":\"https:\/\/snowhouse.ca\/wp-content\/uploads\/2025\/07\/29686.png?wsr\",\"width\":280,\"height\":240},{\"@type\":\"BreadcrumbList\",\"@id\":\"https:\/\/snowhouse.ca\/product\/cameras-spectrographs\/ccd-cameras\/idus-401-ccd-camera-platform\/#breadcrumb\",\"itemListElement\":[{\"@type\":\"ListItem\",\"position\":1,\"name\":\"Home\",\"item\":\"https:\/\/snowhouse.ca\/\"},{\"@type\":\"ListItem\",\"position\":2,\"name\":\"Products\",\"item\":\"https:\/\/snowhouse.ca\/products\/\"},{\"@type\":\"ListItem\",\"position\":3,\"name\":\"iDus 401 CCD\"}]},{\"@type\":\"WebSite\",\"@id\":\"https:\/\/snowhouse.ca\/#website\",\"url\":\"https:\/\/snowhouse.ca\/\",\"name\":\"SnowHouse\",\"description\":\"Trusted Scientific Instruments\",\"publisher\":{\"@id\":\"https:\/\/snowhouse.ca\/#organization\"},\"potentialAction\":[{\"@type\":\"SearchAction\",\"target\":{\"@type\":\"EntryPoint\",\"urlTemplate\":\"https:\/\/snowhouse.ca\/?s={search_term_string}\"},\"query-input\":{\"@type\":\"PropertyValueSpecification\",\"valueRequired\":true,\"valueName\":\"search_term_string\"}}],\"inLanguage\":\"fr-CA\"},{\"@type\":\"Organization\",\"@id\":\"https:\/\/snowhouse.ca\/#organization\",\"name\":\"Snowhouse inc.\",\"alternateName\":\"Snowhouse\",\"url\":\"https:\/\/snowhouse.ca\/\",\"logo\":{\"@type\":\"ImageObject\",\"inLanguage\":\"fr-CA\",\"@id\":\"https:\/\/snowhouse.ca\/#\/schema\/logo\/image\/\",\"url\":\"https:\/\/snowhouse.ca\/wp-content\/uploads\/2025\/07\/SnowHouse-Logo.png\",\"contentUrl\":\"https:\/\/snowhouse.ca\/wp-content\/uploads\/2025\/07\/SnowHouse-Logo.png\",\"width\":508,\"height\":136,\"caption\":\"Snowhouse inc.\"},\"image\":{\"@id\":\"https:\/\/snowhouse.ca\/#\/schema\/logo\/image\/\"}}]}<\/script>\n<!-- \/ Yoast SEO plugin. -->","yoast_head_json":{"title":"iDus 401 CCD - SnowHouse","description":"R\u00e9seau CCD parfaitement adapt\u00e9 aux applications de spectroscopie en faible luminosit\u00e9.\u00a0","robots":{"index":"index","follow":"follow","max-snippet":"max-snippet:-1","max-image-preview":"max-image-preview:large","max-video-preview":"max-video-preview:-1"},"canonical":"https:\/\/snowhouse.ca\/fr\/product\/cameras-spectrographs\/ccd-cameras\/idus-401-ccd-camera-platform\/","og_locale":"fr_CA","og_type":"article","og_title":"iDus 401 CCD - SnowHouse","og_description":"CCD array ideally suited to low-light spectroscopy applications.\u00a0","og_url":"https:\/\/snowhouse.ca\/fr\/product\/cameras-spectrographs\/ccd-cameras\/idus-401-ccd-camera-platform\/","og_site_name":"SnowHouse","article_modified_time":"2025-11-17T16:38:47+00:00","og_image":[{"width":280,"height":240,"url":"https:\/\/snowhouse.ca\/wp-content\/uploads\/2025\/07\/29686.png","type":"image\/png"}],"twitter_card":"summary_large_image","twitter_misc":{"Estimation du temps de lecture":"2 minutes"},"schema":{"@context":"https:\/\/schema.org","@graph":[{"@type":"WebPage","@id":"https:\/\/snowhouse.ca\/product\/cameras-spectrographs\/ccd-cameras\/idus-401-ccd-camera-platform\/","url":"https:\/\/snowhouse.ca\/product\/cameras-spectrographs\/ccd-cameras\/idus-401-ccd-camera-platform\/","name":"iDus 401 CCD - SnowHouse","isPartOf":{"@id":"https:\/\/snowhouse.ca\/#website"},"primaryImageOfPage":{"@id":"https:\/\/snowhouse.ca\/product\/cameras-spectrographs\/ccd-cameras\/idus-401-ccd-camera-platform\/#primaryimage"},"image":{"@id":"https:\/\/snowhouse.ca\/product\/cameras-spectrographs\/ccd-cameras\/idus-401-ccd-camera-platform\/#primaryimage"},"thumbnailUrl":"https:\/\/snowhouse.ca\/wp-content\/uploads\/2025\/07\/29686.png?wsr","datePublished":"2025-07-23T01:41:05+00:00","dateModified":"2025-11-17T16:38:47+00:00","description":"R\u00e9seau CCD parfaitement adapt\u00e9 aux applications de spectroscopie en faible luminosit\u00e9.\u00a0","breadcrumb":{"@id":"https:\/\/snowhouse.ca\/product\/cameras-spectrographs\/ccd-cameras\/idus-401-ccd-camera-platform\/#breadcrumb"},"inLanguage":"fr-CA","potentialAction":[{"@type":"ReadAction","target":["https:\/\/snowhouse.ca\/product\/cameras-spectrographs\/ccd-cameras\/idus-401-ccd-camera-platform\/"]}]},{"@type":"ImageObject","inLanguage":"fr-CA","@id":"https:\/\/snowhouse.ca\/product\/cameras-spectrographs\/ccd-cameras\/idus-401-ccd-camera-platform\/#primaryimage","url":"https:\/\/snowhouse.ca\/wp-content\/uploads\/2025\/07\/29686.png?wsr","contentUrl":"https:\/\/snowhouse.ca\/wp-content\/uploads\/2025\/07\/29686.png?wsr","width":280,"height":240},{"@type":"BreadcrumbList","@id":"https:\/\/snowhouse.ca\/product\/cameras-spectrographs\/ccd-cameras\/idus-401-ccd-camera-platform\/#breadcrumb","itemListElement":[{"@type":"ListItem","position":1,"name":"Home","item":"https:\/\/snowhouse.ca\/"},{"@type":"ListItem","position":2,"name":"Products","item":"https:\/\/snowhouse.ca\/products\/"},{"@type":"ListItem","position":3,"name":"iDus 401 CCD"}]},{"@type":"WebSite","@id":"https:\/\/snowhouse.ca\/#website","url":"https:\/\/snowhouse.ca\/","name":"Maison de neige","description":"Instruments scientifiques de confiance","publisher":{"@id":"https:\/\/snowhouse.ca\/#organization"},"potentialAction":[{"@type":"SearchAction","target":{"@type":"EntryPoint","urlTemplate":"https:\/\/snowhouse.ca\/?s={search_term_string}"},"query-input":{"@type":"PropertyValueSpecification","valueRequired":true,"valueName":"search_term_string"}}],"inLanguage":"fr-CA"},{"@type":"Organization","@id":"https:\/\/snowhouse.ca\/#organization","name":"Snowhouse inc.","alternateName":"Snowhouse","url":"https:\/\/snowhouse.ca\/","logo":{"@type":"ImageObject","inLanguage":"fr-CA","@id":"https:\/\/snowhouse.ca\/#\/schema\/logo\/image\/","url":"https:\/\/snowhouse.ca\/wp-content\/uploads\/2025\/07\/SnowHouse-Logo.png","contentUrl":"https:\/\/snowhouse.ca\/wp-content\/uploads\/2025\/07\/SnowHouse-Logo.png","width":508,"height":136,"caption":"Snowhouse inc."},"image":{"@id":"https:\/\/snowhouse.ca\/#\/schema\/logo\/image\/"}}]}},"_links":{"self":[{"href":"https:\/\/snowhouse.ca\/fr\/wp-json\/wp\/v2\/product\/742","targetHints":{"allow":["GET"]}}],"collection":[{"href":"https:\/\/snowhouse.ca\/fr\/wp-json\/wp\/v2\/product"}],"about":[{"href":"https:\/\/snowhouse.ca\/fr\/wp-json\/wp\/v2\/types\/product"}],"wp:featuredmedia":[{"embeddable":true,"href":"https:\/\/snowhouse.ca\/fr\/wp-json\/wp\/v2\/media\/743"}],"wp:attachment":[{"href":"https:\/\/snowhouse.ca\/fr\/wp-json\/wp\/v2\/media?parent=742"}],"wp:term":[{"taxonomy":"product_brand","embeddable":true,"href":"https:\/\/snowhouse.ca\/fr\/wp-json\/wp\/v2\/product_brand?post=742"},{"taxonomy":"product_cat","embeddable":true,"href":"https:\/\/snowhouse.ca\/fr\/wp-json\/wp\/v2\/product_cat?post=742"},{"taxonomy":"product_tag","embeddable":true,"href":"https:\/\/snowhouse.ca\/fr\/wp-json\/wp\/v2\/product_tag?post=742"},{"taxonomy":"document","embeddable":true,"href":"https:\/\/snowhouse.ca\/fr\/wp-json\/wp\/v2\/document?post=742"}],"curies":[{"name":"wp","href":"https:\/\/api.w.org\/{rel}","templated":true}]}}