{"id":744,"date":"2025-07-23T01:41:05","date_gmt":"2025-07-23T01:41:05","guid":{"rendered":"https:\/\/snowhouse.ca\/produit\/istar-340t-intensified-ccd\/"},"modified":"2025-11-21T17:27:06","modified_gmt":"2025-11-21T17:27:06","slug":"istar-340t-intensified-ccd","status":"publish","type":"product","link":"https:\/\/snowhouse.ca\/fr\/produit\/cameras-spectrographs\/intensified-and-gated-cameras\/istar-340t-intensified-ccd\/","title":{"rendered":"CCD intensifi\u00e9 iStar 340T"},"content":{"rendered":"<h3><u><strong>CCD intensifi\u00e9 iStar 340T<\/strong><\/u><\/h3>\n<p>La s\u00e9rie de capteurs CCD intensifi\u00e9s iStar 340T de Andor est con\u00e7ue pour offrir une solution de d\u00e9tection int\u00e9gr\u00e9e optimale pour la spectroscopie r\u00e9solue en temps \u00e0 haute r\u00e9solution (\u00e9chelle nanoseconde). La matrice haute r\u00e9solution 2048 x 512 pixels de 13,5 \u00b5m offre un rapport d&#039;aspect de 4:1, id\u00e9al pour une utilisation avec la s\u00e9rie de spectrographes Czerny-Turner Shamrock de Andor et leurs accessoires.<\/p>\n<p>Le capteur CCD intensifi\u00e9 iStar 340T offre une lecture multi-MHz, une connectivit\u00e9 USB 2.0 compatible avec les ordinateurs portables et un g\u00e9n\u00e9rateur de d\u00e9lai num\u00e9rique (DDG\u2122) enti\u00e8rement int\u00e9gr\u00e9 et pilot\u00e9 par logiciel. Il permet une int\u00e9gration ais\u00e9e d&#039;exp\u00e9riences complexes d&#039;une simple pression sur un bouton, avec un contr\u00f4le total du gain et de la synchronisation via une interface interactive unique. Des intensificateurs d&#039;image de 2e et 3e g\u00e9n\u00e9ration, avec fen\u00eatre d&#039;entr\u00e9e et options de phosphore, sont disponibles pour r\u00e9pondre aux exigences de longueur d&#039;onde de 120 nm \u00e0 1100 nm et aux exigences de temps de d\u00e9clenchement minimum inf\u00e9rieurs \u00e0 2 ns.<\/p>\n<h3>Caract\u00e9ristiques<\/h3>\n<p><b>Capteurs haute r\u00e9solution et intensificateurs d&#039;image<\/b>\u00a0\u2013 Images et d\u00e9finition spectrale optimales, facteur de remplissage 100% pour une efficacit\u00e9 de collecte du signal maximale.<\/p>\n<p><b>D\u00e9clenchement optique r\u00e9el &lt; 2 ns<\/b>\u00a0\u2013 R\u00e9solution temporelle d&#039;un milliardi\u00e8me de seconde pour une \u00e9tude pr\u00e9cise des ph\u00e9nom\u00e8nes transitoires.<\/p>\n<p><b>Plateforme de lecture 5 MHz<\/b>\u00a0\u2013 Fr\u00e9quences d&#039;acquisition et de balayage spectral \u00e9lev\u00e9es pour une caract\u00e9risation sup\u00e9rieure des ph\u00e9nom\u00e8nes dynamiques. Amplificateur de lecture unique pour une uniformit\u00e9 optimale de la num\u00e9risation d&#039;image.<\/p>\n<p><b>Options de lecture ultra-rapide\u00a0: mode Recadrage et mode Cin\u00e9tique rapide<\/b>\u00a0\u2013 S\u00e9quences de regroupement enti\u00e8rement personnalisables pour des d\u00e9bits spectraux et d&#039;images optimaux. D\u00e9bits continus sup\u00e9rieurs \u00e0 6\u00a0667 spectres\/s, jusqu&#039;\u00e0 55\u00a0250 spectres\/s en mode rafale.<\/p>\n<p><b>Intensificateurs d&#039;image \u00e0 haut QE de 2e et 3e g\u00e9n\u00e9ration<\/b>\u00a0\u2013 Capture de photons sup\u00e9rieure, avec un QE maximal jusqu&#039;\u00e0 50% et une couverture spectrale de 120 \u00e0 1 100 nm.<\/p>\n<p><b>G\u00e9n\u00e9rateur de d\u00e9lai num\u00e9rique int\u00e9gr\u00e9 \u00e0 faible gigue (DDG\u2122)<\/b>\u00a0\u2013 Pr\u00e9cision de synchronisation maximale avec d\u00e9lai de propagation minimal. Trois sorties de d\u00e9clenchement contr\u00f4l\u00e9es par logiciel avec une pr\u00e9cision d&#039;\u00e9tablissement de 10 ps pour l&#039;int\u00e9gration d&#039;exp\u00e9riences complexes.<\/p>\n<p><b>d\u00e9clenchement soutenu de la photocathode \u00e0 500 kHz<\/b>\u00a0\u2013 Optimise le rapport signal\/bruit dans les applications laser \u00e0 haute fr\u00e9quence de r\u00e9p\u00e9tition<\/p>\n<p><b>Refroidissement thermo\u00e9lectrique jusqu&#039;\u00e0 -40 \u00b0C<\/b>\u00a0\u2013 Minimisation efficace du courant d&#039;obscurit\u00e9 du CCD et des d\u00e9fauts des pixels.<\/p>\n<p><b>minimisation de l&#039;EBI de la photocathode<\/b>\u00a0\u2013 Interface de purge de gaz sec pour une r\u00e9duction encore plus efficace de l&#039;EBI.<\/p>\n<p><b>Intelligate\u2122<\/b>\u00a0\u2013 M Gating MCP intelligent et pr\u00e9cis pour une efficacit\u00e9 d&#039;obturation sup\u00e9rieure \u00e0 1:108 dans l&#039;UV.<\/p>","protected":false},"excerpt":{"rendered":"<p>Pixels actifs : 1330 x 512 ou 1850 x 512<br \/>\n\u2013 Taille des pixels\u00a0: 13,5 \u00b5m<\/p>","protected":false},"featured_media":745,"template":"","meta":[],"product_brand":[551],"product_cat":[79],"product_tag":[],"document":[],"class_list":{"0":"post-744","1":"product","2":"type-product","3":"status-publish","4":"has-post-thumbnail","6":"product_brand-andor","7":"product_cat-intensified-and-gated-cameras","9":"first","10":"instock","11":"purchasable","12":"product-type-simple"},"yoast_head":"<!-- This site is optimized with the Yoast SEO plugin v26.8 - https:\/\/yoast.com\/product\/yoast-seo-wordpress\/ -->\n<title>iStar 340T Intensified CCD - SnowHouse<\/title>\n<meta name=\"robots\" content=\"index, follow, max-snippet:-1, max-image-preview:large, max-video-preview:-1\" \/>\n<link rel=\"canonical\" href=\"https:\/\/snowhouse.ca\/fr\/product\/cameras-spectrographs\/intensified-and-gated-cameras\/istar-340t-intensified-ccd\/\" \/>\n<meta property=\"og:locale\" content=\"fr_CA\" \/>\n<meta property=\"og:type\" content=\"article\" \/>\n<meta property=\"og:title\" content=\"iStar 340T Intensified CCD - SnowHouse\" \/>\n<meta property=\"og:description\" content=\"Active Pixels : 1330 x 512 or 1850 x 512 - Pixel Size : 13.5 um\" \/>\n<meta property=\"og:url\" content=\"https:\/\/snowhouse.ca\/fr\/product\/cameras-spectrographs\/intensified-and-gated-cameras\/istar-340t-intensified-ccd\/\" \/>\n<meta property=\"og:site_name\" content=\"SnowHouse\" \/>\n<meta property=\"article:modified_time\" content=\"2025-11-21T17:27:06+00:00\" \/>\n<meta property=\"og:image\" content=\"https:\/\/snowhouse.ca\/wp-content\/uploads\/2025\/07\/29683.png\" \/>\n\t<meta property=\"og:image:width\" content=\"280\" \/>\n\t<meta property=\"og:image:height\" content=\"240\" \/>\n\t<meta property=\"og:image:type\" content=\"image\/png\" \/>\n<meta name=\"twitter:card\" content=\"summary_large_image\" \/>\n<meta name=\"twitter:label1\" content=\"Estimation du temps de lecture\" \/>\n\t<meta name=\"twitter:data1\" content=\"2 minutes\" \/>\n<script type=\"application\/ld+json\" class=\"yoast-schema-graph\">{\"@context\":\"https:\/\/schema.org\",\"@graph\":[{\"@type\":\"WebPage\",\"@id\":\"https:\/\/snowhouse.ca\/product\/cameras-spectrographs\/intensified-and-gated-cameras\/istar-340t-intensified-ccd\/\",\"url\":\"https:\/\/snowhouse.ca\/product\/cameras-spectrographs\/intensified-and-gated-cameras\/istar-340t-intensified-ccd\/\",\"name\":\"iStar 340T Intensified CCD - SnowHouse\",\"isPartOf\":{\"@id\":\"https:\/\/snowhouse.ca\/#website\"},\"primaryImageOfPage\":{\"@id\":\"https:\/\/snowhouse.ca\/product\/cameras-spectrographs\/intensified-and-gated-cameras\/istar-340t-intensified-ccd\/#primaryimage\"},\"image\":{\"@id\":\"https:\/\/snowhouse.ca\/product\/cameras-spectrographs\/intensified-and-gated-cameras\/istar-340t-intensified-ccd\/#primaryimage\"},\"thumbnailUrl\":\"https:\/\/snowhouse.ca\/wp-content\/uploads\/2025\/07\/29683.png?wsr\",\"datePublished\":\"2025-07-23T01:41:05+00:00\",\"dateModified\":\"2025-11-21T17:27:06+00:00\",\"breadcrumb\":{\"@id\":\"https:\/\/snowhouse.ca\/product\/cameras-spectrographs\/intensified-and-gated-cameras\/istar-340t-intensified-ccd\/#breadcrumb\"},\"inLanguage\":\"fr-CA\",\"potentialAction\":[{\"@type\":\"ReadAction\",\"target\":[\"https:\/\/snowhouse.ca\/product\/cameras-spectrographs\/intensified-and-gated-cameras\/istar-340t-intensified-ccd\/\"]}]},{\"@type\":\"ImageObject\",\"inLanguage\":\"fr-CA\",\"@id\":\"https:\/\/snowhouse.ca\/product\/cameras-spectrographs\/intensified-and-gated-cameras\/istar-340t-intensified-ccd\/#primaryimage\",\"url\":\"https:\/\/snowhouse.ca\/wp-content\/uploads\/2025\/07\/29683.png?wsr\",\"contentUrl\":\"https:\/\/snowhouse.ca\/wp-content\/uploads\/2025\/07\/29683.png?wsr\",\"width\":280,\"height\":240},{\"@type\":\"BreadcrumbList\",\"@id\":\"https:\/\/snowhouse.ca\/product\/cameras-spectrographs\/intensified-and-gated-cameras\/istar-340t-intensified-ccd\/#breadcrumb\",\"itemListElement\":[{\"@type\":\"ListItem\",\"position\":1,\"name\":\"Home\",\"item\":\"https:\/\/snowhouse.ca\/\"},{\"@type\":\"ListItem\",\"position\":2,\"name\":\"Products\",\"item\":\"https:\/\/snowhouse.ca\/products\/\"},{\"@type\":\"ListItem\",\"position\":3,\"name\":\"iStar 340T Intensified CCD\"}]},{\"@type\":\"WebSite\",\"@id\":\"https:\/\/snowhouse.ca\/#website\",\"url\":\"https:\/\/snowhouse.ca\/\",\"name\":\"SnowHouse\",\"description\":\"Trusted Scientific Instruments\",\"publisher\":{\"@id\":\"https:\/\/snowhouse.ca\/#organization\"},\"potentialAction\":[{\"@type\":\"SearchAction\",\"target\":{\"@type\":\"EntryPoint\",\"urlTemplate\":\"https:\/\/snowhouse.ca\/?s={search_term_string}\"},\"query-input\":{\"@type\":\"PropertyValueSpecification\",\"valueRequired\":true,\"valueName\":\"search_term_string\"}}],\"inLanguage\":\"fr-CA\"},{\"@type\":\"Organization\",\"@id\":\"https:\/\/snowhouse.ca\/#organization\",\"name\":\"Snowhouse inc.\",\"alternateName\":\"Snowhouse\",\"url\":\"https:\/\/snowhouse.ca\/\",\"logo\":{\"@type\":\"ImageObject\",\"inLanguage\":\"fr-CA\",\"@id\":\"https:\/\/snowhouse.ca\/#\/schema\/logo\/image\/\",\"url\":\"https:\/\/snowhouse.ca\/wp-content\/uploads\/2025\/07\/SnowHouse-Logo.png\",\"contentUrl\":\"https:\/\/snowhouse.ca\/wp-content\/uploads\/2025\/07\/SnowHouse-Logo.png\",\"width\":508,\"height\":136,\"caption\":\"Snowhouse inc.\"},\"image\":{\"@id\":\"https:\/\/snowhouse.ca\/#\/schema\/logo\/image\/\"}}]}<\/script>\n<!-- \/ Yoast SEO plugin. -->","yoast_head_json":{"title":"iStar 340T Intensified CCD - SnowHouse","robots":{"index":"index","follow":"follow","max-snippet":"max-snippet:-1","max-image-preview":"max-image-preview:large","max-video-preview":"max-video-preview:-1"},"canonical":"https:\/\/snowhouse.ca\/fr\/product\/cameras-spectrographs\/intensified-and-gated-cameras\/istar-340t-intensified-ccd\/","og_locale":"fr_CA","og_type":"article","og_title":"iStar 340T Intensified CCD - SnowHouse","og_description":"Active Pixels : 1330 x 512 or 1850 x 512 - Pixel Size : 13.5 um","og_url":"https:\/\/snowhouse.ca\/fr\/product\/cameras-spectrographs\/intensified-and-gated-cameras\/istar-340t-intensified-ccd\/","og_site_name":"SnowHouse","article_modified_time":"2025-11-21T17:27:06+00:00","og_image":[{"width":280,"height":240,"url":"https:\/\/snowhouse.ca\/wp-content\/uploads\/2025\/07\/29683.png","type":"image\/png"}],"twitter_card":"summary_large_image","twitter_misc":{"Estimation du temps de lecture":"2 minutes"},"schema":{"@context":"https:\/\/schema.org","@graph":[{"@type":"WebPage","@id":"https:\/\/snowhouse.ca\/product\/cameras-spectrographs\/intensified-and-gated-cameras\/istar-340t-intensified-ccd\/","url":"https:\/\/snowhouse.ca\/product\/cameras-spectrographs\/intensified-and-gated-cameras\/istar-340t-intensified-ccd\/","name":"iStar 340T Intensified CCD - SnowHouse","isPartOf":{"@id":"https:\/\/snowhouse.ca\/#website"},"primaryImageOfPage":{"@id":"https:\/\/snowhouse.ca\/product\/cameras-spectrographs\/intensified-and-gated-cameras\/istar-340t-intensified-ccd\/#primaryimage"},"image":{"@id":"https:\/\/snowhouse.ca\/product\/cameras-spectrographs\/intensified-and-gated-cameras\/istar-340t-intensified-ccd\/#primaryimage"},"thumbnailUrl":"https:\/\/snowhouse.ca\/wp-content\/uploads\/2025\/07\/29683.png?wsr","datePublished":"2025-07-23T01:41:05+00:00","dateModified":"2025-11-21T17:27:06+00:00","breadcrumb":{"@id":"https:\/\/snowhouse.ca\/product\/cameras-spectrographs\/intensified-and-gated-cameras\/istar-340t-intensified-ccd\/#breadcrumb"},"inLanguage":"fr-CA","potentialAction":[{"@type":"ReadAction","target":["https:\/\/snowhouse.ca\/product\/cameras-spectrographs\/intensified-and-gated-cameras\/istar-340t-intensified-ccd\/"]}]},{"@type":"ImageObject","inLanguage":"fr-CA","@id":"https:\/\/snowhouse.ca\/product\/cameras-spectrographs\/intensified-and-gated-cameras\/istar-340t-intensified-ccd\/#primaryimage","url":"https:\/\/snowhouse.ca\/wp-content\/uploads\/2025\/07\/29683.png?wsr","contentUrl":"https:\/\/snowhouse.ca\/wp-content\/uploads\/2025\/07\/29683.png?wsr","width":280,"height":240},{"@type":"BreadcrumbList","@id":"https:\/\/snowhouse.ca\/product\/cameras-spectrographs\/intensified-and-gated-cameras\/istar-340t-intensified-ccd\/#breadcrumb","itemListElement":[{"@type":"ListItem","position":1,"name":"Home","item":"https:\/\/snowhouse.ca\/"},{"@type":"ListItem","position":2,"name":"Products","item":"https:\/\/snowhouse.ca\/products\/"},{"@type":"ListItem","position":3,"name":"iStar 340T Intensified CCD"}]},{"@type":"WebSite","@id":"https:\/\/snowhouse.ca\/#website","url":"https:\/\/snowhouse.ca\/","name":"Maison de neige","description":"Instruments scientifiques de confiance","publisher":{"@id":"https:\/\/snowhouse.ca\/#organization"},"potentialAction":[{"@type":"SearchAction","target":{"@type":"EntryPoint","urlTemplate":"https:\/\/snowhouse.ca\/?s={search_term_string}"},"query-input":{"@type":"PropertyValueSpecification","valueRequired":true,"valueName":"search_term_string"}}],"inLanguage":"fr-CA"},{"@type":"Organization","@id":"https:\/\/snowhouse.ca\/#organization","name":"Snowhouse inc.","alternateName":"Snowhouse","url":"https:\/\/snowhouse.ca\/","logo":{"@type":"ImageObject","inLanguage":"fr-CA","@id":"https:\/\/snowhouse.ca\/#\/schema\/logo\/image\/","url":"https:\/\/snowhouse.ca\/wp-content\/uploads\/2025\/07\/SnowHouse-Logo.png","contentUrl":"https:\/\/snowhouse.ca\/wp-content\/uploads\/2025\/07\/SnowHouse-Logo.png","width":508,"height":136,"caption":"Snowhouse inc."},"image":{"@id":"https:\/\/snowhouse.ca\/#\/schema\/logo\/image\/"}}]}},"_links":{"self":[{"href":"https:\/\/snowhouse.ca\/fr\/wp-json\/wp\/v2\/product\/744","targetHints":{"allow":["GET"]}}],"collection":[{"href":"https:\/\/snowhouse.ca\/fr\/wp-json\/wp\/v2\/product"}],"about":[{"href":"https:\/\/snowhouse.ca\/fr\/wp-json\/wp\/v2\/types\/product"}],"wp:featuredmedia":[{"embeddable":true,"href":"https:\/\/snowhouse.ca\/fr\/wp-json\/wp\/v2\/media\/745"}],"wp:attachment":[{"href":"https:\/\/snowhouse.ca\/fr\/wp-json\/wp\/v2\/media?parent=744"}],"wp:term":[{"taxonomy":"product_brand","embeddable":true,"href":"https:\/\/snowhouse.ca\/fr\/wp-json\/wp\/v2\/product_brand?post=744"},{"taxonomy":"product_cat","embeddable":true,"href":"https:\/\/snowhouse.ca\/fr\/wp-json\/wp\/v2\/product_cat?post=744"},{"taxonomy":"product_tag","embeddable":true,"href":"https:\/\/snowhouse.ca\/fr\/wp-json\/wp\/v2\/product_tag?post=744"},{"taxonomy":"document","embeddable":true,"href":"https:\/\/snowhouse.ca\/fr\/wp-json\/wp\/v2\/document?post=744"}],"curies":[{"name":"wp","href":"https:\/\/api.w.org\/{rel}","templated":true}]}}