{"id":748,"date":"2025-07-23T01:41:05","date_gmt":"2025-07-23T01:41:05","guid":{"rendered":"https:\/\/snowhouse.ca\/produit\/6-mechelle-5000-spectrograph\/"},"modified":"2025-11-14T20:00:20","modified_gmt":"2025-11-14T20:00:20","slug":"6-mechelle-5000-spectrograph","status":"publish","type":"product","link":"https:\/\/snowhouse.ca\/fr\/produit\/cameras-spectrographs\/spectrograph-solutions\/6-mechelle-5000-spectrograph\/","title":{"rendered":"Spectrographe Mechelle 5000"},"content":{"rendered":"<h3><u><strong>Spectrographe Mechelle 5000 <\/strong><\/u><\/h3>\n<p><strong>Le spectrographe \u00e9chelle au meilleur rapport qualit\u00e9-prix jamais con\u00e7u\u00a0! <\/strong><br \/>\nLe nouveau spectrographe \u00e9chelle Mechelle ME5000 de Andor a \u00e9t\u00e9 con\u00e7u pour l&#039;enregistrement simultan\u00e9 d&#039;une large gamme de longueurs d&#039;onde (200-975 nm) en une seule acquisition. Sans composants mobiles, il est disponible en format d\u00e9tecteur\/spectrom\u00e8tre pr\u00e9-align\u00e9. Bas\u00e9 sur le principe du r\u00e9seau d&#039;\u00e9chelle, le spectrographe Mechelle Andor, gr\u00e2ce \u00e0 sa conception optique brevet\u00e9e, offre une diaphonie extr\u00eamement faible et une r\u00e9solution maximale par rapport aux autres spectrographes. Compact et robuste, conception optique brevet\u00e9e, correction automatique de la temp\u00e9rature, purge de N2, d\u00e9tecteur\/spectrom\u00e8tre pr\u00e9-align\u00e9.<\/p>\n<h3><strong>Caract\u00e9ristiques et avantages<\/strong><\/h3>\n<p><b>Conception compacte et robuste sans pi\u00e8ces mobiles<\/b>\u00a0\u2013 Id\u00e9al pour les applications hors laboratoire<\/p>\n<p><b>Conception optique brevet\u00e9e<\/b>\u00a0\u2013 Garantit une r\u00e9solution maximale et une diaphonie extr\u00eamement faible<\/p>\n<p><b>Correction automatique de la temp\u00e9rature<\/b>\u00a0\u2013 Corrige la variation de l&#039;indice de r\u00e9fraction optique des prismes en fonction de la temp\u00e9rature<\/p>\n<p><b>N2 purg\u00e9<\/b>\u00a0\u2013 Permet un d\u00e9bit maximal dans la r\u00e9gion UV<\/p>\n<p><b>Solution d\u00e9tecteur\/spectrographe pr\u00e9-align\u00e9e<\/b>\u00a0\u2013 Permet une mise en place exp\u00e9rimentale rapide et efficace<\/p>\n<p><b>Faible nombre f<\/b>\u00a0\u2013 Collecte de lumi\u00e8re tr\u00e8s efficace<\/p>\n<p><b>Large gamme d&#039;accessoires disponibles<\/b>\u00a0\u2013 Y compris les fibres optiques, les fentes, le laser de vis\u00e9e, le collecteur\/collimateur et les lampes d&#039;\u00e9talonnage<\/p>\n<p><b>Logiciel Solis Andor<\/b>\u00a0\u2013 Extrait automatiquement un spectre calibr\u00e9 \u00e0 longueur d&#039;onde compl\u00e8te \u00e0 partir d&#039;une image \u00e9chelle complexe et offre des fonctionnalit\u00e9s avanc\u00e9es de manipulation de donn\u00e9es.<\/p>\n<p><b>\u00c9tiquetage des pics avec le tableau NIST<\/b>\u00a0\u2013 Marquage facile des esp\u00e8ces atomiques connues par simple pression d&#039;un bouton<\/p>","protected":false},"excerpt":{"rendered":"<p>Large gamme de longueurs d&#039;onde (200-975 nm) simultan\u00e9ment<\/p>","protected":false},"featured_media":2323,"template":"","meta":[],"product_brand":[551],"product_cat":[55],"product_tag":[],"document":[],"class_list":{"0":"post-748","1":"product","2":"type-product","3":"status-publish","4":"has-post-thumbnail","6":"product_brand-andor","7":"product_cat-spectrograph-solutions","9":"first","10":"instock","11":"purchasable","12":"product-type-simple"},"yoast_head":"<!-- This site is optimized with the Yoast SEO plugin v26.8 - https:\/\/yoast.com\/product\/yoast-seo-wordpress\/ -->\n<title>Mechelle 5000 Spectrograph - SnowHouse<\/title>\n<meta name=\"robots\" content=\"index, follow, max-snippet:-1, max-image-preview:large, max-video-preview:-1\" \/>\n<link rel=\"canonical\" href=\"https:\/\/snowhouse.ca\/fr\/produit\/cameras-spectrographs\/spectrograph-solutions\/6-mechelle-5000-spectrograph\/\" \/>\n<meta property=\"og:locale\" content=\"fr_CA\" \/>\n<meta property=\"og:type\" content=\"article\" \/>\n<meta property=\"og:title\" content=\"Mechelle 5000 Spectrograph - SnowHouse\" \/>\n<meta property=\"og:description\" content=\"Wide wavelength range (200-975 nm) sinultaneously\" \/>\n<meta property=\"og:url\" content=\"https:\/\/snowhouse.ca\/fr\/produit\/cameras-spectrographs\/spectrograph-solutions\/6-mechelle-5000-spectrograph\/\" \/>\n<meta property=\"og:site_name\" content=\"SnowHouse\" \/>\n<meta property=\"article:modified_time\" content=\"2025-11-14T20:00:20+00:00\" \/>\n<meta property=\"og:image\" content=\"https:\/\/snowhouse.ca\/wp-content\/uploads\/2025\/07\/Mechelle-5000.png\" \/>\n\t<meta property=\"og:image:width\" content=\"1147\" \/>\n\t<meta property=\"og:image:height\" content=\"1083\" \/>\n\t<meta property=\"og:image:type\" content=\"image\/png\" \/>\n<meta name=\"twitter:card\" content=\"summary_large_image\" \/>\n<meta name=\"twitter:label1\" content=\"Estimation du temps de lecture\" \/>\n\t<meta name=\"twitter:data1\" content=\"2 minutes\" \/>\n<script type=\"application\/ld+json\" class=\"yoast-schema-graph\">{\"@context\":\"https:\/\/schema.org\",\"@graph\":[{\"@type\":\"WebPage\",\"@id\":\"https:\/\/snowhouse.ca\/fr\/produit\/cameras-spectrographs\/spectrograph-solutions\/6-mechelle-5000-spectrograph\/\",\"url\":\"https:\/\/snowhouse.ca\/fr\/produit\/cameras-spectrographs\/spectrograph-solutions\/6-mechelle-5000-spectrograph\/\",\"name\":\"Mechelle 5000 Spectrograph - SnowHouse\",\"isPartOf\":{\"@id\":\"https:\/\/snowhouse.ca\/#website\"},\"primaryImageOfPage\":{\"@id\":\"https:\/\/snowhouse.ca\/fr\/produit\/cameras-spectrographs\/spectrograph-solutions\/6-mechelle-5000-spectrograph\/#primaryimage\"},\"image\":{\"@id\":\"https:\/\/snowhouse.ca\/fr\/produit\/cameras-spectrographs\/spectrograph-solutions\/6-mechelle-5000-spectrograph\/#primaryimage\"},\"thumbnailUrl\":\"https:\/\/snowhouse.ca\/wp-content\/uploads\/2025\/07\/Mechelle-5000.png?wsr\",\"datePublished\":\"2025-07-23T01:41:05+00:00\",\"dateModified\":\"2025-11-14T20:00:20+00:00\",\"breadcrumb\":{\"@id\":\"https:\/\/snowhouse.ca\/fr\/produit\/cameras-spectrographs\/spectrograph-solutions\/6-mechelle-5000-spectrograph\/#breadcrumb\"},\"inLanguage\":\"fr-CA\",\"potentialAction\":[{\"@type\":\"ReadAction\",\"target\":[\"https:\/\/snowhouse.ca\/fr\/produit\/cameras-spectrographs\/spectrograph-solutions\/6-mechelle-5000-spectrograph\/\"]}]},{\"@type\":\"ImageObject\",\"inLanguage\":\"fr-CA\",\"@id\":\"https:\/\/snowhouse.ca\/fr\/produit\/cameras-spectrographs\/spectrograph-solutions\/6-mechelle-5000-spectrograph\/#primaryimage\",\"url\":\"https:\/\/snowhouse.ca\/wp-content\/uploads\/2025\/07\/Mechelle-5000.png?wsr\",\"contentUrl\":\"https:\/\/snowhouse.ca\/wp-content\/uploads\/2025\/07\/Mechelle-5000.png?wsr\",\"width\":1147,\"height\":1083},{\"@type\":\"BreadcrumbList\",\"@id\":\"https:\/\/snowhouse.ca\/fr\/produit\/cameras-spectrographs\/spectrograph-solutions\/6-mechelle-5000-spectrograph\/#breadcrumb\",\"itemListElement\":[{\"@type\":\"ListItem\",\"position\":1,\"name\":\"Home\",\"item\":\"https:\/\/snowhouse.ca\/\"},{\"@type\":\"ListItem\",\"position\":2,\"name\":\"Products\",\"item\":\"https:\/\/snowhouse.ca\/products\/\"},{\"@type\":\"ListItem\",\"position\":3,\"name\":\"Mechelle 5000 Spectrograph\"}]},{\"@type\":\"WebSite\",\"@id\":\"https:\/\/snowhouse.ca\/#website\",\"url\":\"https:\/\/snowhouse.ca\/\",\"name\":\"SnowHouse\",\"description\":\"Trusted Scientific Instruments\",\"publisher\":{\"@id\":\"https:\/\/snowhouse.ca\/#organization\"},\"potentialAction\":[{\"@type\":\"SearchAction\",\"target\":{\"@type\":\"EntryPoint\",\"urlTemplate\":\"https:\/\/snowhouse.ca\/?s={search_term_string}\"},\"query-input\":{\"@type\":\"PropertyValueSpecification\",\"valueRequired\":true,\"valueName\":\"search_term_string\"}}],\"inLanguage\":\"fr-CA\"},{\"@type\":\"Organization\",\"@id\":\"https:\/\/snowhouse.ca\/#organization\",\"name\":\"Snowhouse inc.\",\"alternateName\":\"Snowhouse\",\"url\":\"https:\/\/snowhouse.ca\/\",\"logo\":{\"@type\":\"ImageObject\",\"inLanguage\":\"fr-CA\",\"@id\":\"https:\/\/snowhouse.ca\/#\/schema\/logo\/image\/\",\"url\":\"https:\/\/snowhouse.ca\/wp-content\/uploads\/2025\/07\/SnowHouse-Logo.png\",\"contentUrl\":\"https:\/\/snowhouse.ca\/wp-content\/uploads\/2025\/07\/SnowHouse-Logo.png\",\"width\":508,\"height\":136,\"caption\":\"Snowhouse inc.\"},\"image\":{\"@id\":\"https:\/\/snowhouse.ca\/#\/schema\/logo\/image\/\"}}]}<\/script>\n<!-- \/ Yoast SEO plugin. -->","yoast_head_json":{"title":"Mechelle 5000 Spectrograph - SnowHouse","robots":{"index":"index","follow":"follow","max-snippet":"max-snippet:-1","max-image-preview":"max-image-preview:large","max-video-preview":"max-video-preview:-1"},"canonical":"https:\/\/snowhouse.ca\/fr\/produit\/cameras-spectrographs\/spectrograph-solutions\/6-mechelle-5000-spectrograph\/","og_locale":"fr_CA","og_type":"article","og_title":"Mechelle 5000 Spectrograph - SnowHouse","og_description":"Wide wavelength range (200-975 nm) sinultaneously","og_url":"https:\/\/snowhouse.ca\/fr\/produit\/cameras-spectrographs\/spectrograph-solutions\/6-mechelle-5000-spectrograph\/","og_site_name":"SnowHouse","article_modified_time":"2025-11-14T20:00:20+00:00","og_image":[{"width":1147,"height":1083,"url":"https:\/\/snowhouse.ca\/wp-content\/uploads\/2025\/07\/Mechelle-5000.png","type":"image\/png"}],"twitter_card":"summary_large_image","twitter_misc":{"Estimation du temps de lecture":"2 minutes"},"schema":{"@context":"https:\/\/schema.org","@graph":[{"@type":"WebPage","@id":"https:\/\/snowhouse.ca\/fr\/produit\/cameras-spectrographs\/spectrograph-solutions\/6-mechelle-5000-spectrograph\/","url":"https:\/\/snowhouse.ca\/fr\/produit\/cameras-spectrographs\/spectrograph-solutions\/6-mechelle-5000-spectrograph\/","name":"Mechelle 5000 Spectrograph - SnowHouse","isPartOf":{"@id":"https:\/\/snowhouse.ca\/#website"},"primaryImageOfPage":{"@id":"https:\/\/snowhouse.ca\/fr\/produit\/cameras-spectrographs\/spectrograph-solutions\/6-mechelle-5000-spectrograph\/#primaryimage"},"image":{"@id":"https:\/\/snowhouse.ca\/fr\/produit\/cameras-spectrographs\/spectrograph-solutions\/6-mechelle-5000-spectrograph\/#primaryimage"},"thumbnailUrl":"https:\/\/snowhouse.ca\/wp-content\/uploads\/2025\/07\/Mechelle-5000.png?wsr","datePublished":"2025-07-23T01:41:05+00:00","dateModified":"2025-11-14T20:00:20+00:00","breadcrumb":{"@id":"https:\/\/snowhouse.ca\/fr\/produit\/cameras-spectrographs\/spectrograph-solutions\/6-mechelle-5000-spectrograph\/#breadcrumb"},"inLanguage":"fr-CA","potentialAction":[{"@type":"ReadAction","target":["https:\/\/snowhouse.ca\/fr\/produit\/cameras-spectrographs\/spectrograph-solutions\/6-mechelle-5000-spectrograph\/"]}]},{"@type":"ImageObject","inLanguage":"fr-CA","@id":"https:\/\/snowhouse.ca\/fr\/produit\/cameras-spectrographs\/spectrograph-solutions\/6-mechelle-5000-spectrograph\/#primaryimage","url":"https:\/\/snowhouse.ca\/wp-content\/uploads\/2025\/07\/Mechelle-5000.png?wsr","contentUrl":"https:\/\/snowhouse.ca\/wp-content\/uploads\/2025\/07\/Mechelle-5000.png?wsr","width":1147,"height":1083},{"@type":"BreadcrumbList","@id":"https:\/\/snowhouse.ca\/fr\/produit\/cameras-spectrographs\/spectrograph-solutions\/6-mechelle-5000-spectrograph\/#breadcrumb","itemListElement":[{"@type":"ListItem","position":1,"name":"Home","item":"https:\/\/snowhouse.ca\/"},{"@type":"ListItem","position":2,"name":"Products","item":"https:\/\/snowhouse.ca\/products\/"},{"@type":"ListItem","position":3,"name":"Mechelle 5000 Spectrograph"}]},{"@type":"WebSite","@id":"https:\/\/snowhouse.ca\/#website","url":"https:\/\/snowhouse.ca\/","name":"Maison de neige","description":"Instruments scientifiques de confiance","publisher":{"@id":"https:\/\/snowhouse.ca\/#organization"},"potentialAction":[{"@type":"SearchAction","target":{"@type":"EntryPoint","urlTemplate":"https:\/\/snowhouse.ca\/?s={search_term_string}"},"query-input":{"@type":"PropertyValueSpecification","valueRequired":true,"valueName":"search_term_string"}}],"inLanguage":"fr-CA"},{"@type":"Organization","@id":"https:\/\/snowhouse.ca\/#organization","name":"Snowhouse inc.","alternateName":"Snowhouse","url":"https:\/\/snowhouse.ca\/","logo":{"@type":"ImageObject","inLanguage":"fr-CA","@id":"https:\/\/snowhouse.ca\/#\/schema\/logo\/image\/","url":"https:\/\/snowhouse.ca\/wp-content\/uploads\/2025\/07\/SnowHouse-Logo.png","contentUrl":"https:\/\/snowhouse.ca\/wp-content\/uploads\/2025\/07\/SnowHouse-Logo.png","width":508,"height":136,"caption":"Snowhouse inc."},"image":{"@id":"https:\/\/snowhouse.ca\/#\/schema\/logo\/image\/"}}]}},"_links":{"self":[{"href":"https:\/\/snowhouse.ca\/fr\/wp-json\/wp\/v2\/product\/748","targetHints":{"allow":["GET"]}}],"collection":[{"href":"https:\/\/snowhouse.ca\/fr\/wp-json\/wp\/v2\/product"}],"about":[{"href":"https:\/\/snowhouse.ca\/fr\/wp-json\/wp\/v2\/types\/product"}],"wp:featuredmedia":[{"embeddable":true,"href":"https:\/\/snowhouse.ca\/fr\/wp-json\/wp\/v2\/media\/2323"}],"wp:attachment":[{"href":"https:\/\/snowhouse.ca\/fr\/wp-json\/wp\/v2\/media?parent=748"}],"wp:term":[{"taxonomy":"product_brand","embeddable":true,"href":"https:\/\/snowhouse.ca\/fr\/wp-json\/wp\/v2\/product_brand?post=748"},{"taxonomy":"product_cat","embeddable":true,"href":"https:\/\/snowhouse.ca\/fr\/wp-json\/wp\/v2\/product_cat?post=748"},{"taxonomy":"product_tag","embeddable":true,"href":"https:\/\/snowhouse.ca\/fr\/wp-json\/wp\/v2\/product_tag?post=748"},{"taxonomy":"document","embeddable":true,"href":"https:\/\/snowhouse.ca\/fr\/wp-json\/wp\/v2\/document?post=748"}],"curies":[{"name":"wp","href":"https:\/\/api.w.org\/{rel}","templated":true}]}}